{"id":90794,"date":"2019-10-14T10:38:58","date_gmt":"2019-10-14T10:38:58","guid":{"rendered":"https:\/\/www.3p-gmbh.de\/produkt\/busch-al-poinconneuse-detiquettes\/"},"modified":"2019-10-14T10:38:58","modified_gmt":"2019-10-14T10:38:58","slug":"poinconneuse-detiquettes-busch-al","status":"publish","type":"product","link":"https:\/\/www.3p-gmbh.de\/fr\/produkt\/poinconneuse-detiquettes-busch-al\/","title":{"rendered":"Busch AL Poin\u00e7onneuse d&rsquo;\u00e9tiquettes"},"content":{"rendered":"<p><strong>Busch AL Poin\u00e7onneuse d&rsquo;\u00e9tiquettes<br \/>\nBj. 1983<\/strong><\/p>\n<ul>\n<li>avec cellule photo\u00e9lectrique<\/li>\n<li>cinq pinces r\u00e9glables<\/li>\n<li>max. format 180 x 180 mm<\/li>\n<li>min. Format 17 x 17 mm<\/li>\n<li>max. hauteur d&#8217;empilage 200 mm<\/li>\n<li>env. 15 cycles par min.<\/li>\n<\/ul>\n","protected":false},"excerpt":{"rendered":"<p>Busch AL Poin\u00e7onneuse d&rsquo;\u00e9tiquettes Bj. 1983 avec cellule photo\u00e9lectrique cinq pinces r\u00e9glables max. format 180 x 180 mm min. Format 17 x 17 mm max. hauteur d&#8217;empilage 200 mm env. 15 cycles par min.<\/p>\n","protected":false},"featured_media":57259,"template":"","meta":[],"product_brand":[],"product_cat":[2904],"product_tag":[],"class_list":{"0":"post-90794","1":"product","2":"type-product","3":"status-publish","4":"has-post-thumbnail","6":"product_cat-poinconnage","7":"pa_bezeichnung_typ-al","8":"pa_hersteller-buschgraph-gerhard-busch","10":"first","11":"instock","12":"taxable","13":"shipping-taxable","14":"purchasable","15":"product-type-simple"},"jetpack_sharing_enabled":true,"_links":{"self":[{"href":"https:\/\/www.3p-gmbh.de\/fr\/wp-json\/wp\/v2\/product\/90794","targetHints":{"allow":["GET"]}}],"collection":[{"href":"https:\/\/www.3p-gmbh.de\/fr\/wp-json\/wp\/v2\/product"}],"about":[{"href":"https:\/\/www.3p-gmbh.de\/fr\/wp-json\/wp\/v2\/types\/product"}],"wp:featuredmedia":[{"embeddable":true,"href":"https:\/\/www.3p-gmbh.de\/fr\/wp-json\/wp\/v2\/media\/57259"}],"wp:attachment":[{"href":"https:\/\/www.3p-gmbh.de\/fr\/wp-json\/wp\/v2\/media?parent=90794"}],"wp:term":[{"taxonomy":"product_brand","embeddable":true,"href":"https:\/\/www.3p-gmbh.de\/fr\/wp-json\/wp\/v2\/product_brand?post=90794"},{"taxonomy":"product_cat","embeddable":true,"href":"https:\/\/www.3p-gmbh.de\/fr\/wp-json\/wp\/v2\/product_cat?post=90794"},{"taxonomy":"product_tag","embeddable":true,"href":"https:\/\/www.3p-gmbh.de\/fr\/wp-json\/wp\/v2\/product_tag?post=90794"}],"curies":[{"name":"wp","href":"https:\/\/api.w.org\/{rel}","templated":true}]}}