{"id":90792,"date":"2019-10-11T10:09:31","date_gmt":"2019-10-11T10:09:31","guid":{"rendered":"https:\/\/www.3p-gmbh.de\/produkt\/renz-dtp-340-poinconneuse-electrique-wire-o\/"},"modified":"2019-10-11T10:09:31","modified_gmt":"2019-10-11T10:09:31","slug":"renz-dtp-340-poinconneuse-electrique-a-fil","status":"publish","type":"product","link":"https:\/\/www.3p-gmbh.de\/fr\/produkt\/renz-dtp-340-poinconneuse-electrique-a-fil\/","title":{"rendered":"Renz DTP 340 poin\u00e7onneuse \u00e9lectrique Wire-O"},"content":{"rendered":"<ul>\n<li>pour les d\u00e9coupes de calendriers avec un outil de d\u00e9coupe pas 3:1, trou rond 4 mm<\/li>\n<li>Syst\u00e8me de perforation performant pour la d\u00e9coupe et la perforation de papier jusqu&rsquo;\u00e0 une largeur de travail de 340 mm<\/li>\n<li>Avec p\u00e9dale de commande et syst\u00e8me de papier vertical<\/li>\n<li>capacit\u00e9 de perforation jusqu&rsquo;\u00e0 35 feuilles (selon l&rsquo;outil)<\/li>\n<li>Utilisation universelle gr\u00e2ce \u00e0 des outils rapidement interchangeables<\/li>\n<li>Largeur de travail : 340 mm (jusqu&rsquo;\u00e0 680 mm en raison de l&rsquo;ouverture lat\u00e9rale de la goulotte de poin\u00e7onnage, pour deux passages de poin\u00e7onnage)<\/li>\n<li>\u00c9paisseur de poin\u00e7onnage : max. 3,5 mm<\/li>\n<li>outils interchangeables<\/li>\n<li>changement de format rapide gr\u00e2ce au poin\u00e7on d\u00e9sactivable<\/li>\n<li>distance du bord r\u00e9glable<\/li>\n<\/ul>\n","protected":false},"excerpt":{"rendered":"<p>pour les d\u00e9coupes de calendriers avec un outil de d\u00e9coupe pas 3:1, trou rond 4 mm Syst\u00e8me de perforation performant pour la d\u00e9coupe et la perforation de papier jusqu&rsquo;\u00e0 une largeur de travail de 340 mm Avec p\u00e9dale de commande et syst\u00e8me de papier vertical capacit\u00e9 de perforation jusqu&rsquo;\u00e0 35 feuilles (selon l&rsquo;outil) Utilisation universelle [&hellip;]<\/p>\n","protected":false},"featured_media":57246,"template":"","meta":[],"product_brand":[],"product_cat":[2904],"product_tag":[],"class_list":{"0":"post-90792","1":"product","2":"type-product","3":"status-publish","4":"has-post-thumbnail","6":"product_cat-poinconnage","7":"pa_bezeichnung_typ-dtp-340","8":"pa_hersteller-chr-renz-heubach","10":"first","11":"instock","12":"taxable","13":"shipping-taxable","14":"purchasable","15":"product-type-simple"},"jetpack_sharing_enabled":true,"_links":{"self":[{"href":"https:\/\/www.3p-gmbh.de\/fr\/wp-json\/wp\/v2\/product\/90792","targetHints":{"allow":["GET"]}}],"collection":[{"href":"https:\/\/www.3p-gmbh.de\/fr\/wp-json\/wp\/v2\/product"}],"about":[{"href":"https:\/\/www.3p-gmbh.de\/fr\/wp-json\/wp\/v2\/types\/product"}],"wp:featuredmedia":[{"embeddable":true,"href":"https:\/\/www.3p-gmbh.de\/fr\/wp-json\/wp\/v2\/media\/57246"}],"wp:attachment":[{"href":"https:\/\/www.3p-gmbh.de\/fr\/wp-json\/wp\/v2\/media?parent=90792"}],"wp:term":[{"taxonomy":"product_brand","embeddable":true,"href":"https:\/\/www.3p-gmbh.de\/fr\/wp-json\/wp\/v2\/product_brand?post=90792"},{"taxonomy":"product_cat","embeddable":true,"href":"https:\/\/www.3p-gmbh.de\/fr\/wp-json\/wp\/v2\/product_cat?post=90792"},{"taxonomy":"product_tag","embeddable":true,"href":"https:\/\/www.3p-gmbh.de\/fr\/wp-json\/wp\/v2\/product_tag?post=90792"}],"curies":[{"name":"wp","href":"https:\/\/api.w.org\/{rel}","templated":true}]}}