{"id":90778,"date":"2019-10-15T13:47:34","date_gmt":"2019-10-15T13:47:34","guid":{"rendered":"https:\/\/www.3p-gmbh.de\/produkt\/vibrateurs-verticaux-a-arc-muero-st\/"},"modified":"2019-10-15T13:47:34","modified_gmt":"2019-10-15T13:47:34","slug":"muero-st-bogen-standruettler","status":"publish","type":"product","link":"https:\/\/www.3p-gmbh.de\/fr\/produkt\/muero-st-bogen-standruettler\/","title":{"rendered":"Vibrateurs verticaux \u00e0 arc M\u00fcro ST"},"content":{"rendered":"<ul>\n<li>mobile<\/li>\n<li>avec interrupteur \u00e0 p\u00e9dale pour MARCHE\/ARR\u00caT et inclinaison r\u00e9glable<\/li>\n<li>pour d\u00e9poser et lisser les liasses de formulaires et de brochures, ainsi que les feuilles imprim\u00e9es<\/li>\n<li>force de secouage r\u00e9glable au moyen d&rsquo;un \u00e9crou \u00e0 balourd ajustable sur l&rsquo;axe du moteur<\/li>\n<li>vitesse r\u00e9glable du moteur, tournant vers la gauche ou la droite pour un r\u00e9glage fin de la force de secouage<\/li>\n<li>Cassette de secouage inclinable jusqu&rsquo;\u00e0 45 \u00b0.<\/li>\n<li>Format utile : 46&#215;68<\/li>\n<li>Hauteur de la cassette : 10 cm<\/li>\n<li>Dimensions ext\u00e9rieures : 45 x 45 cm<\/li>\n<li>Hauteur : 75 &#8211; 95 cm, variable<\/li>\n<li>Raccordement : 230 V CA avec interrupteur \u00e0 p\u00e9dale pour MARCHE\/ARR\u00caT<\/li>\n<\/ul>\n","protected":false},"excerpt":{"rendered":"<p>mobile avec interrupteur \u00e0 p\u00e9dale pour MARCHE\/ARR\u00caT et inclinaison r\u00e9glable pour d\u00e9poser et lisser les liasses de formulaires et de brochures, ainsi que les feuilles imprim\u00e9es force de secouage r\u00e9glable au moyen d&rsquo;un \u00e9crou \u00e0 balourd ajustable sur l&rsquo;axe du moteur vitesse r\u00e9glable du moteur, tournant vers la gauche ou la droite pour un r\u00e9glage [&hellip;]<\/p>\n","protected":false},"featured_media":57315,"template":"","meta":[],"product_brand":[],"product_cat":[3068],"product_tag":[],"class_list":{"0":"post-90778","1":"product","2":"type-product","3":"status-publish","4":"has-post-thumbnail","6":"product_cat-tables-vibrantes","7":"pa_hersteller-muero","8":"pa_typ-st-46x68","10":"first","11":"instock","12":"taxable","13":"shipping-taxable","14":"purchasable","15":"product-type-simple"},"jetpack_sharing_enabled":true,"_links":{"self":[{"href":"https:\/\/www.3p-gmbh.de\/fr\/wp-json\/wp\/v2\/product\/90778","targetHints":{"allow":["GET"]}}],"collection":[{"href":"https:\/\/www.3p-gmbh.de\/fr\/wp-json\/wp\/v2\/product"}],"about":[{"href":"https:\/\/www.3p-gmbh.de\/fr\/wp-json\/wp\/v2\/types\/product"}],"wp:featuredmedia":[{"embeddable":true,"href":"https:\/\/www.3p-gmbh.de\/fr\/wp-json\/wp\/v2\/media\/57315"}],"wp:attachment":[{"href":"https:\/\/www.3p-gmbh.de\/fr\/wp-json\/wp\/v2\/media?parent=90778"}],"wp:term":[{"taxonomy":"product_brand","embeddable":true,"href":"https:\/\/www.3p-gmbh.de\/fr\/wp-json\/wp\/v2\/product_brand?post=90778"},{"taxonomy":"product_cat","embeddable":true,"href":"https:\/\/www.3p-gmbh.de\/fr\/wp-json\/wp\/v2\/product_cat?post=90778"},{"taxonomy":"product_tag","embeddable":true,"href":"https:\/\/www.3p-gmbh.de\/fr\/wp-json\/wp\/v2\/product_tag?post=90778"}],"curies":[{"name":"wp","href":"https:\/\/api.w.org\/{rel}","templated":true}]}}