{"id":90775,"date":"2019-10-15T13:35:41","date_gmt":"2019-10-15T13:35:41","guid":{"rendered":"https:\/\/www.3p-gmbh.de\/produkt\/banderoleuse-ats-tanner-us-2000-a-ultra-sonic\/"},"modified":"2019-10-15T13:35:41","modified_gmt":"2019-10-15T13:35:41","slug":"ats-tanner-us-2000-a-ultra-sonic-banderoleuse","status":"publish","type":"product","link":"https:\/\/www.3p-gmbh.de\/fr\/produkt\/ats-tanner-us-2000-a-ultra-sonic-banderoleuse\/","title":{"rendered":"Banderoleuse ATS Tanner US-2000 A Ultra-Sonic"},"content":{"rendered":"<p>L&rsquo;arc de guidage de la bande avec une t\u00f4le design et du plastique rendent l&rsquo;US-2000 AB robuste et rapide.<br \/>\nLe banderolage en douceur est garanti par la tension de la bande r\u00e9glable en continu.<\/p>\n<ul>\n<li>pas de passage du papier au ruban de film<\/li>\n<li>pas de temps de chauffe, imm\u00e9diatement pr\u00eat \u00e0 l&#8217;emploi<\/li>\n<li>sans formation d&rsquo;odeurs<\/li>\n<li>Commande par ordinateur et affichage LED d\u00e9taill\u00e9<\/li>\n<li>D\u00e9rouleur pour rouleaux Jumbo<\/li>\n<li>Moins d&rsquo;entretien : plus de d\u00e9p\u00f4ts dus \u00e0 la cuisson du film ni de remplacement des \u00e9l\u00e9ments chauffants<\/li>\n<li>Utilisation ergonomique (travail en position assise possible)<\/li>\n<li>Surveillance des gangs<\/li>\n<li>Super d\u00e9tente douce<\/li>\n<li>Rendement jusqu&rsquo;\u00e0 35 banderolages par minute<\/li>\n<li>Largeur de bande 30<\/li>\n<li>\u00c9lectricit\u00e9 230 V, 50\/60 Hz, 1 PH<\/li>\n<li>Dimensions de l&rsquo;arc (L x H) 360 x 180\/260\/360mm<\/li>\n<\/ul>\n<p>Mat\u00e9riel utilis\u00e9 :<\/p>\n<ul>\n<li>Film de banderolage<\/li>\n<li>Papier de banderolage<\/li>\n<li>Banderoles imprim\u00e9es<\/li>\n<\/ul>\n","protected":false},"excerpt":{"rendered":"<p>L&rsquo;arc de guidage de la bande avec une t\u00f4le design et du plastique rendent l&rsquo;US-2000 AB robuste et rapide. Le banderolage en douceur est garanti par la tension de la bande r\u00e9glable en continu. pas de passage du papier au ruban de film pas de temps de chauffe, imm\u00e9diatement pr\u00eat \u00e0 l&#8217;emploi sans formation d&rsquo;odeurs [&hellip;]<\/p>\n","protected":false},"featured_media":94470,"template":"","meta":[],"product_brand":[],"product_cat":[2855],"product_tag":[],"class_list":{"0":"post-90775","1":"product","2":"type-product","3":"status-publish","4":"has-post-thumbnail","6":"product_cat-banderoleuses","7":"pa_bezeichnung_typ-ats-us-2000-a","8":"pa_hersteller-ats-tanner","10":"first","11":"instock","12":"taxable","13":"shipping-taxable","14":"purchasable","15":"product-type-simple"},"jetpack_sharing_enabled":true,"_links":{"self":[{"href":"https:\/\/www.3p-gmbh.de\/fr\/wp-json\/wp\/v2\/product\/90775","targetHints":{"allow":["GET"]}}],"collection":[{"href":"https:\/\/www.3p-gmbh.de\/fr\/wp-json\/wp\/v2\/product"}],"about":[{"href":"https:\/\/www.3p-gmbh.de\/fr\/wp-json\/wp\/v2\/types\/product"}],"wp:featuredmedia":[{"embeddable":true,"href":"https:\/\/www.3p-gmbh.de\/fr\/wp-json\/wp\/v2\/media\/94470"}],"wp:attachment":[{"href":"https:\/\/www.3p-gmbh.de\/fr\/wp-json\/wp\/v2\/media?parent=90775"}],"wp:term":[{"taxonomy":"product_brand","embeddable":true,"href":"https:\/\/www.3p-gmbh.de\/fr\/wp-json\/wp\/v2\/product_brand?post=90775"},{"taxonomy":"product_cat","embeddable":true,"href":"https:\/\/www.3p-gmbh.de\/fr\/wp-json\/wp\/v2\/product_cat?post=90775"},{"taxonomy":"product_tag","embeddable":true,"href":"https:\/\/www.3p-gmbh.de\/fr\/wp-json\/wp\/v2\/product_tag?post=90775"}],"curies":[{"name":"wp","href":"https:\/\/api.w.org\/{rel}","templated":true}]}}