{"id":90772,"date":"2019-10-16T09:17:36","date_gmt":"2019-10-16T09:17:36","guid":{"rendered":"https:\/\/www.3p-gmbh.de\/produkt\/luescher-multi-dx-220-systeme-uv-flex-ctp\/"},"modified":"2019-10-16T09:17:36","modified_gmt":"2019-10-16T09:17:36","slug":"luescher-multi-dx-220-uv-flex-ctp-system","status":"publish","type":"product","link":"https:\/\/www.3p-gmbh.de\/fr\/produkt\/luescher-multi-dx-220-uv-flex-ctp-system\/","title":{"rendered":"L\u00fcscher Multi DX ! 220 Syst\u00e8me UV-Flex CtP"},"content":{"rendered":"<ul>\n<li>Num\u00e9ro de machine L10-3409<\/li>\n<li>Ann\u00e9e de construction 2011<\/li>\n<li>seulement 709 heures de fonctionnement<\/li>\n<li>r\u00e9solution de 2400 dpi<\/li>\n<li>max. Format du panneau size 800 x 600 mm<\/li>\n<li>Luescher Print-Q pr\u00e9install\u00e9 sur un PC Dell<\/li>\n<li>Navigator Rip version 8 pr\u00e9install\u00e9 sur Dell Pc<\/li>\n<li>Module 1 : 16 diodes laser UV 405 nm pour la s\u00e9rigraphie, les plaques offset UV ou l&rsquo;offset \u00e0 sec Toray<\/li>\n<li>Modules 3-4 : 3 x 8 diodes laser thermiques 830 nm pour les plaques d&rsquo;impression offset thermiques<\/li>\n<\/ul>\n","protected":false},"excerpt":{"rendered":"<p>Num\u00e9ro de machine L10-3409 Ann\u00e9e de construction 2011 seulement 709 heures de fonctionnement r\u00e9solution de 2400 dpi max. Format du panneau size 800 x 600 mm Luescher Print-Q pr\u00e9install\u00e9 sur un PC Dell Navigator Rip version 8 pr\u00e9install\u00e9 sur Dell Pc Module 1 : 16 diodes laser UV 405 nm pour la s\u00e9rigraphie, les plaques [&hellip;]<\/p>\n","protected":false},"featured_media":57317,"template":"","meta":[],"product_brand":[],"product_cat":[2864],"product_tag":[],"class_list":{"0":"post-90772","1":"product","2":"type-product","3":"status-publish","4":"has-post-thumbnail","6":"product_cat-systemes-computer-to-plate","7":"pa_baujahr-145","8":"pa_bezeichnung_typ-multi-dx-220-uv-flex","9":"pa_hersteller-luescher-ag","11":"first","12":"instock","13":"taxable","14":"shipping-taxable","15":"purchasable","16":"product-type-simple"},"jetpack_sharing_enabled":true,"_links":{"self":[{"href":"https:\/\/www.3p-gmbh.de\/fr\/wp-json\/wp\/v2\/product\/90772","targetHints":{"allow":["GET"]}}],"collection":[{"href":"https:\/\/www.3p-gmbh.de\/fr\/wp-json\/wp\/v2\/product"}],"about":[{"href":"https:\/\/www.3p-gmbh.de\/fr\/wp-json\/wp\/v2\/types\/product"}],"wp:featuredmedia":[{"embeddable":true,"href":"https:\/\/www.3p-gmbh.de\/fr\/wp-json\/wp\/v2\/media\/57317"}],"wp:attachment":[{"href":"https:\/\/www.3p-gmbh.de\/fr\/wp-json\/wp\/v2\/media?parent=90772"}],"wp:term":[{"taxonomy":"product_brand","embeddable":true,"href":"https:\/\/www.3p-gmbh.de\/fr\/wp-json\/wp\/v2\/product_brand?post=90772"},{"taxonomy":"product_cat","embeddable":true,"href":"https:\/\/www.3p-gmbh.de\/fr\/wp-json\/wp\/v2\/product_cat?post=90772"},{"taxonomy":"product_tag","embeddable":true,"href":"https:\/\/www.3p-gmbh.de\/fr\/wp-json\/wp\/v2\/product_tag?post=90772"}],"curies":[{"name":"wp","href":"https:\/\/api.w.org\/{rel}","templated":true}]}}