{"id":90771,"date":"2019-10-14T14:51:18","date_gmt":"2019-10-14T14:51:18","guid":{"rendered":"https:\/\/www.3p-gmbh.de\/produkt\/heidelberg-suprasetter-106-uv-gen-v\/"},"modified":"2019-10-14T14:51:18","modified_gmt":"2019-10-14T14:51:18","slug":"heidelberg-suprasetter-106-uv-gen-v","status":"publish","type":"product","link":"https:\/\/www.3p-gmbh.de\/fr\/produkt\/heidelberg-suprasetter-106-uv-gen-v\/","title":{"rendered":"Heidelberg Suprasetter 106 UV Gen V"},"content":{"rendered":"<p>L&rsquo;appareil permet d&rsquo;exposer des plaques d&rsquo;impression offset conventionnelles bon march\u00e9.<\/p>\n<ul>\n<li>jusqu&rsquo;\u00e0 pr\u00e9sent, environ 86 000 plaques d&rsquo;impression expos\u00e9es<\/li>\n<li>MetaShooter<\/li>\n<li>Auto Dual Cassette Loader<\/li>\n<li>D\u00e9bit : 23 plaques\/h \u00e0 la vitesse maximale Format<\/li>\n<li>r\u00e9solution : 2400 dpi, 2540 dpi<\/li>\n<li>poin\u00e7onneuse interne : Bacher Control 780 mm<\/li>\n<li>Machine de d\u00e9veloppement de plaques d&rsquo;impression Glunz &amp; Jensen<\/li>\n<li>Ejecteur de plaques d&rsquo;impression PST 36<\/li>\n<\/ul>\n","protected":false},"excerpt":{"rendered":"<p>L&rsquo;appareil permet d&rsquo;exposer des plaques d&rsquo;impression offset conventionnelles bon march\u00e9. jusqu&rsquo;\u00e0 pr\u00e9sent, environ 86 000 plaques d&rsquo;impression expos\u00e9es MetaShooter Auto Dual Cassette Loader D\u00e9bit : 23 plaques\/h \u00e0 la vitesse maximale Format r\u00e9solution : 2400 dpi, 2540 dpi poin\u00e7onneuse interne : Bacher Control 780 mm Machine de d\u00e9veloppement de plaques d&rsquo;impression Glunz &amp; Jensen Ejecteur [&hellip;]<\/p>\n","protected":false},"featured_media":57295,"template":"","meta":[],"product_brand":[],"product_cat":[2864],"product_tag":[],"class_list":{"0":"post-90771","1":"product","2":"type-product","3":"status-publish","4":"has-post-thumbnail","6":"product_cat-systemes-computer-to-plate","7":"pa_bezeichnung_typ-suprasetter-106-uv","8":"pa_hersteller-heidelberger-druckmaschinen-ag","10":"first","11":"instock","12":"taxable","13":"shipping-taxable","14":"purchasable","15":"product-type-simple"},"jetpack_sharing_enabled":true,"_links":{"self":[{"href":"https:\/\/www.3p-gmbh.de\/fr\/wp-json\/wp\/v2\/product\/90771","targetHints":{"allow":["GET"]}}],"collection":[{"href":"https:\/\/www.3p-gmbh.de\/fr\/wp-json\/wp\/v2\/product"}],"about":[{"href":"https:\/\/www.3p-gmbh.de\/fr\/wp-json\/wp\/v2\/types\/product"}],"wp:featuredmedia":[{"embeddable":true,"href":"https:\/\/www.3p-gmbh.de\/fr\/wp-json\/wp\/v2\/media\/57295"}],"wp:attachment":[{"href":"https:\/\/www.3p-gmbh.de\/fr\/wp-json\/wp\/v2\/media?parent=90771"}],"wp:term":[{"taxonomy":"product_brand","embeddable":true,"href":"https:\/\/www.3p-gmbh.de\/fr\/wp-json\/wp\/v2\/product_brand?post=90771"},{"taxonomy":"product_cat","embeddable":true,"href":"https:\/\/www.3p-gmbh.de\/fr\/wp-json\/wp\/v2\/product_cat?post=90771"},{"taxonomy":"product_tag","embeddable":true,"href":"https:\/\/www.3p-gmbh.de\/fr\/wp-json\/wp\/v2\/product_tag?post=90771"}],"curies":[{"name":"wp","href":"https:\/\/api.w.org\/{rel}","templated":true}]}}