{"id":90765,"date":"2019-10-24T07:45:00","date_gmt":"2019-10-24T07:45:00","guid":{"rendered":"https:\/\/www.3p-gmbh.de\/produkt\/four-de-sechage-zirbus-sublimator-vts-3x5x5\/"},"modified":"2019-10-24T07:45:00","modified_gmt":"2019-10-24T07:45:00","slug":"sublimateur-de-four-a-sec-en-zirconium-vts-3x5x5","status":"publish","type":"product","link":"https:\/\/www.3p-gmbh.de\/fr\/produkt\/sublimateur-de-four-a-sec-en-zirconium-vts-3x5x5\/","title":{"rendered":"Four de s\u00e9chage Zirbus Sublimator VTS 3x5x5"},"content":{"rendered":"<p>de l&rsquo;ann\u00e9e 2009<\/p>\n<p>chambre de s\u00e9chage rectangulaire<br \/>\nLe prix d&rsquo;achat par pi\u00e8ce \u00e9tait de 20 000 euros plus TVA<br \/>\nachet\u00e9 pour d\u00e9shumidifier le papier, c&rsquo;est-\u00e0-dire que les inserts peuvent \u00eatre retir\u00e9s<\/p>\n","protected":false},"excerpt":{"rendered":"<p>de l&rsquo;ann\u00e9e 2009 chambre de s\u00e9chage rectangulaire Le prix d&rsquo;achat par pi\u00e8ce \u00e9tait de 20 000 euros plus TVA achet\u00e9 pour d\u00e9shumidifier le papier, c&rsquo;est-\u00e0-dire que les inserts peuvent \u00eatre retir\u00e9s<\/p>\n","protected":false},"featured_media":57342,"template":"","meta":[],"product_brand":[],"product_cat":[2941],"product_tag":[],"class_list":{"0":"post-90765","1":"product","2":"type-product","3":"status-publish","4":"has-post-thumbnail","6":"product_cat-autres-machines-et-installations","7":"pa_hersteller-zirbus","8":"pa_typ-vts","10":"first","11":"instock","12":"taxable","13":"shipping-taxable","14":"purchasable","15":"product-type-simple"},"jetpack_sharing_enabled":true,"_links":{"self":[{"href":"https:\/\/www.3p-gmbh.de\/fr\/wp-json\/wp\/v2\/product\/90765","targetHints":{"allow":["GET"]}}],"collection":[{"href":"https:\/\/www.3p-gmbh.de\/fr\/wp-json\/wp\/v2\/product"}],"about":[{"href":"https:\/\/www.3p-gmbh.de\/fr\/wp-json\/wp\/v2\/types\/product"}],"wp:featuredmedia":[{"embeddable":true,"href":"https:\/\/www.3p-gmbh.de\/fr\/wp-json\/wp\/v2\/media\/57342"}],"wp:attachment":[{"href":"https:\/\/www.3p-gmbh.de\/fr\/wp-json\/wp\/v2\/media?parent=90765"}],"wp:term":[{"taxonomy":"product_brand","embeddable":true,"href":"https:\/\/www.3p-gmbh.de\/fr\/wp-json\/wp\/v2\/product_brand?post=90765"},{"taxonomy":"product_cat","embeddable":true,"href":"https:\/\/www.3p-gmbh.de\/fr\/wp-json\/wp\/v2\/product_cat?post=90765"},{"taxonomy":"product_tag","embeddable":true,"href":"https:\/\/www.3p-gmbh.de\/fr\/wp-json\/wp\/v2\/product_tag?post=90765"}],"curies":[{"name":"wp","href":"https:\/\/api.w.org\/{rel}","templated":true}]}}