{"id":90750,"date":"2019-10-24T14:23:58","date_gmt":"2019-10-24T14:23:58","guid":{"rendered":"https:\/\/www.3p-gmbh.de\/produkt\/banderoleuse-ats-tanner-us-2000-trs-l\/"},"modified":"2019-10-24T14:23:58","modified_gmt":"2019-10-24T14:23:58","slug":"ats-tanner-us-2000-trs-l-banderoleuse","status":"publish","type":"product","link":"https:\/\/www.3p-gmbh.de\/fr\/produkt\/ats-tanner-us-2000-trs-l-banderoleuse\/","title":{"rendered":"Banderoleuse ATS Tanner US 2000 TRS-L"},"content":{"rendered":"<p>Cette banderoleuse automatique en ligne dispose d&rsquo;un presseur de produit pneumatique et d&rsquo;un centrage central. Le convoyeur extra-long prend en charge les piles de produits (simples ou doubles) de la machine pr\u00e9c\u00e9dente et les transporte jusqu&rsquo;\u00e0 la but\u00e9e de produits. Avant le banderolage, les piles sont press\u00e9es et align\u00e9es sur les quatre c\u00f4t\u00e9s. Les produits sont transport\u00e9s par tapis roulant dans l&rsquo;US-2000 TRS-L, o\u00f9 la pile est centr\u00e9e de tous les c\u00f4t\u00e9s, press\u00e9e et banderol\u00e9e 1 ou 2 fois.<\/p>\n","protected":false},"excerpt":{"rendered":"<p>Cette banderoleuse automatique en ligne dispose d&rsquo;un presseur de produit pneumatique et d&rsquo;un centrage central. Le convoyeur extra-long prend en charge les piles de produits (simples ou doubles) de la machine pr\u00e9c\u00e9dente et les transporte jusqu&rsquo;\u00e0 la but\u00e9e de produits. Avant le banderolage, les piles sont press\u00e9es et align\u00e9es sur les quatre c\u00f4t\u00e9s. Les produits [&hellip;]<\/p>\n","protected":false},"featured_media":57355,"template":"","meta":[],"product_brand":[],"product_cat":[2855],"product_tag":[],"class_list":{"0":"post-90750","1":"product","2":"type-product","3":"status-publish","4":"has-post-thumbnail","6":"product_cat-banderoleuses","7":"pa_bezeichnung_typ-us-2000-trs-l","8":"pa_hersteller-ats-tanner","10":"first","11":"instock","12":"taxable","13":"shipping-taxable","14":"purchasable","15":"product-type-simple"},"jetpack_sharing_enabled":true,"_links":{"self":[{"href":"https:\/\/www.3p-gmbh.de\/fr\/wp-json\/wp\/v2\/product\/90750","targetHints":{"allow":["GET"]}}],"collection":[{"href":"https:\/\/www.3p-gmbh.de\/fr\/wp-json\/wp\/v2\/product"}],"about":[{"href":"https:\/\/www.3p-gmbh.de\/fr\/wp-json\/wp\/v2\/types\/product"}],"wp:featuredmedia":[{"embeddable":true,"href":"https:\/\/www.3p-gmbh.de\/fr\/wp-json\/wp\/v2\/media\/57355"}],"wp:attachment":[{"href":"https:\/\/www.3p-gmbh.de\/fr\/wp-json\/wp\/v2\/media?parent=90750"}],"wp:term":[{"taxonomy":"product_brand","embeddable":true,"href":"https:\/\/www.3p-gmbh.de\/fr\/wp-json\/wp\/v2\/product_brand?post=90750"},{"taxonomy":"product_cat","embeddable":true,"href":"https:\/\/www.3p-gmbh.de\/fr\/wp-json\/wp\/v2\/product_cat?post=90750"},{"taxonomy":"product_tag","embeddable":true,"href":"https:\/\/www.3p-gmbh.de\/fr\/wp-json\/wp\/v2\/product_tag?post=90750"}],"curies":[{"name":"wp","href":"https:\/\/api.w.org\/{rel}","templated":true}]}}