{"id":90749,"date":"2019-10-24T07:38:35","date_gmt":"2019-10-24T07:38:35","guid":{"rendered":"https:\/\/www.3p-gmbh.de\/produkt\/sechoir-sous-vide-zirbus-vta-200\/"},"modified":"2019-10-24T07:38:35","modified_gmt":"2019-10-24T07:38:35","slug":"sechoir-sous-vide-zirbus-vta-200","status":"publish","type":"product","link":"https:\/\/www.3p-gmbh.de\/fr\/produkt\/sechoir-sous-vide-zirbus-vta-200\/","title":{"rendered":"S\u00e9choir sous vide Zirbus VTA 200"},"content":{"rendered":"<p>pour une utilisation en laboratoire et pour la production<\/p>\n<p>Chambre de s\u00e9chage ronde<br \/>\nSyst\u00e8mes \u00e0 deux chambres avec vanne de s\u00e9paration<br \/>\nPorte abattante<br \/>\nMateriali Acier inoxydable 316TI, 316L<br \/>\nCondensateurs \u00e0 solvant<br \/>\nNettoyage automatique CIP<br \/>\nVisualisation des processus<br \/>\nPlateaux de produits<br \/>\nVersion antid\u00e9flagrante<br \/>\nConception conforme aux BPF<br \/>\nDocumentation \/ Qualification<\/p>\n<p>de l&rsquo;ann\u00e9e 2015<br \/>\nLe prix d&rsquo;achat par pi\u00e8ce \u00e9tait de 40 000 euros plus TVA<br \/>\nachet\u00e9 pour d\u00e9shumidifier le papier<br \/>\nc&rsquo;est-\u00e0-dire que les inserts avec le transport des rouleaux peuvent \u00eatre retir\u00e9s<\/p>\n","protected":false},"excerpt":{"rendered":"<p>pour une utilisation en laboratoire et pour la production Chambre de s\u00e9chage ronde Syst\u00e8mes \u00e0 deux chambres avec vanne de s\u00e9paration Porte abattante Materiali Acier inoxydable 316TI, 316L Condensateurs \u00e0 solvant Nettoyage automatique CIP Visualisation des processus Plateaux de produits Version antid\u00e9flagrante Conception conforme aux BPF Documentation \/ Qualification de l&rsquo;ann\u00e9e 2015 Le prix d&rsquo;achat [&hellip;]<\/p>\n","protected":false},"featured_media":57335,"template":"","meta":[],"product_brand":[],"product_cat":[2941],"product_tag":[],"class_list":{"0":"post-90749","1":"product","2":"type-product","3":"status-publish","4":"has-post-thumbnail","6":"product_cat-autres-machines-et-installations","7":"pa_hersteller-zirbus","8":"pa_typ-vta-200","10":"first","11":"instock","12":"taxable","13":"shipping-taxable","14":"purchasable","15":"product-type-simple"},"jetpack_sharing_enabled":true,"_links":{"self":[{"href":"https:\/\/www.3p-gmbh.de\/fr\/wp-json\/wp\/v2\/product\/90749","targetHints":{"allow":["GET"]}}],"collection":[{"href":"https:\/\/www.3p-gmbh.de\/fr\/wp-json\/wp\/v2\/product"}],"about":[{"href":"https:\/\/www.3p-gmbh.de\/fr\/wp-json\/wp\/v2\/types\/product"}],"wp:featuredmedia":[{"embeddable":true,"href":"https:\/\/www.3p-gmbh.de\/fr\/wp-json\/wp\/v2\/media\/57335"}],"wp:attachment":[{"href":"https:\/\/www.3p-gmbh.de\/fr\/wp-json\/wp\/v2\/media?parent=90749"}],"wp:term":[{"taxonomy":"product_brand","embeddable":true,"href":"https:\/\/www.3p-gmbh.de\/fr\/wp-json\/wp\/v2\/product_brand?post=90749"},{"taxonomy":"product_cat","embeddable":true,"href":"https:\/\/www.3p-gmbh.de\/fr\/wp-json\/wp\/v2\/product_cat?post=90749"},{"taxonomy":"product_tag","embeddable":true,"href":"https:\/\/www.3p-gmbh.de\/fr\/wp-json\/wp\/v2\/product_tag?post=90749"}],"curies":[{"name":"wp","href":"https:\/\/api.w.org\/{rel}","templated":true}]}}