{"id":90737,"date":"2019-10-24T14:42:03","date_gmt":"2019-10-24T14:42:03","guid":{"rendered":"https:\/\/www.3p-gmbh.de\/produkt\/combinaison-de-plieuses-guk-pour-le-publipostage\/"},"modified":"2019-10-24T14:42:03","modified_gmt":"2019-10-24T14:42:03","slug":"guk-machines-a-plier-combinaison-pour-mailing","status":"publish","type":"product","link":"https:\/\/www.3p-gmbh.de\/fr\/produkt\/guk-machines-a-plier-combinaison-pour-mailing\/","title":{"rendered":"Combinaison de plieuses GUK pour le publipostage"},"content":{"rendered":"<p>Cette combinaison de plieuses tr\u00e8s flexibles pour les travaux de publipostage \u00e0 faible kilom\u00e9trage se compose de :<\/p>\n<ul>\n<li>1er margeur d&rsquo;air aspir\u00e9 \u00e0 plat GUK OEM B\u00e4uerle type FL 50-2<\/li>\n<li>margeur solo avec commande autonome et t\u00eate de s\u00e9paration \u00e0 commande pneumatique avec s\u00e9parateur de bord arri\u00e8re, d&rsquo;o\u00f9 une s\u00e9paration exacte des feuilles, m\u00eame \u00e0 la puissance maximale<\/li>\n<li>Compteur \u00e0 pr\u00e9s\u00e9lection MCS<\/li>\n<\/ul>\n<p>&nbsp;<\/p>\n<ul>\n<li>1. Plieuse mobile \u00e0 quatre poches GUK FA 50 \/ 4 HT, r\u00e9glable en hauteur en continu par syst\u00e8me hydraulique<\/li>\n<li>avec une longue table d&rsquo;alignement<\/li>\n<li>But\u00e9e de r\u00e8gle comme deuxi\u00e8me unit\u00e9 de pliage<\/li>\n<\/ul>\n<p>&nbsp;<\/p>\n<ul>\n<li>Pr\u00e9sentoir mobile en \u00e9cailles GUK S-520<\/li>\n<\/ul>\n","protected":false},"excerpt":{"rendered":"<p>Cette combinaison de plieuses tr\u00e8s flexibles pour les travaux de publipostage \u00e0 faible kilom\u00e9trage se compose de : 1er margeur d&rsquo;air aspir\u00e9 \u00e0 plat GUK OEM B\u00e4uerle type FL 50-2 margeur solo avec commande autonome et t\u00eate de s\u00e9paration \u00e0 commande pneumatique avec s\u00e9parateur de bord arri\u00e8re, d&rsquo;o\u00f9 une s\u00e9paration exacte des feuilles, m\u00eame \u00e0 [&hellip;]<\/p>\n","protected":false},"featured_media":57360,"template":"","meta":[],"product_brand":[],"product_cat":[2984],"product_tag":[],"class_list":{"0":"post-90737","1":"product","2":"type-product","3":"status-publish","4":"has-post-thumbnail","6":"product_cat-plieuses-fr","7":"pa_bezeichnung_typ-falzmaschinenkombination-fuer-mailingarbeiten","8":"pa_hersteller-guk","10":"first","11":"instock","12":"taxable","13":"shipping-taxable","14":"purchasable","15":"product-type-simple"},"jetpack_sharing_enabled":true,"_links":{"self":[{"href":"https:\/\/www.3p-gmbh.de\/fr\/wp-json\/wp\/v2\/product\/90737","targetHints":{"allow":["GET"]}}],"collection":[{"href":"https:\/\/www.3p-gmbh.de\/fr\/wp-json\/wp\/v2\/product"}],"about":[{"href":"https:\/\/www.3p-gmbh.de\/fr\/wp-json\/wp\/v2\/types\/product"}],"wp:featuredmedia":[{"embeddable":true,"href":"https:\/\/www.3p-gmbh.de\/fr\/wp-json\/wp\/v2\/media\/57360"}],"wp:attachment":[{"href":"https:\/\/www.3p-gmbh.de\/fr\/wp-json\/wp\/v2\/media?parent=90737"}],"wp:term":[{"taxonomy":"product_brand","embeddable":true,"href":"https:\/\/www.3p-gmbh.de\/fr\/wp-json\/wp\/v2\/product_brand?post=90737"},{"taxonomy":"product_cat","embeddable":true,"href":"https:\/\/www.3p-gmbh.de\/fr\/wp-json\/wp\/v2\/product_cat?post=90737"},{"taxonomy":"product_tag","embeddable":true,"href":"https:\/\/www.3p-gmbh.de\/fr\/wp-json\/wp\/v2\/product_tag?post=90737"}],"curies":[{"name":"wp","href":"https:\/\/api.w.org\/{rel}","templated":true}]}}