{"id":90730,"date":"2019-10-24T15:18:37","date_gmt":"2019-10-24T15:18:37","guid":{"rendered":"https:\/\/www.3p-gmbh.de\/produkt\/mueller-martini-printroll-p-derouleur-double\/"},"modified":"2019-10-24T15:18:37","modified_gmt":"2019-10-24T15:18:37","slug":"mueller-martini-printroll-p-double-derouleur","status":"publish","type":"product","link":"https:\/\/www.3p-gmbh.de\/fr\/produkt\/mueller-martini-printroll-p-double-derouleur\/","title":{"rendered":"M\u00fcller Martini PrintRoll P D\u00e9rouleur double"},"content":{"rendered":"<p>Ce double d\u00e9rouleur M\u00fcller Martini pour PrintRoll P Type 0350.0427 de l&rsquo;ann\u00e9e de construction 2001 (sans support de rouleau et modules d&rsquo;entr\u00e9e pour les margeurs) sert au raccordement aux encarteuses-piqueuses M\u00fcller Martini s\u00e9rie Prima, Tempo et Primera, en dernier lieu une Primera A 140 de l&rsquo;ann\u00e9e de construction 2014 a \u00e9t\u00e9 int\u00e9gr\u00e9e \u00e9lectroniquement c\u00f4t\u00e9 logiciel.<\/p>\n","protected":false},"excerpt":{"rendered":"<p>Ce double d\u00e9rouleur M\u00fcller Martini pour PrintRoll P Type 0350.0427 de l&rsquo;ann\u00e9e de construction 2001 (sans support de rouleau et modules d&rsquo;entr\u00e9e pour les margeurs) sert au raccordement aux encarteuses-piqueuses M\u00fcller Martini s\u00e9rie Prima, Tempo et Primera, en dernier lieu une Primera A 140 de l&rsquo;ann\u00e9e de construction 2014 a \u00e9t\u00e9 int\u00e9gr\u00e9e \u00e9lectroniquement c\u00f4t\u00e9 logiciel.<\/p>\n","protected":false},"featured_media":57387,"template":"","meta":[],"product_brand":[],"product_cat":[2907],"product_tag":[],"class_list":{"0":"post-90730","1":"product","2":"type-product","3":"status-publish","4":"has-post-thumbnail","6":"product_cat-encarteuse-piqueuse","7":"pa_bezeichnung_typ-printroll-p","8":"pa_hersteller-mueller-martini","10":"first","11":"instock","12":"taxable","13":"shipping-taxable","14":"purchasable","15":"product-type-simple"},"jetpack_sharing_enabled":true,"_links":{"self":[{"href":"https:\/\/www.3p-gmbh.de\/fr\/wp-json\/wp\/v2\/product\/90730","targetHints":{"allow":["GET"]}}],"collection":[{"href":"https:\/\/www.3p-gmbh.de\/fr\/wp-json\/wp\/v2\/product"}],"about":[{"href":"https:\/\/www.3p-gmbh.de\/fr\/wp-json\/wp\/v2\/types\/product"}],"wp:featuredmedia":[{"embeddable":true,"href":"https:\/\/www.3p-gmbh.de\/fr\/wp-json\/wp\/v2\/media\/57387"}],"wp:attachment":[{"href":"https:\/\/www.3p-gmbh.de\/fr\/wp-json\/wp\/v2\/media?parent=90730"}],"wp:term":[{"taxonomy":"product_brand","embeddable":true,"href":"https:\/\/www.3p-gmbh.de\/fr\/wp-json\/wp\/v2\/product_brand?post=90730"},{"taxonomy":"product_cat","embeddable":true,"href":"https:\/\/www.3p-gmbh.de\/fr\/wp-json\/wp\/v2\/product_cat?post=90730"},{"taxonomy":"product_tag","embeddable":true,"href":"https:\/\/www.3p-gmbh.de\/fr\/wp-json\/wp\/v2\/product_tag?post=90730"}],"curies":[{"name":"wp","href":"https:\/\/api.w.org\/{rel}","templated":true}]}}