{"id":90722,"date":"2019-10-28T14:47:34","date_gmt":"2019-10-28T14:47:34","guid":{"rendered":"https:\/\/www.3p-gmbh.de\/produkt\/elevateur-de-piles-polar-lw-1200-6\/"},"modified":"2019-10-28T14:47:34","modified_gmt":"2019-10-28T14:47:34","slug":"polar-stapellift-lw-1200-6","status":"publish","type":"product","link":"https:\/\/www.3p-gmbh.de\/fr\/produkt\/polar-stapellift-lw-1200-6\/","title":{"rendered":"El\u00e9vateur de piles Polar LW 1200-6"},"content":{"rendered":"<p>Ann\u00e9e de construction 2010 ou 2013<br \/>\nFormat 1050&#215;1480 cm<br \/>\ncapacit\u00e9 de transport jusqu&rsquo;\u00e0 1200 kg<\/p>\n<p>Lors du chargement de massicots, les \u00e9l\u00e9vateurs de piles POLAR LW garantissent une meilleure ergonomie et un travail facile \u00e0 une hauteur de travail agr\u00e9able.<br \/>\nAvantages pour le client :<br \/>\nLa productivit\u00e9 de la machine de d\u00e9coupe augmente jusqu&rsquo;\u00e0 10 %, car la hauteur de travail reste constante lors du chargement\/d\u00e9chargement.<br \/>\nLa courbe de performance de l&rsquo;op\u00e9rateur reste constante.<\/p>\n","protected":false},"excerpt":{"rendered":"<p>Ann\u00e9e de construction 2010 ou 2013 Format 1050&#215;1480 cm capacit\u00e9 de transport jusqu&rsquo;\u00e0 1200 kg Lors du chargement de massicots, les \u00e9l\u00e9vateurs de piles POLAR LW garantissent une meilleure ergonomie et un travail facile \u00e0 une hauteur de travail agr\u00e9able. Avantages pour le client : La productivit\u00e9 de la machine de d\u00e9coupe augmente jusqu&rsquo;\u00e0 10 [&hellip;]<\/p>\n","protected":false},"featured_media":57393,"template":"","meta":[],"product_brand":[],"product_cat":[2977],"product_tag":[],"class_list":{"0":"post-90722","1":"product","2":"type-product","3":"status-publish","4":"has-post-thumbnail","6":"product_cat-elevateurs-de-piles-et-gerbeurs","7":"pa_hersteller-polar-mohr","8":"pa_typ-lw-1200-6","10":"first","11":"instock","12":"taxable","13":"shipping-taxable","14":"purchasable","15":"product-type-simple"},"jetpack_sharing_enabled":true,"_links":{"self":[{"href":"https:\/\/www.3p-gmbh.de\/fr\/wp-json\/wp\/v2\/product\/90722","targetHints":{"allow":["GET"]}}],"collection":[{"href":"https:\/\/www.3p-gmbh.de\/fr\/wp-json\/wp\/v2\/product"}],"about":[{"href":"https:\/\/www.3p-gmbh.de\/fr\/wp-json\/wp\/v2\/types\/product"}],"wp:featuredmedia":[{"embeddable":true,"href":"https:\/\/www.3p-gmbh.de\/fr\/wp-json\/wp\/v2\/media\/57393"}],"wp:attachment":[{"href":"https:\/\/www.3p-gmbh.de\/fr\/wp-json\/wp\/v2\/media?parent=90722"}],"wp:term":[{"taxonomy":"product_brand","embeddable":true,"href":"https:\/\/www.3p-gmbh.de\/fr\/wp-json\/wp\/v2\/product_brand?post=90722"},{"taxonomy":"product_cat","embeddable":true,"href":"https:\/\/www.3p-gmbh.de\/fr\/wp-json\/wp\/v2\/product_cat?post=90722"},{"taxonomy":"product_tag","embeddable":true,"href":"https:\/\/www.3p-gmbh.de\/fr\/wp-json\/wp\/v2\/product_tag?post=90722"}],"curies":[{"name":"wp","href":"https:\/\/api.w.org\/{rel}","templated":true}]}}