{"id":90719,"date":"2019-10-29T10:59:50","date_gmt":"2019-10-29T10:59:50","guid":{"rendered":"https:\/\/www.3p-gmbh.de\/produkt\/creoscitex-eversmart-supreme-scanner-a-plat\/"},"modified":"2019-10-29T10:59:50","modified_gmt":"2019-10-29T10:59:50","slug":"creoscitex-eversmart-supreme-scanner-a-plat","status":"publish","type":"product","link":"https:\/\/www.3p-gmbh.de\/fr\/produkt\/creoscitex-eversmart-supreme-scanner-a-plat\/","title":{"rendered":"CreoScitex Eversmart Supreme Scanner \u00e0 plat"},"content":{"rendered":"<ul>\n<li>r\u00e9solution de 5.600 dpi<\/li>\n<li>r\u00e9solution optique de 14.000 dpi<\/li>\n<li>Densit\u00e9 4.3<\/li>\n<li>Technologie SOOM (Scan once, output many)<\/li>\n<li>Technologie XY-Stitch<\/li>\n<li>max. Format de num\u00e9risation 305&#215;432 mm<\/li>\n<li>profondeur de couleur 48 bits<\/li>\n<li>avec le logiciel Eversmart Scan Solution (Mac OS X)<\/li>\n<li>Connexion via un adaptateur FireWire<\/li>\n<\/ul>\n","protected":false},"excerpt":{"rendered":"<p>r\u00e9solution de 5.600 dpi r\u00e9solution optique de 14.000 dpi Densit\u00e9 4.3 Technologie SOOM (Scan once, output many) Technologie XY-Stitch max. Format de num\u00e9risation 305&#215;432 mm profondeur de couleur 48 bits avec le logiciel Eversmart Scan Solution (Mac OS X) Connexion via un adaptateur FireWire<\/p>\n","protected":false},"featured_media":57459,"template":"","meta":[],"product_brand":[],"product_cat":[3097],"product_tag":[],"class_list":{"0":"post-90719","1":"product","2":"type-product","3":"status-publish","4":"has-post-thumbnail","6":"product_cat-scanners-a-plat","7":"pa_bezeichnung_typ-eversmart-supreme","8":"pa_hersteller-creo-scitex","10":"first","11":"instock","12":"taxable","13":"shipping-taxable","14":"purchasable","15":"product-type-simple"},"jetpack_sharing_enabled":true,"_links":{"self":[{"href":"https:\/\/www.3p-gmbh.de\/fr\/wp-json\/wp\/v2\/product\/90719","targetHints":{"allow":["GET"]}}],"collection":[{"href":"https:\/\/www.3p-gmbh.de\/fr\/wp-json\/wp\/v2\/product"}],"about":[{"href":"https:\/\/www.3p-gmbh.de\/fr\/wp-json\/wp\/v2\/types\/product"}],"wp:featuredmedia":[{"embeddable":true,"href":"https:\/\/www.3p-gmbh.de\/fr\/wp-json\/wp\/v2\/media\/57459"}],"wp:attachment":[{"href":"https:\/\/www.3p-gmbh.de\/fr\/wp-json\/wp\/v2\/media?parent=90719"}],"wp:term":[{"taxonomy":"product_brand","embeddable":true,"href":"https:\/\/www.3p-gmbh.de\/fr\/wp-json\/wp\/v2\/product_brand?post=90719"},{"taxonomy":"product_cat","embeddable":true,"href":"https:\/\/www.3p-gmbh.de\/fr\/wp-json\/wp\/v2\/product_cat?post=90719"},{"taxonomy":"product_tag","embeddable":true,"href":"https:\/\/www.3p-gmbh.de\/fr\/wp-json\/wp\/v2\/product_tag?post=90719"}],"curies":[{"name":"wp","href":"https:\/\/api.w.org\/{rel}","templated":true}]}}