{"id":90716,"date":"2019-10-29T08:13:14","date_gmt":"2019-10-29T08:13:14","guid":{"rendered":"https:\/\/www.3p-gmbh.de\/produkt\/margeur-universel-hugo-beck-hb-350\/"},"modified":"2019-10-29T08:13:14","modified_gmt":"2019-10-29T08:13:14","slug":"hugo-beck-universalantier-hb-355","status":"publish","type":"product","link":"https:\/\/www.3p-gmbh.de\/fr\/produkt\/hugo-beck-universalantier-hb-355\/","title":{"rendered":"Margeur universel Hugo Beck HB 350"},"content":{"rendered":"<p>mobile et r\u00e9glable en hauteur<\/p>\n<p>Il offre la possibilit\u00e9 de distribuer de mani\u00e8re enti\u00e8rement automatique des produits principaux ou des accompagnements.<br \/>\nPar exemple, des magazines ou des catalogues d&rsquo;une longueur de 148 \u00e0 420 mm,<br \/>\nd&rsquo;une largeur de 105 \u00e0 315 mm et d&rsquo;une hauteur de 2 \u00e0 60 mm.<br \/>\nLa capacit\u00e9 de ce margeur universel s&rsquo;\u00e9tend \u00e0 18.000 cycles par heure.<\/p>\n","protected":false},"excerpt":{"rendered":"<p>mobile et r\u00e9glable en hauteur Il offre la possibilit\u00e9 de distribuer de mani\u00e8re enti\u00e8rement automatique des produits principaux ou des accompagnements. Par exemple, des magazines ou des catalogues d&rsquo;une longueur de 148 \u00e0 420 mm, d&rsquo;une largeur de 105 \u00e0 315 mm et d&rsquo;une hauteur de 2 \u00e0 60 mm. La capacit\u00e9 de ce margeur [&hellip;]<\/p>\n","protected":false},"featured_media":57451,"template":"","meta":[],"product_brand":[],"product_cat":[3029],"product_tag":[],"class_list":{"0":"post-90716","1":"product","2":"type-product","3":"status-publish","4":"has-post-thumbnail","6":"product_cat-investisseurs","7":"pa_hersteller-hugo-beck","8":"pa_typ-hb-350","10":"first","11":"instock","12":"taxable","13":"shipping-taxable","14":"purchasable","15":"product-type-simple"},"jetpack_sharing_enabled":true,"_links":{"self":[{"href":"https:\/\/www.3p-gmbh.de\/fr\/wp-json\/wp\/v2\/product\/90716","targetHints":{"allow":["GET"]}}],"collection":[{"href":"https:\/\/www.3p-gmbh.de\/fr\/wp-json\/wp\/v2\/product"}],"about":[{"href":"https:\/\/www.3p-gmbh.de\/fr\/wp-json\/wp\/v2\/types\/product"}],"wp:featuredmedia":[{"embeddable":true,"href":"https:\/\/www.3p-gmbh.de\/fr\/wp-json\/wp\/v2\/media\/57451"}],"wp:attachment":[{"href":"https:\/\/www.3p-gmbh.de\/fr\/wp-json\/wp\/v2\/media?parent=90716"}],"wp:term":[{"taxonomy":"product_brand","embeddable":true,"href":"https:\/\/www.3p-gmbh.de\/fr\/wp-json\/wp\/v2\/product_brand?post=90716"},{"taxonomy":"product_cat","embeddable":true,"href":"https:\/\/www.3p-gmbh.de\/fr\/wp-json\/wp\/v2\/product_cat?post=90716"},{"taxonomy":"product_tag","embeddable":true,"href":"https:\/\/www.3p-gmbh.de\/fr\/wp-json\/wp\/v2\/product_tag?post=90716"}],"curies":[{"name":"wp","href":"https:\/\/api.w.org\/{rel}","templated":true}]}}