{"id":90706,"date":"2019-10-29T12:07:48","date_gmt":"2019-10-29T12:07:48","guid":{"rendered":"https:\/\/www.3p-gmbh.de\/produkt\/automate-a-secouer-baumann-bsb-3\/"},"modified":"2019-10-29T12:07:48","modified_gmt":"2019-10-29T12:07:48","slug":"automate-a-gaine-baumann-bsb-3","status":"publish","type":"product","link":"https:\/\/www.3p-gmbh.de\/fr\/produkt\/automate-a-gaine-baumann-bsb-3\/","title":{"rendered":"Automate \u00e0 secouer Baumann BSB 3"},"content":{"rendered":"<p>L&rsquo;automate \u00e0 secousses se compose d&rsquo;un ch\u00e2ssis de base stable dans lequel le mouvement de la table (mont\u00e9e\/descente) est guid\u00e9 de mani\u00e8re stable par 2 colonnes (aucun c\u00e2ble n&rsquo;est utilis\u00e9). La table de taquage se d\u00e9place de mani\u00e8re motoris\u00e9e en position inclin\u00e9e et \u00e0 la hauteur de travail.<\/p>\n<p>Caract\u00e9ristiques<br \/>\n&#8211; Table vibrante comme table \u00e0 air avec surface en acier inoxydable<br \/>\n-but\u00e9e lat\u00e9rale manuelle<br \/>\n-Rabat lat\u00e9ral gauche<br \/>\n-intensit\u00e9 de secouage r\u00e9glable<\/p>\n","protected":false},"excerpt":{"rendered":"<p>L&rsquo;automate \u00e0 secousses se compose d&rsquo;un ch\u00e2ssis de base stable dans lequel le mouvement de la table (mont\u00e9e\/descente) est guid\u00e9 de mani\u00e8re stable par 2 colonnes (aucun c\u00e2ble n&rsquo;est utilis\u00e9). La table de taquage se d\u00e9place de mani\u00e8re motoris\u00e9e en position inclin\u00e9e et \u00e0 la hauteur de travail. Caract\u00e9ristiques &#8211; Table vibrante comme table \u00e0 [&hellip;]<\/p>\n","protected":false},"featured_media":57482,"template":"","meta":[],"product_brand":[],"product_cat":[3068],"product_tag":[],"class_list":{"0":"post-90706","1":"product","2":"type-product","3":"status-publish","4":"has-post-thumbnail","6":"product_cat-tables-vibrantes","7":"pa_hersteller-baumann","8":"pa_typ-bsb-3","10":"first","11":"instock","12":"taxable","13":"shipping-taxable","14":"purchasable","15":"product-type-simple"},"jetpack_sharing_enabled":true,"_links":{"self":[{"href":"https:\/\/www.3p-gmbh.de\/fr\/wp-json\/wp\/v2\/product\/90706","targetHints":{"allow":["GET"]}}],"collection":[{"href":"https:\/\/www.3p-gmbh.de\/fr\/wp-json\/wp\/v2\/product"}],"about":[{"href":"https:\/\/www.3p-gmbh.de\/fr\/wp-json\/wp\/v2\/types\/product"}],"wp:featuredmedia":[{"embeddable":true,"href":"https:\/\/www.3p-gmbh.de\/fr\/wp-json\/wp\/v2\/media\/57482"}],"wp:attachment":[{"href":"https:\/\/www.3p-gmbh.de\/fr\/wp-json\/wp\/v2\/media?parent=90706"}],"wp:term":[{"taxonomy":"product_brand","embeddable":true,"href":"https:\/\/www.3p-gmbh.de\/fr\/wp-json\/wp\/v2\/product_brand?post=90706"},{"taxonomy":"product_cat","embeddable":true,"href":"https:\/\/www.3p-gmbh.de\/fr\/wp-json\/wp\/v2\/product_cat?post=90706"},{"taxonomy":"product_tag","embeddable":true,"href":"https:\/\/www.3p-gmbh.de\/fr\/wp-json\/wp\/v2\/product_tag?post=90706"}],"curies":[{"name":"wp","href":"https:\/\/api.w.org\/{rel}","templated":true}]}}