{"id":90695,"date":"2019-11-01T10:07:46","date_gmt":"2019-11-01T10:07:46","guid":{"rendered":"https:\/\/www.3p-gmbh.de\/produkt\/fomm-modele-fbr-65-machine-a-arrondir-les-dos-de-livres\/"},"modified":"2019-11-01T10:07:46","modified_gmt":"2019-11-01T10:07:46","slug":"machine-a-arrondir-le-dos-brm-livre-fomm-model-fbr-65","status":"publish","type":"product","link":"https:\/\/www.3p-gmbh.de\/fr\/produkt\/machine-a-arrondir-le-dos-brm-livre-fomm-model-fbr-65\/","title":{"rendered":"FOMM mod\u00e8le FBR 65 Machine \u00e0 arrondir les dos de livres"},"content":{"rendered":"<p><strong>FOMM mod\u00e8le FBR 65 Machine \u00e0 arrondir les dos de livres<\/strong><br \/>\n<strong>r\u00e9vis\u00e9 \u00e0 l&rsquo;atelier<\/strong><\/p>\n<p>permet d&rsquo;arrondir rapidement et de mani\u00e8re esth\u00e9tique les blocs de livres cousus au fil et reli\u00e9s par collage.<br \/>\nLe r\u00e9glage rapide de chaque \u00e9paisseur de livre par volant rend la machine rentable m\u00eame pour les petits et tr\u00e8s petits tirages.<br \/>\nlargeur d&rsquo;insertion 65cm<\/p>\n","protected":false},"excerpt":{"rendered":"<p>FOMM mod\u00e8le FBR 65 Machine \u00e0 arrondir les dos de livres r\u00e9vis\u00e9 \u00e0 l&rsquo;atelier permet d&rsquo;arrondir rapidement et de mani\u00e8re esth\u00e9tique les blocs de livres cousus au fil et reli\u00e9s par collage. Le r\u00e9glage rapide de chaque \u00e9paisseur de livre par volant rend la machine rentable m\u00eame pour les petits et tr\u00e8s petits tirages. largeur [&hellip;]<\/p>\n","protected":false},"featured_media":57568,"template":"","meta":[],"product_brand":[],"product_cat":[2890],"product_tag":[],"class_list":{"0":"post-90695","1":"product","2":"type-product","3":"status-publish","4":"has-post-thumbnail","6":"product_cat-reliure-dassortiment","7":"pa_hersteller-fomm","8":"pa_typ-fbr-65","10":"first","11":"instock","12":"taxable","13":"shipping-taxable","14":"purchasable","15":"product-type-simple"},"jetpack_sharing_enabled":true,"_links":{"self":[{"href":"https:\/\/www.3p-gmbh.de\/fr\/wp-json\/wp\/v2\/product\/90695","targetHints":{"allow":["GET"]}}],"collection":[{"href":"https:\/\/www.3p-gmbh.de\/fr\/wp-json\/wp\/v2\/product"}],"about":[{"href":"https:\/\/www.3p-gmbh.de\/fr\/wp-json\/wp\/v2\/types\/product"}],"wp:featuredmedia":[{"embeddable":true,"href":"https:\/\/www.3p-gmbh.de\/fr\/wp-json\/wp\/v2\/media\/57568"}],"wp:attachment":[{"href":"https:\/\/www.3p-gmbh.de\/fr\/wp-json\/wp\/v2\/media?parent=90695"}],"wp:term":[{"taxonomy":"product_brand","embeddable":true,"href":"https:\/\/www.3p-gmbh.de\/fr\/wp-json\/wp\/v2\/product_brand?post=90695"},{"taxonomy":"product_cat","embeddable":true,"href":"https:\/\/www.3p-gmbh.de\/fr\/wp-json\/wp\/v2\/product_cat?post=90695"},{"taxonomy":"product_tag","embeddable":true,"href":"https:\/\/www.3p-gmbh.de\/fr\/wp-json\/wp\/v2\/product_tag?post=90695"}],"curies":[{"name":"wp","href":"https:\/\/api.w.org\/{rel}","templated":true}]}}