{"id":90686,"date":"2019-11-01T10:54:29","date_gmt":"2019-11-01T10:54:29","guid":{"rendered":"https:\/\/www.3p-gmbh.de\/produkt\/chariot-a-mat-retractable-jungheinrich-etv-114\/"},"modified":"2019-11-01T10:54:29","modified_gmt":"2019-11-01T10:54:29","slug":"chariot-a-mat-retractable-jungheinrich-etv-114","status":"publish","type":"product","link":"https:\/\/www.3p-gmbh.de\/fr\/produkt\/chariot-a-mat-retractable-jungheinrich-etv-114\/","title":{"rendered":"Chariot \u00e0 m\u00e2t r\u00e9tractable Jungheinrich ETV 114"},"content":{"rendered":"<p>hauteur de levage 740cm<br \/>\nseulement 1840 heures de fonctionnement<\/p>\n","protected":false},"excerpt":{"rendered":"<p>hauteur de levage 740cm seulement 1840 heures de fonctionnement<\/p>\n","protected":false},"featured_media":57588,"template":"","meta":[],"product_brand":[],"product_cat":[2857],"product_tag":[],"class_list":{"0":"post-90686","1":"product","2":"type-product","3":"status-publish","4":"has-post-thumbnail","6":"product_cat-chariots-de-manutention","7":"pa_bezeichnung_typ-etv-114","8":"pa_hersteller-jungheinrich","10":"first","11":"instock","12":"taxable","13":"shipping-taxable","14":"purchasable","15":"product-type-simple"},"jetpack_sharing_enabled":true,"_links":{"self":[{"href":"https:\/\/www.3p-gmbh.de\/fr\/wp-json\/wp\/v2\/product\/90686","targetHints":{"allow":["GET"]}}],"collection":[{"href":"https:\/\/www.3p-gmbh.de\/fr\/wp-json\/wp\/v2\/product"}],"about":[{"href":"https:\/\/www.3p-gmbh.de\/fr\/wp-json\/wp\/v2\/types\/product"}],"wp:featuredmedia":[{"embeddable":true,"href":"https:\/\/www.3p-gmbh.de\/fr\/wp-json\/wp\/v2\/media\/57588"}],"wp:attachment":[{"href":"https:\/\/www.3p-gmbh.de\/fr\/wp-json\/wp\/v2\/media?parent=90686"}],"wp:term":[{"taxonomy":"product_brand","embeddable":true,"href":"https:\/\/www.3p-gmbh.de\/fr\/wp-json\/wp\/v2\/product_brand?post=90686"},{"taxonomy":"product_cat","embeddable":true,"href":"https:\/\/www.3p-gmbh.de\/fr\/wp-json\/wp\/v2\/product_cat?post=90686"},{"taxonomy":"product_tag","embeddable":true,"href":"https:\/\/www.3p-gmbh.de\/fr\/wp-json\/wp\/v2\/product_tag?post=90686"}],"curies":[{"name":"wp","href":"https:\/\/api.w.org\/{rel}","templated":true}]}}