{"id":90684,"date":"2019-11-01T10:23:29","date_gmt":"2019-11-01T10:23:29","guid":{"rendered":"https:\/\/www.3p-gmbh.de\/produkt\/fastbind-h530-plaque-de-reliure-rigide\/"},"modified":"2019-11-01T10:23:29","modified_gmt":"2019-11-01T10:23:29","slug":"fastbind-h530-plaque-de-reliure-a-couverture-rigide","status":"publish","type":"product","link":"https:\/\/www.3p-gmbh.de\/fr\/produkt\/fastbind-h530-plaque-de-reliure-a-couverture-rigide\/","title":{"rendered":"FASTBIND H530 Plaque de reliure rigide"},"content":{"rendered":"<p>Vous donne la possibilit\u00e9 d&rsquo;imprimer vos propres livres \u00e0 la demande.<br \/>\nde l&rsquo;entreprise. La m\u00e9thode brevet\u00e9e du FASTBIND H 530 aide \u00e0<br \/>\nvous pr\u00e9senter les diff\u00e9rents \u00e9l\u00e9ments de la couverture rigide dans le bon sens.<br \/>\nposition. Vous pouvez utiliser n&rsquo;importe quel format entre DIN A6 et<br \/>\nDIN A4 + traiter. En outre, vous avez la possibilit\u00e9 d&rsquo;obtenir des<br \/>\nproduire des dossiers de couverture<\/p>\n","protected":false},"excerpt":{"rendered":"<p>Vous donne la possibilit\u00e9 d&rsquo;imprimer vos propres livres \u00e0 la demande. de l&rsquo;entreprise. La m\u00e9thode brevet\u00e9e du FASTBIND H 530 aide \u00e0 vous pr\u00e9senter les diff\u00e9rents \u00e9l\u00e9ments de la couverture rigide dans le bon sens. position. Vous pouvez utiliser n&rsquo;importe quel format entre DIN A6 et DIN A4 + traiter. En outre, vous avez la [&hellip;]<\/p>\n","protected":false},"featured_media":57575,"template":"","meta":[],"product_brand":[],"product_cat":[2890],"product_tag":[],"class_list":{"0":"post-90684","1":"product","2":"type-product","3":"status-publish","4":"has-post-thumbnail","6":"product_cat-reliure-dassortiment","7":"pa_hersteller-fastbind","8":"pa_typ-h-530","10":"first","11":"instock","12":"taxable","13":"shipping-taxable","14":"purchasable","15":"product-type-simple"},"jetpack_sharing_enabled":true,"_links":{"self":[{"href":"https:\/\/www.3p-gmbh.de\/fr\/wp-json\/wp\/v2\/product\/90684","targetHints":{"allow":["GET"]}}],"collection":[{"href":"https:\/\/www.3p-gmbh.de\/fr\/wp-json\/wp\/v2\/product"}],"about":[{"href":"https:\/\/www.3p-gmbh.de\/fr\/wp-json\/wp\/v2\/types\/product"}],"wp:featuredmedia":[{"embeddable":true,"href":"https:\/\/www.3p-gmbh.de\/fr\/wp-json\/wp\/v2\/media\/57575"}],"wp:attachment":[{"href":"https:\/\/www.3p-gmbh.de\/fr\/wp-json\/wp\/v2\/media?parent=90684"}],"wp:term":[{"taxonomy":"product_brand","embeddable":true,"href":"https:\/\/www.3p-gmbh.de\/fr\/wp-json\/wp\/v2\/product_brand?post=90684"},{"taxonomy":"product_cat","embeddable":true,"href":"https:\/\/www.3p-gmbh.de\/fr\/wp-json\/wp\/v2\/product_cat?post=90684"},{"taxonomy":"product_tag","embeddable":true,"href":"https:\/\/www.3p-gmbh.de\/fr\/wp-json\/wp\/v2\/product_tag?post=90684"}],"curies":[{"name":"wp","href":"https:\/\/api.w.org\/{rel}","templated":true}]}}