{"id":90682,"date":"2019-11-01T10:19:18","date_gmt":"2019-11-01T10:19:18","guid":{"rendered":"https:\/\/www.3p-gmbh.de\/produkt\/machine-a-relier-fastbind-elite\/"},"modified":"2019-11-01T10:19:18","modified_gmt":"2019-11-01T10:19:18","slug":"fastbind-elite-binding-machine-2","status":"publish","type":"product","link":"https:\/\/www.3p-gmbh.de\/fr\/produkt\/fastbind-elite-binding-machine-2\/","title":{"rendered":"Machine \u00e0 relier Fastbind Elite"},"content":{"rendered":"<p>Elle produit rapidement et de mani\u00e8re conviviale aussi bien des livres \u00e0 couverture rigide et souple que des couvertures de manager, des blocs de d\u00e9chirure et des reliures en bandes (stripbinding).<br \/>\nId\u00e9al pour le secteur des services dans le domaine de l&rsquo;impression num\u00e9rique, pour les boutiques d&rsquo;impression et de copie, les maisons d&rsquo;\u00e9dition, les ateliers de reliure et les photographes.<br \/>\nLe r\u00e9sultat est toujours un \u00ab\u00a0Perfect Binding\u00a0\u00bb : professionnel, \u00e9conomique et durable.<\/p>\n<p>Syst\u00e8me de d\u00e9polissage &#8211; PGO<br \/>\nLa Fastbind Elite est dot\u00e9e du syst\u00e8me exclusif d&rsquo;ouverture de la fibre de papier (PGO).<br \/>\nContrairement \u00e0 d&rsquo;autres syst\u00e8mes de grattage de dos de livres qui frottent le dos et produisent beaucoup de poussi\u00e8re et de bruit, le PGO ouvre le dos tr\u00e8s silencieusement,<br \/>\nsans poussi\u00e8re de papier et assure une durabilit\u00e9 maximale m\u00eame avec les papiers Copy Colour et les papiers pour impression d&rsquo;images difficiles.<\/p>\n<p>L&rsquo;utilisateur peut contr\u00f4ler les passages de PGO n\u00e9cessaires pour obtenir un liage stable et durable.<\/p>\n<p>Toutes les applications sont r\u00e9alis\u00e9es en une seule op\u00e9ration, sans aucun temps de changement ou d&rsquo;ajustement de la machine \u00e0 relier.<br \/>\nTous les formats et formats interm\u00e9diaires jusqu&rsquo;\u00e0 DIN A4 et une largeur de dos jusqu&rsquo;\u00e0 4 cm peuvent \u00eatre reli\u00e9s de mani\u00e8re parfaite, durable et professionnelle.<br \/>\nLe cycle de reliure est de seulement 20 sec. (180 pi\u00e8ces\/h).<\/p>\n","protected":false},"excerpt":{"rendered":"<p>Elle produit rapidement et de mani\u00e8re conviviale aussi bien des livres \u00e0 couverture rigide et souple que des couvertures de manager, des blocs de d\u00e9chirure et des reliures en bandes (stripbinding). Id\u00e9al pour le secteur des services dans le domaine de l&rsquo;impression num\u00e9rique, pour les boutiques d&rsquo;impression et de copie, les maisons d&rsquo;\u00e9dition, les ateliers [&hellip;]<\/p>\n","protected":false},"featured_media":57571,"template":"","meta":[],"product_brand":[],"product_cat":[2890],"product_tag":[],"class_list":{"0":"post-90682","1":"product","2":"type-product","3":"status-publish","4":"has-post-thumbnail","6":"product_cat-reliure-dassortiment","7":"pa_hersteller-fastbind","8":"pa_typ-elite","10":"first","11":"instock","12":"taxable","13":"shipping-taxable","14":"purchasable","15":"product-type-simple"},"jetpack_sharing_enabled":true,"_links":{"self":[{"href":"https:\/\/www.3p-gmbh.de\/fr\/wp-json\/wp\/v2\/product\/90682","targetHints":{"allow":["GET"]}}],"collection":[{"href":"https:\/\/www.3p-gmbh.de\/fr\/wp-json\/wp\/v2\/product"}],"about":[{"href":"https:\/\/www.3p-gmbh.de\/fr\/wp-json\/wp\/v2\/types\/product"}],"wp:featuredmedia":[{"embeddable":true,"href":"https:\/\/www.3p-gmbh.de\/fr\/wp-json\/wp\/v2\/media\/57571"}],"wp:attachment":[{"href":"https:\/\/www.3p-gmbh.de\/fr\/wp-json\/wp\/v2\/media?parent=90682"}],"wp:term":[{"taxonomy":"product_brand","embeddable":true,"href":"https:\/\/www.3p-gmbh.de\/fr\/wp-json\/wp\/v2\/product_brand?post=90682"},{"taxonomy":"product_cat","embeddable":true,"href":"https:\/\/www.3p-gmbh.de\/fr\/wp-json\/wp\/v2\/product_cat?post=90682"},{"taxonomy":"product_tag","embeddable":true,"href":"https:\/\/www.3p-gmbh.de\/fr\/wp-json\/wp\/v2\/product_tag?post=90682"}],"curies":[{"name":"wp","href":"https:\/\/api.w.org\/{rel}","templated":true}]}}