{"id":90677,"date":"2019-11-01T11:13:47","date_gmt":"2019-11-01T11:13:47","guid":{"rendered":"https:\/\/www.3p-gmbh.de\/produkt\/oeilleteuse-double-a-fonctionnement-pneumatique-en-pente\/"},"modified":"2019-11-01T11:13:47","modified_gmt":"2019-11-01T11:13:47","slug":"machine-double-travail-pneumatique-suspendue-avec-280mm-distance-fixe","status":"publish","type":"product","link":"https:\/\/www.3p-gmbh.de\/fr\/produkt\/machine-double-travail-pneumatique-suspendue-avec-280mm-distance-fixe\/","title":{"rendered":"Oeilleteuse double \u00e0 fonctionnement pneumatique en pente"},"content":{"rendered":"<p><strong>double\u00f6smaschine pneumatique pour les pentes<\/strong><br \/>\nPermet de perforer et d&rsquo;\u0153ser en une seule op\u00e9ration (l&rsquo;\u0153illet perfore le trou) Le support du mat\u00e9riau avec des but\u00e9es dorsales et lat\u00e9rales r\u00e9glables en continu garantissent une mise en place pr\u00e9cise<br \/>\nactuellement \u00e9quip\u00e9 d&rsquo;\u0153illets auto-perforants jusqu&rsquo;\u00e0 20 feuilles pour du papier de 80 g\/m2 ou une \u00e9paisseur de mat\u00e9riau jusqu&rsquo;\u00e0 3 mm<\/p>\n<ul>\n<li>fonctionnement \u00e0 pied avec alimentation automatique des \u0153illets<\/li>\n<li>Utilisable pour le papier, le carton, les mati\u00e8res plastiques, etc.<\/li>\n<li>Id\u00e9al pour les contrats, les documents et les \u00e9tiquettes<\/li>\n<li>2 t\u00eates avec une distance fixe de 280mm pour des perforations de classement de 5,5mm de diam\u00e8tre int\u00e9rieur<\/li>\n<li>Air comprim\u00e9 \u00e0 fournir par le client<\/li>\n<\/ul>\n<p>Vid\u00e9o de d\u00e9monstration sur <a href=\"https:\/\/youtu.be\/XWkClxxjkyo\" target=\"_blank\" rel=\"noopener noreferrer\">https:\/\/youtu.be\/XWkClxxjkyo<\/a><\/p>\n","protected":false},"excerpt":{"rendered":"<p>double\u00f6smaschine pneumatique pour les pentes Permet de perforer et d&rsquo;\u0153ser en une seule op\u00e9ration (l&rsquo;\u0153illet perfore le trou) Le support du mat\u00e9riau avec des but\u00e9es dorsales et lat\u00e9rales r\u00e9glables en continu garantissent une mise en place pr\u00e9cise actuellement \u00e9quip\u00e9 d&rsquo;\u0153illets auto-perforants jusqu&rsquo;\u00e0 20 feuilles pour du papier de 80 g\/m2 ou une \u00e9paisseur de mat\u00e9riau [&hellip;]<\/p>\n","protected":false},"featured_media":59513,"template":"","meta":[],"product_brand":[],"product_cat":[3052],"product_tag":[],"class_list":{"0":"post-90677","1":"product","2":"type-product","3":"status-publish","4":"has-post-thumbnail","6":"product_cat-machines-a-huile","7":"pa_hersteller-constantin-hang","9":"first","10":"instock","11":"taxable","12":"shipping-taxable","13":"purchasable","14":"product-type-simple"},"jetpack_sharing_enabled":true,"_links":{"self":[{"href":"https:\/\/www.3p-gmbh.de\/fr\/wp-json\/wp\/v2\/product\/90677","targetHints":{"allow":["GET"]}}],"collection":[{"href":"https:\/\/www.3p-gmbh.de\/fr\/wp-json\/wp\/v2\/product"}],"about":[{"href":"https:\/\/www.3p-gmbh.de\/fr\/wp-json\/wp\/v2\/types\/product"}],"wp:featuredmedia":[{"embeddable":true,"href":"https:\/\/www.3p-gmbh.de\/fr\/wp-json\/wp\/v2\/media\/59513"}],"wp:attachment":[{"href":"https:\/\/www.3p-gmbh.de\/fr\/wp-json\/wp\/v2\/media?parent=90677"}],"wp:term":[{"taxonomy":"product_brand","embeddable":true,"href":"https:\/\/www.3p-gmbh.de\/fr\/wp-json\/wp\/v2\/product_brand?post=90677"},{"taxonomy":"product_cat","embeddable":true,"href":"https:\/\/www.3p-gmbh.de\/fr\/wp-json\/wp\/v2\/product_cat?post=90677"},{"taxonomy":"product_tag","embeddable":true,"href":"https:\/\/www.3p-gmbh.de\/fr\/wp-json\/wp\/v2\/product_tag?post=90677"}],"curies":[{"name":"wp","href":"https:\/\/api.w.org\/{rel}","templated":true}]}}