{"id":90664,"date":"2019-11-01T13:30:47","date_gmt":"2019-11-01T13:30:47","guid":{"rendered":"https:\/\/www.3p-gmbh.de\/produkt\/polar-coupeuse-rapide-grand-format-176-ed-avec-transomat-de-chargement-polar-tr-185-bl-7\/"},"modified":"2019-11-01T13:30:47","modified_gmt":"2019-11-01T13:30:47","slug":"coupeuse-rapide-grande-format-polar-176-ed-avec-chargement-transomat-polar-tr-185-bl-7","status":"publish","type":"product","link":"https:\/\/www.3p-gmbh.de\/fr\/produkt\/coupeuse-rapide-grande-format-polar-176-ed-avec-chargement-transomat-polar-tr-185-bl-7\/","title":{"rendered":"POLAR Coupeuse rapide grand format 176 ED avec transomat de chargement Polar TR 185-BL-7"},"content":{"rendered":"<p>Compteur de coupes seulement 1,3 million de coupes<\/p>\n<p>&#8211; Largeur de coupe 176cm<br \/>\n&#8211; la profondeur d&rsquo;insertion est de 2025mm<br \/>\nLa largeur de passage de Transomat \u00e0 la table arri\u00e8re est de 1760 mm !<br \/>\n&#8211; avec commande ED<br \/>\n&#8211; but\u00e9e lat\u00e9rale abaissable pneumatiquement du c\u00f4t\u00e9 gauche<br \/>\n&#8211; coin de transfert en acier inoxydable abaissable pneumatiquement sur l&rsquo;\u00e9l\u00e9ment droit de la table \u00e0 air<\/p>\n<p>transomat de chargement plac\u00e9 \u00e0 gauche avec pince et pousseur de couches pour le chargement par la table arri\u00e8re Polar TR 185-BL-7<br \/>\nde 1998<br \/>\nFormat de feuille 126 x 164<\/p>\n<p><iframe loading=\"lazy\" title=\"Polar 176 ED Baujahr 1998\" width=\"980\" height=\"735\" src=\"https:\/\/www.youtube.com\/embed\/IeKXUqF_cIg?feature=oembed\" frameborder=\"0\" allow=\"accelerometer; autoplay; clipboard-write; encrypted-media; gyroscope; picture-in-picture; web-share\" allowfullscreen><\/iframe><\/p>\n","protected":false},"excerpt":{"rendered":"<p>Compteur de coupes seulement 1,3 million de coupes &#8211; Largeur de coupe 176cm &#8211; la profondeur d&rsquo;insertion est de 2025mm La largeur de passage de Transomat \u00e0 la table arri\u00e8re est de 1760 mm ! &#8211; avec commande ED &#8211; but\u00e9e lat\u00e9rale abaissable pneumatiquement du c\u00f4t\u00e9 gauche &#8211; coin de transfert en acier inoxydable abaissable [&hellip;]<\/p>\n","protected":false},"featured_media":57622,"template":"","meta":[],"product_brand":[],"product_cat":[3016],"product_tag":[],"class_list":{"0":"post-90664","1":"product","2":"type-product","3":"status-publish","4":"has-post-thumbnail","6":"product_cat-machines-de-decoupe","7":"pa_hersteller-polar-mohr","8":"pa_typ-176-ed","10":"first","11":"instock","12":"taxable","13":"shipping-taxable","14":"purchasable","15":"product-type-simple"},"jetpack_sharing_enabled":true,"_links":{"self":[{"href":"https:\/\/www.3p-gmbh.de\/fr\/wp-json\/wp\/v2\/product\/90664","targetHints":{"allow":["GET"]}}],"collection":[{"href":"https:\/\/www.3p-gmbh.de\/fr\/wp-json\/wp\/v2\/product"}],"about":[{"href":"https:\/\/www.3p-gmbh.de\/fr\/wp-json\/wp\/v2\/types\/product"}],"wp:featuredmedia":[{"embeddable":true,"href":"https:\/\/www.3p-gmbh.de\/fr\/wp-json\/wp\/v2\/media\/57622"}],"wp:attachment":[{"href":"https:\/\/www.3p-gmbh.de\/fr\/wp-json\/wp\/v2\/media?parent=90664"}],"wp:term":[{"taxonomy":"product_brand","embeddable":true,"href":"https:\/\/www.3p-gmbh.de\/fr\/wp-json\/wp\/v2\/product_brand?post=90664"},{"taxonomy":"product_cat","embeddable":true,"href":"https:\/\/www.3p-gmbh.de\/fr\/wp-json\/wp\/v2\/product_cat?post=90664"},{"taxonomy":"product_tag","embeddable":true,"href":"https:\/\/www.3p-gmbh.de\/fr\/wp-json\/wp\/v2\/product_tag?post=90664"}],"curies":[{"name":"wp","href":"https:\/\/api.w.org\/{rel}","templated":true}]}}