{"id":90662,"date":"2019-11-01T12:57:38","date_gmt":"2019-11-01T12:57:38","guid":{"rendered":"https:\/\/www.3p-gmbh.de\/produkt\/ernst-nagel-sp-plus-square-press\/"},"modified":"2019-11-01T12:57:38","modified_gmt":"2019-11-01T12:57:38","slug":"finition-dos-avec-clou-sp-plus-square-press","status":"publish","type":"product","link":"https:\/\/www.3p-gmbh.de\/fr\/produkt\/finition-dos-avec-clou-sp-plus-square-press\/","title":{"rendered":"Ernst NAGEL SP PLUS SQUARE PRESS"},"content":{"rendered":"<p>FABRICATION DE BROCHURES &#8211; avec valeur ajout\u00e9e.<\/p>\n<p>Nagel SP Plus Square Press : le dos de la brochure d\u00e9j\u00e0 agraf\u00e9 prend l&rsquo;aspect d&rsquo;une presse.<br \/>\nd&rsquo;une reliure coll\u00e9e de haute qualit\u00e9.<br \/>\nVotre avantage : le dos des brochures peut \u00eatre imprim\u00e9. Empiler, stocker<br \/>\net l&#8217;emballage est plus facile et moins encombrant, les brochures ne s&rsquo;ouvrent plus.<\/p>\n<p>Le SP Plus est extr\u00eamement flexible :<br \/>\nOffline mobile dans le traitement ult\u00e9rieur<br \/>\njusqu&rsquo;\u00e0 30 feuilles (80 grammes\/m2) par livret pour des formats allant jusqu&rsquo;\u00e0 350 mm x 250 mm.<br \/>\nEn simple passage, le SP Plus Offline peut ainsi atteindre 1200 par heure.<\/p>\n","protected":false},"excerpt":{"rendered":"<p>FABRICATION DE BROCHURES &#8211; avec valeur ajout\u00e9e. Nagel SP Plus Square Press : le dos de la brochure d\u00e9j\u00e0 agraf\u00e9 prend l&rsquo;aspect d&rsquo;une presse. d&rsquo;une reliure coll\u00e9e de haute qualit\u00e9. Votre avantage : le dos des brochures peut \u00eatre imprim\u00e9. Empiler, stocker et l&#8217;emballage est plus facile et moins encombrant, les brochures ne s&rsquo;ouvrent plus. [&hellip;]<\/p>\n","protected":false},"featured_media":57612,"template":"","meta":[],"product_brand":[],"product_cat":[2890],"product_tag":[],"class_list":{"0":"post-90662","1":"product","2":"type-product","3":"status-publish","4":"has-post-thumbnail","6":"product_cat-reliure-dassortiment","7":"pa_hersteller-ernst-nagel","8":"pa_typ-sp-plus-square-press","10":"first","11":"instock","12":"taxable","13":"shipping-taxable","14":"purchasable","15":"product-type-simple"},"jetpack_sharing_enabled":true,"_links":{"self":[{"href":"https:\/\/www.3p-gmbh.de\/fr\/wp-json\/wp\/v2\/product\/90662","targetHints":{"allow":["GET"]}}],"collection":[{"href":"https:\/\/www.3p-gmbh.de\/fr\/wp-json\/wp\/v2\/product"}],"about":[{"href":"https:\/\/www.3p-gmbh.de\/fr\/wp-json\/wp\/v2\/types\/product"}],"wp:featuredmedia":[{"embeddable":true,"href":"https:\/\/www.3p-gmbh.de\/fr\/wp-json\/wp\/v2\/media\/57612"}],"wp:attachment":[{"href":"https:\/\/www.3p-gmbh.de\/fr\/wp-json\/wp\/v2\/media?parent=90662"}],"wp:term":[{"taxonomy":"product_brand","embeddable":true,"href":"https:\/\/www.3p-gmbh.de\/fr\/wp-json\/wp\/v2\/product_brand?post=90662"},{"taxonomy":"product_cat","embeddable":true,"href":"https:\/\/www.3p-gmbh.de\/fr\/wp-json\/wp\/v2\/product_cat?post=90662"},{"taxonomy":"product_tag","embeddable":true,"href":"https:\/\/www.3p-gmbh.de\/fr\/wp-json\/wp\/v2\/product_tag?post=90662"}],"curies":[{"name":"wp","href":"https:\/\/api.w.org\/{rel}","templated":true}]}}