{"id":90661,"date":"2019-11-01T11:41:05","date_gmt":"2019-11-01T11:41:05","guid":{"rendered":"https:\/\/www.3p-gmbh.de\/produkt\/presentation-de-paquets-avec-banderolage-desta-pab-800\/"},"modified":"2019-11-01T11:41:05","modified_gmt":"2019-11-01T11:41:05","slug":"exposition-de-paquets-avec-banderole-desta-pab-800","status":"publish","type":"product","link":"https:\/\/www.3p-gmbh.de\/fr\/produkt\/exposition-de-paquets-avec-banderole-desta-pab-800\/","title":{"rendered":"Pr\u00e9sentation de paquets avec banderolage Desta PAB 800"},"content":{"rendered":"<p>Drupamodell 2000 avec \u00e9cran tactile<br \/>\nutilisable pour le pressage, le comptage, l&#8217;empilage et le cerclage de produits pli\u00e9s de 1 \u00e0 6 fois.<\/p>\n<p>Avantage<br \/>\n&#8211; Pr\u00e9sentation ind\u00e9pendante des avantages avec banderolage, actuellement am\u00e9nag\u00e9e pour 6 avantages dans la pr\u00e9sentation<br \/>\n&#8211; les produits pli\u00e9s sensibles peuvent \u00eatre con\u00e7us sans banderolage pour le traitement interne.<\/p>\n<p>Formats maximaux en mm<br \/>\n1 fois utilisation L 780 x L 330<br \/>\n2 fois utile L 380 x L 330<br \/>\ntriple utilit\u00e9 L 250 x L 330<br \/>\n4 fois utile L 180 x L 330<br \/>\n5 fois utile L 150 x L 330<br \/>\n6 fois utile L 120 x L 330<\/p>\n<p>Format minimum 90x75mm<br \/>\n\u00c9paisseur du produit 1-8 mm<br \/>\nHauteur du paquet max. 150 mm<br \/>\nHauteur du paquet min. 25 mm<\/p>\n<p>vitesse de travail 40-200m\/min (sur demande, nous pouvons vous envoyer un diagramme de performance)<br \/>\nPression de compression max. 20000 N (r\u00e9glable)<br \/>\nBanderolage max. 30 cerclages\/min.<\/p>\n<p>technique. Donn\u00e9es sans engagement, sous r\u00e9serve d&rsquo;erreur ! !<\/p>\n","protected":false},"excerpt":{"rendered":"<p>Drupamodell 2000 avec \u00e9cran tactile utilisable pour le pressage, le comptage, l&#8217;empilage et le cerclage de produits pli\u00e9s de 1 \u00e0 6 fois. Avantage &#8211; Pr\u00e9sentation ind\u00e9pendante des avantages avec banderolage, actuellement am\u00e9nag\u00e9e pour 6 avantages dans la pr\u00e9sentation &#8211; les produits pli\u00e9s sensibles peuvent \u00eatre con\u00e7us sans banderolage pour le traitement interne. Formats maximaux [&hellip;]<\/p>\n","protected":false},"featured_media":57605,"template":"","meta":[],"product_brand":[],"product_cat":[2916],"product_tag":[],"class_list":{"0":"post-90661","1":"product","2":"type-product","3":"status-publish","4":"has-post-thumbnail","6":"product_cat-depenses","7":"pa_hersteller-desta","8":"pa_typ-pab-800","10":"first","11":"instock","12":"taxable","13":"shipping-taxable","14":"purchasable","15":"product-type-simple"},"jetpack_sharing_enabled":true,"_links":{"self":[{"href":"https:\/\/www.3p-gmbh.de\/fr\/wp-json\/wp\/v2\/product\/90661","targetHints":{"allow":["GET"]}}],"collection":[{"href":"https:\/\/www.3p-gmbh.de\/fr\/wp-json\/wp\/v2\/product"}],"about":[{"href":"https:\/\/www.3p-gmbh.de\/fr\/wp-json\/wp\/v2\/types\/product"}],"wp:featuredmedia":[{"embeddable":true,"href":"https:\/\/www.3p-gmbh.de\/fr\/wp-json\/wp\/v2\/media\/57605"}],"wp:attachment":[{"href":"https:\/\/www.3p-gmbh.de\/fr\/wp-json\/wp\/v2\/media?parent=90661"}],"wp:term":[{"taxonomy":"product_brand","embeddable":true,"href":"https:\/\/www.3p-gmbh.de\/fr\/wp-json\/wp\/v2\/product_brand?post=90661"},{"taxonomy":"product_cat","embeddable":true,"href":"https:\/\/www.3p-gmbh.de\/fr\/wp-json\/wp\/v2\/product_cat?post=90661"},{"taxonomy":"product_tag","embeddable":true,"href":"https:\/\/www.3p-gmbh.de\/fr\/wp-json\/wp\/v2\/product_tag?post=90661"}],"curies":[{"name":"wp","href":"https:\/\/api.w.org\/{rel}","templated":true}]}}