{"id":90653,"date":"2019-11-01T13:44:18","date_gmt":"2019-11-01T13:44:18","guid":{"rendered":"https:\/\/www.3p-gmbh.de\/produkt\/plieuse-et-agrafeuse-nagel-foldnak-2-avec-sortie-a-ecailles\/"},"modified":"2019-11-01T13:44:18","modified_gmt":"2019-11-01T13:44:18","slug":"plieuse-agrafeuse-cloueuse-foldnak-2-avec-fleche-ecailleuse","status":"publish","type":"product","link":"https:\/\/www.3p-gmbh.de\/fr\/produkt\/plieuse-agrafeuse-cloueuse-foldnak-2-avec-fleche-ecailleuse\/","title":{"rendered":"Plieuse et agrafeuse Nagel Foldnak 2 avec sortie \u00e0 \u00e9cailles"},"content":{"rendered":"<p>pour cr\u00e9er des brochures jusqu&rsquo;\u00e0 100 pages en une seule op\u00e9ration.<\/p>\n<p>Format de placement du papier de DIN A5 \u00e0 DIN A 3- hors format<br \/>\n&#8211; avec 2 t\u00eates d&rsquo;agrafage (extensible \u00e0 4)<br \/>\n&#8211; pi\u00e8tement r\u00e9glable en hauteur<\/p>\n<p>Longueur env. 120 cm, largeur env. 65 cm, hauteur env. 140 cm, poids env. 100 kg<br \/>\nRaccordement 220 volts<\/p>\n","protected":false},"excerpt":{"rendered":"<p>pour cr\u00e9er des brochures jusqu&rsquo;\u00e0 100 pages en une seule op\u00e9ration. Format de placement du papier de DIN A5 \u00e0 DIN A 3- hors format &#8211; avec 2 t\u00eates d&rsquo;agrafage (extensible \u00e0 4) &#8211; pi\u00e8tement r\u00e9glable en hauteur Longueur env. 120 cm, largeur env. 65 cm, hauteur env. 140 cm, poids env. 100 kg Raccordement [&hellip;]<\/p>\n","protected":false},"featured_media":57637,"template":"","meta":[],"product_brand":[],"product_cat":[2984],"product_tag":[],"class_list":{"0":"post-90653","1":"product","2":"type-product","3":"status-publish","4":"has-post-thumbnail","6":"product_cat-plieuses-fr","7":"pa_hersteller-ernst-nagel","8":"pa_typ-foldnak-2","10":"first","11":"instock","12":"taxable","13":"shipping-taxable","14":"purchasable","15":"product-type-simple"},"jetpack_sharing_enabled":true,"_links":{"self":[{"href":"https:\/\/www.3p-gmbh.de\/fr\/wp-json\/wp\/v2\/product\/90653","targetHints":{"allow":["GET"]}}],"collection":[{"href":"https:\/\/www.3p-gmbh.de\/fr\/wp-json\/wp\/v2\/product"}],"about":[{"href":"https:\/\/www.3p-gmbh.de\/fr\/wp-json\/wp\/v2\/types\/product"}],"wp:featuredmedia":[{"embeddable":true,"href":"https:\/\/www.3p-gmbh.de\/fr\/wp-json\/wp\/v2\/media\/57637"}],"wp:attachment":[{"href":"https:\/\/www.3p-gmbh.de\/fr\/wp-json\/wp\/v2\/media?parent=90653"}],"wp:term":[{"taxonomy":"product_brand","embeddable":true,"href":"https:\/\/www.3p-gmbh.de\/fr\/wp-json\/wp\/v2\/product_brand?post=90653"},{"taxonomy":"product_cat","embeddable":true,"href":"https:\/\/www.3p-gmbh.de\/fr\/wp-json\/wp\/v2\/product_cat?post=90653"},{"taxonomy":"product_tag","embeddable":true,"href":"https:\/\/www.3p-gmbh.de\/fr\/wp-json\/wp\/v2\/product_tag?post=90653"}],"curies":[{"name":"wp","href":"https:\/\/api.w.org\/{rel}","templated":true}]}}