{"id":90652,"date":"2019-11-01T13:48:31","date_gmt":"2019-11-01T13:48:31","guid":{"rendered":"https:\/\/www.3p-gmbh.de\/produkt\/nagel-assembleuse-s8-avec-vibreur-sortie-decalee\/"},"modified":"2019-11-01T13:48:31","modified_gmt":"2019-11-01T13:48:31","slug":"machine-dassemblage-clouage-s8-avec-support-de-decalage-ruettler","status":"publish","type":"product","link":"https:\/\/www.3p-gmbh.de\/fr\/produkt\/machine-dassemblage-clouage-s8-avec-support-de-decalage-ruettler\/","title":{"rendered":"NAGEL Assembleuse S8 avec vibreur Sortie d\u00e9cal\u00e9e"},"content":{"rendered":"<p>8 stations avec bande aspirante avec air aspir\u00e9\/souffl\u00e9<br \/>\nPoids du papier : d&rsquo;environ 45 \u00e0 240 g\/m2<br \/>\nHauteur d&#8217;empilage de la station de couverture max : 130 mm<br \/>\nHauteur d&#8217;empilage station 2-7 max : 65 mm<br \/>\nFormat de papier max. : 364 x 520 mm<br \/>\nFormat de papier min. : 120 x 160 mm<br \/>\n-compteur de tirage\/de pr\u00e9s\u00e9lection<br \/>\n-Fonction intercalaire<br \/>\n-d\u00e9tection des doubles feuilles<br \/>\n-d\u00e9tection de feuillets erron\u00e9s<br \/>\n-d\u00e9tection de la longueur des feuilles<br \/>\n-Station vide<br \/>\n-d\u00e9tection de bourrage papier<\/p>\n","protected":false},"excerpt":{"rendered":"<p>8 stations avec bande aspirante avec air aspir\u00e9\/souffl\u00e9 Poids du papier : d&rsquo;environ 45 \u00e0 240 g\/m2 Hauteur d&#8217;empilage de la station de couverture max : 130 mm Hauteur d&#8217;empilage station 2-7 max : 65 mm Format de papier max. : 364 x 520 mm Format de papier min. : 120 x 160 mm -compteur [&hellip;]<\/p>\n","protected":false},"featured_media":57641,"template":"","meta":[],"product_brand":[],"product_cat":[3046],"product_tag":[],"class_list":{"0":"post-90652","1":"product","2":"type-product","3":"status-publish","4":"has-post-thumbnail","6":"product_cat-assembleuses","7":"pa_hersteller-ernst-nagel","8":"pa_typ-s8","10":"first","11":"instock","12":"taxable","13":"shipping-taxable","14":"purchasable","15":"product-type-simple"},"jetpack_sharing_enabled":true,"_links":{"self":[{"href":"https:\/\/www.3p-gmbh.de\/fr\/wp-json\/wp\/v2\/product\/90652","targetHints":{"allow":["GET"]}}],"collection":[{"href":"https:\/\/www.3p-gmbh.de\/fr\/wp-json\/wp\/v2\/product"}],"about":[{"href":"https:\/\/www.3p-gmbh.de\/fr\/wp-json\/wp\/v2\/types\/product"}],"wp:featuredmedia":[{"embeddable":true,"href":"https:\/\/www.3p-gmbh.de\/fr\/wp-json\/wp\/v2\/media\/57641"}],"wp:attachment":[{"href":"https:\/\/www.3p-gmbh.de\/fr\/wp-json\/wp\/v2\/media?parent=90652"}],"wp:term":[{"taxonomy":"product_brand","embeddable":true,"href":"https:\/\/www.3p-gmbh.de\/fr\/wp-json\/wp\/v2\/product_brand?post=90652"},{"taxonomy":"product_cat","embeddable":true,"href":"https:\/\/www.3p-gmbh.de\/fr\/wp-json\/wp\/v2\/product_cat?post=90652"},{"taxonomy":"product_tag","embeddable":true,"href":"https:\/\/www.3p-gmbh.de\/fr\/wp-json\/wp\/v2\/product_tag?post=90652"}],"curies":[{"name":"wp","href":"https:\/\/api.w.org\/{rel}","templated":true}]}}