{"id":90651,"date":"2019-11-01T13:39:30","date_gmt":"2019-11-01T13:39:30","guid":{"rendered":"https:\/\/www.3p-gmbh.de\/produkt\/ernst-nagel-rinak-duo-agrafeuse-a-deux-agrafes\/"},"modified":"2019-11-01T13:39:30","modified_gmt":"2019-11-01T13:39:30","slug":"agrafeuse-a-double-agrafe-ernst-clou-rinak-duo","status":"publish","type":"product","link":"https:\/\/www.3p-gmbh.de\/fr\/produkt\/agrafeuse-a-double-agrafe-ernst-clou-rinak-duo\/","title":{"rendered":"Ernst Nagel Rinak Duo Agrafeuse \u00e0 deux agrafes"},"content":{"rendered":"<p>pour l&rsquo;agrafage en bloc et \u00e0 cheval jusqu&rsquo;\u00e0 4 mm<br \/>\n\u00e9tat comme neuf<\/p>\n<p>Deux agrafes en une seule op\u00e9ration<br \/>\nPour tous les utilisateurs qui souhaitent agrafer les documents en une seule op\u00e9ration avec deux agrafes,<br \/>\nl&rsquo;agrafeuse \u00e9lectrique NAGEL RINAK DUO est particuli\u00e8rement adapt\u00e9e.<br \/>\nIl se compose de deux agrafeuses individuelles RINAK, qui sont coupl\u00e9es \u00e9lectriquement et peuvent \u00eatre r\u00e9gl\u00e9es \u00e0 une distance variable.<br \/>\nL&rsquo;utilisation est extr\u00eamement confortable et simple.<br \/>\nIl en va de m\u00eame pour l&rsquo;agrafage avec des agrafes \u00e0 anneaux pour la r\u00e9alisation de brochures qui doivent pouvoir \u00eatre rang\u00e9es dans des classeurs.<\/p>\n<p>agrafeuse \u00e9lectrique \u00e0 double t\u00eate avec \u00e9cartement r\u00e9glable des t\u00eates d&rsquo;agrafage<br \/>\npour l&rsquo;agrafage en bloc et l&rsquo;agrafage \u00e0 cheval pour la fabrication de brochures<\/p>\n<p>Agrafage en bloc : jusqu&rsquo;\u00e0 4 mm env. 40 feuilles (papier 80 g)<br \/>\nBrochures : jusqu&rsquo;\u00e0 3 mm env. 30 feuilles (papier 80 g)<br \/>\nAgrafes : 26\/6, 26\/8S, Ri 26\/6<br \/>\nLa table de marge peut \u00eatre transform\u00e9e en bloc ou en piq\u00fbre \u00e0 cheval par simple basculement<br \/>\nforce de frappe de la t\u00eate d&rsquo;agrafage r\u00e9glable<br \/>\nbut\u00e9e lat\u00e9rale r\u00e9glable<br \/>\nMachine de table \u00e0 fixer sur le plateau<br \/>\ncapacit\u00e9 du magasin d&rsquo;agrafes : 210 pi\u00e8ces<br \/>\nprofondeur d&rsquo;insertion : 30 mm (pour l&rsquo;agrafage en bloc)<br \/>\nRaccordement : 230 V \/ 50 Hz<br \/>\nDimensions : L540 x P370 x H360 mm<br \/>\nPoids (net) : 16 kg<\/p>\n","protected":false},"excerpt":{"rendered":"<p>pour l&rsquo;agrafage en bloc et \u00e0 cheval jusqu&rsquo;\u00e0 4 mm \u00e9tat comme neuf Deux agrafes en une seule op\u00e9ration Pour tous les utilisateurs qui souhaitent agrafer les documents en une seule op\u00e9ration avec deux agrafes, l&rsquo;agrafeuse \u00e9lectrique NAGEL RINAK DUO est particuli\u00e8rement adapt\u00e9e. Il se compose de deux agrafeuses individuelles RINAK, qui sont coupl\u00e9es \u00e9lectriquement [&hellip;]<\/p>\n","protected":false},"featured_media":57633,"template":"","meta":[],"product_brand":[],"product_cat":[2994],"product_tag":[],"class_list":{"0":"post-90651","1":"product","2":"type-product","3":"status-publish","4":"has-post-thumbnail","6":"product_cat-agrafeuses","7":"pa_hersteller-ernst-nagel","8":"pa_typ-rinak-duo","10":"first","11":"instock","12":"taxable","13":"shipping-taxable","14":"purchasable","15":"product-type-simple"},"jetpack_sharing_enabled":true,"_links":{"self":[{"href":"https:\/\/www.3p-gmbh.de\/fr\/wp-json\/wp\/v2\/product\/90651","targetHints":{"allow":["GET"]}}],"collection":[{"href":"https:\/\/www.3p-gmbh.de\/fr\/wp-json\/wp\/v2\/product"}],"about":[{"href":"https:\/\/www.3p-gmbh.de\/fr\/wp-json\/wp\/v2\/types\/product"}],"wp:featuredmedia":[{"embeddable":true,"href":"https:\/\/www.3p-gmbh.de\/fr\/wp-json\/wp\/v2\/media\/57633"}],"wp:attachment":[{"href":"https:\/\/www.3p-gmbh.de\/fr\/wp-json\/wp\/v2\/media?parent=90651"}],"wp:term":[{"taxonomy":"product_brand","embeddable":true,"href":"https:\/\/www.3p-gmbh.de\/fr\/wp-json\/wp\/v2\/product_brand?post=90651"},{"taxonomy":"product_cat","embeddable":true,"href":"https:\/\/www.3p-gmbh.de\/fr\/wp-json\/wp\/v2\/product_cat?post=90651"},{"taxonomy":"product_tag","embeddable":true,"href":"https:\/\/www.3p-gmbh.de\/fr\/wp-json\/wp\/v2\/product_tag?post=90651"}],"curies":[{"name":"wp","href":"https:\/\/api.w.org\/{rel}","templated":true}]}}