{"id":90639,"date":"2019-11-01T14:43:27","date_gmt":"2019-11-01T14:43:27","guid":{"rendered":"https:\/\/www.3p-gmbh.de\/produkt\/herzog-heymann-systeme-de-transport-de-mailing-381\/"},"modified":"2019-11-01T14:43:27","modified_gmt":"2019-11-01T14:43:27","slug":"herzog-heymann-mailingtransportsystem-381","status":"publish","type":"product","link":"https:\/\/www.3p-gmbh.de\/fr\/produkt\/herzog-heymann-mailingtransportsystem-381\/","title":{"rendered":"Herzog &amp; Heymann Syst\u00e8me de transport de mailing 381"},"content":{"rendered":"<ul>\n<li>Table \u00e0 rouleaux \u00e0 grande vitesse<\/li>\n<li>Herzog &amp; Heymann 381 Syst\u00e8me de transport<\/li>\n<li>Largeur de travail 82 cm<\/li>\n<li>longueur de travail 330 cm<\/li>\n<li>Vitesse de 160 m\/min<\/li>\n<li>hauteur r\u00e9glable de 650 mm \u00e0 950 mm<\/li>\n<li>Sangles r\u00e9sistantes aux UV<\/li>\n<li>bandes \u00e0 vide en quatre parties<\/li>\n<li>2 distributeurs d&rsquo;\u00e9tiquettes ALS 350<\/li>\n<\/ul>\n","protected":false},"excerpt":{"rendered":"<p>Table \u00e0 rouleaux \u00e0 grande vitesse Herzog &amp; Heymann 381 Syst\u00e8me de transport Largeur de travail 82 cm longueur de travail 330 cm Vitesse de 160 m\/min hauteur r\u00e9glable de 650 mm \u00e0 950 mm Sangles r\u00e9sistantes aux UV bandes \u00e0 vide en quatre parties 2 distributeurs d&rsquo;\u00e9tiquettes ALS 350<\/p>\n","protected":false},"featured_media":57662,"template":"","meta":[],"product_brand":[],"product_cat":[2866],"product_tag":[],"class_list":{"0":"post-90639","1":"product","2":"type-product","3":"status-publish","4":"has-post-thumbnail","6":"product_cat-autre-traitement-ulterieur","7":"pa_bezeichnung_typ-mailingtransportsystem-381","8":"pa_hersteller-herzog-heymann","10":"first","11":"instock","12":"taxable","13":"shipping-taxable","14":"purchasable","15":"product-type-simple"},"jetpack_sharing_enabled":true,"_links":{"self":[{"href":"https:\/\/www.3p-gmbh.de\/fr\/wp-json\/wp\/v2\/product\/90639","targetHints":{"allow":["GET"]}}],"collection":[{"href":"https:\/\/www.3p-gmbh.de\/fr\/wp-json\/wp\/v2\/product"}],"about":[{"href":"https:\/\/www.3p-gmbh.de\/fr\/wp-json\/wp\/v2\/types\/product"}],"wp:featuredmedia":[{"embeddable":true,"href":"https:\/\/www.3p-gmbh.de\/fr\/wp-json\/wp\/v2\/media\/57662"}],"wp:attachment":[{"href":"https:\/\/www.3p-gmbh.de\/fr\/wp-json\/wp\/v2\/media?parent=90639"}],"wp:term":[{"taxonomy":"product_brand","embeddable":true,"href":"https:\/\/www.3p-gmbh.de\/fr\/wp-json\/wp\/v2\/product_brand?post=90639"},{"taxonomy":"product_cat","embeddable":true,"href":"https:\/\/www.3p-gmbh.de\/fr\/wp-json\/wp\/v2\/product_cat?post=90639"},{"taxonomy":"product_tag","embeddable":true,"href":"https:\/\/www.3p-gmbh.de\/fr\/wp-json\/wp\/v2\/product_tag?post=90639"}],"curies":[{"name":"wp","href":"https:\/\/api.w.org\/{rel}","templated":true}]}}