{"id":90638,"date":"2019-11-04T08:00:51","date_gmt":"2019-11-04T08:00:51","guid":{"rendered":"https:\/\/www.3p-gmbh.de\/produkt\/mathias-baeuerle-plieuse-de-poche-prestige-foldnet-52-4-4-fsa-am-52\/"},"modified":"2019-11-04T08:00:51","modified_gmt":"2019-11-04T08:00:51","slug":"plieuse-de-poche-mathias-baeuerle-prestige-foldnet-52-4-4-fsa-am-52","status":"publish","type":"product","link":"https:\/\/www.3p-gmbh.de\/fr\/produkt\/plieuse-de-poche-mathias-baeuerle-prestige-foldnet-52-4-4-fsa-am-52\/","title":{"rendered":"Mathias B\u00e4uerle Plieuse de poche Prestige FoldNet 52-4-4-FSA-AM 52"},"content":{"rendered":"<p>r\u00e9glage enti\u00e8rement automatique<\/p>\n<p>1er groupe de pliage avec 4 poches et arbre porte-couteaux en aval, table de transfert,<br \/>\navec 42,9 millions de plis<\/p>\n<p>2\u00e8me groupe de pliage avec 4 poches et arbre porte-couteaux en aval<br \/>\nenviron 15 millions de plis<\/p>\n<p>Le syst\u00e8me de r\u00e9glage automatique contr\u00f4le le r\u00e9glage de la machine, du margeur \u00e0 la sortie.<br \/>\n\u00c0 partir du format de plano pr\u00e9d\u00e9fini, du type de pliage choisi et de l&rsquo;\u00e9paisseur du papier mesur\u00e9e par un capteur d&rsquo;\u00e9paisseur de papier, la commande informatique calcule<br \/>\nla position des diff\u00e9rents \u00e9l\u00e9ments de r\u00e9glage et reprend leur r\u00e9glage.<br \/>\nLa commande intelligente de la machine et l&rsquo;utilisation de l&rsquo;\u00e9cran tactile facilitent le pliage.<br \/>\nLe panneau central \u00e0 \u00e9cran tactile est l&rsquo;interface utilisateur interactive.<br \/>\nC&rsquo;est \u00e0 partir de l\u00e0 que tous les r\u00e9glages importants sont effectu\u00e9s.<br \/>\nLes interventions manuelles sont r\u00e9duites au minimum.<br \/>\nLe guide de l&rsquo;utilisateur est con\u00e7u de mani\u00e8re auto-explicative.<br \/>\nIl est possible de savoir \u00e0 tout moment quel menu est actif et quelles options sont encore disponibles.<br \/>\nGr\u00e2ce \u00e0 une interface, prestigeFOLD permet l&rsquo;int\u00e9gration dans un r\u00e9seau d&rsquo;entreprise.<br \/>\nLa transmission des donn\u00e9es \u00e0 la machine par fichier JDF ou une saisie des donn\u00e9es d&rsquo;exploitation sont ainsi possibles.<\/p>\n<p>R\u00e9glage automatique pour :<br \/>\n* Investisseur<br \/>\n* toutes les poches de pliage<br \/>\n* Aiguillage en arc<br \/>\n* R\u00e8gles<br \/>\n* Rouleaux<br \/>\n* D\u00e9penses<br \/>\n* 20 types de pliage fixes enregistr\u00e9s<br \/>\n* Autres types de pliage librement programmables<br \/>\n* 200 emplacements de m\u00e9moire pour les t\u00e2ches r\u00e9p\u00e9titives<br \/>\n* Compatible avec CIP4<br \/>\n* Plieuses \u00e0 4 ou 6 poches<br \/>\n* Extensible jusqu&rsquo;\u00e0 3 plieuses \u00e0 poches<br \/>\n* Peut \u00eatre combin\u00e9 avec un plieur de guide-cha\u00eene mobile<\/p>\n<p>max. Format de feuille 52 x 85 cm<br \/>\nmin. Format de feuille 10 x 12 cm<br \/>\nmin. longueur du pli 3,5 cm<br \/>\nhauteur d&#8217;empilement du quai 66 cm<br \/>\nVitesse max. 220 m\/min<\/p>\n<p>sortie d&rsquo;\u00e9cailles longue mobile et r\u00e9glable en hauteur<\/p>\n","protected":false},"excerpt":{"rendered":"<p>r\u00e9glage enti\u00e8rement automatique 1er groupe de pliage avec 4 poches et arbre porte-couteaux en aval, table de transfert, avec 42,9 millions de plis 2\u00e8me groupe de pliage avec 4 poches et arbre porte-couteaux en aval environ 15 millions de plis Le syst\u00e8me de r\u00e9glage automatique contr\u00f4le le r\u00e9glage de la machine, du margeur \u00e0 la [&hellip;]<\/p>\n","protected":false},"featured_media":57682,"template":"","meta":[],"product_brand":[],"product_cat":[2984],"product_tag":[],"class_list":{"0":"post-90638","1":"product","2":"type-product","3":"status-publish","4":"has-post-thumbnail","6":"product_cat-plieuses-fr","7":"pa_hersteller-mathias-baeuerle","8":"pa_typ-foldnet-52-4-4-fsa-am-52","10":"first","11":"instock","12":"taxable","13":"shipping-taxable","14":"purchasable","15":"product-type-simple"},"jetpack_sharing_enabled":true,"_links":{"self":[{"href":"https:\/\/www.3p-gmbh.de\/fr\/wp-json\/wp\/v2\/product\/90638","targetHints":{"allow":["GET"]}}],"collection":[{"href":"https:\/\/www.3p-gmbh.de\/fr\/wp-json\/wp\/v2\/product"}],"about":[{"href":"https:\/\/www.3p-gmbh.de\/fr\/wp-json\/wp\/v2\/types\/product"}],"wp:featuredmedia":[{"embeddable":true,"href":"https:\/\/www.3p-gmbh.de\/fr\/wp-json\/wp\/v2\/media\/57682"}],"wp:attachment":[{"href":"https:\/\/www.3p-gmbh.de\/fr\/wp-json\/wp\/v2\/media?parent=90638"}],"wp:term":[{"taxonomy":"product_brand","embeddable":true,"href":"https:\/\/www.3p-gmbh.de\/fr\/wp-json\/wp\/v2\/product_brand?post=90638"},{"taxonomy":"product_cat","embeddable":true,"href":"https:\/\/www.3p-gmbh.de\/fr\/wp-json\/wp\/v2\/product_cat?post=90638"},{"taxonomy":"product_tag","embeddable":true,"href":"https:\/\/www.3p-gmbh.de\/fr\/wp-json\/wp\/v2\/product_tag?post=90638"}],"curies":[{"name":"wp","href":"https:\/\/api.w.org\/{rel}","templated":true}]}}