{"id":90631,"date":"2019-11-04T08:31:50","date_gmt":"2019-11-04T08:31:50","guid":{"rendered":"https:\/\/www.3p-gmbh.de\/produkt\/dynatec-quattro-challenger-colle-fondue-avec-deux-buses-dapplication-dy-2002-appareil-de-commande-pour-8-canaux\/"},"modified":"2019-11-04T08:31:50","modified_gmt":"2019-11-04T08:31:50","slug":"dynatec-quattro-challenger-colle-fusion-avec-deux-doses-dapplication-dy-2002-appareil-de-controle-pour-8-canaux","status":"publish","type":"product","link":"https:\/\/www.3p-gmbh.de\/fr\/produkt\/dynatec-quattro-challenger-colle-fusion-avec-deux-doses-dapplication-dy-2002-appareil-de-controle-pour-8-canaux\/","title":{"rendered":"Dynatec Quattro Challenger colle fondue avec deux buses d&rsquo;application Dy 2002 appareil de commande pour 8 canaux"},"content":{"rendered":"<p>pour une application pr\u00e9cise de la colle dans les machines \u00e0 rotation rapide<br \/>\npeut commander 8 canaux<br \/>\net jusqu&rsquo;\u00e0 max. Alimenter 4 t\u00eates d&rsquo;application de colle<\/p>\n<ul>\n<li>1 Dynatec Quattro Challenger<\/li>\n<li>capacit\u00e9 de remplissage du r\u00e9cipient 8,5 kg<\/li>\n<li>temp\u00e9rature de fonctionnement 38 \u00e0 218 \u00b0C<\/li>\n<li>Taux de fusion \/ heure 9 kg\/h<\/li>\n<li>D\u00e9bit de pompe 871 g\/min<\/li>\n<li>Taux de compression de la pompe \u00e0 piston 14:1<\/li>\n<li>Sorties de tuyaux 4<\/li>\n<li>Temp\u00e9rature Stabilit\u00e9 \u00b1 1 \u00b0C<\/li>\n<li>Pression hydraulique maximale en fonctionnement 7 bar &#8211; piston pompe<\/li>\n<li>Alimentation \u00e9lectrique 200 &#8211; 240 V<\/li>\n<li>1-3 phases 50\/60 Hz<\/li>\n<li>Alimentation \u00e9lectrique 380 V<\/li>\n<li>3 phases wye 50\/60 Hz<\/li>\n<li>Viscosit\u00e9 en fonctionnement 500 \u00e0 30.000 cps<\/li>\n<\/ul>\n<p>L&rsquo;avantage Dynatec Fondeur ITW Challenger\u00ae Quattro&#x2122;<br \/>\n-R\u00e9glages flexibles de la temp\u00e9rature pour am\u00e9liorer les propri\u00e9t\u00e9s de l&rsquo;adh\u00e9sif<br \/>\n-Pompe \u00e0 piston tr\u00e8s fiable<br \/>\n-Le r\u00e9servoir recouvert de T\u00e9flon permet le remplissage avec toutes les formes courantes de granul\u00e9s de colle chaude comme les pellets, les billes et les blocs.<\/p>\n<p>1 Dy 2002 Appareil de commande pour 8 canaux<\/p>\n<p>2 rubans chauffants d&rsquo;environ 1,80 et deux buses d&rsquo;application sur chariot<\/p>\n","protected":false},"excerpt":{"rendered":"<p>pour une application pr\u00e9cise de la colle dans les machines \u00e0 rotation rapide peut commander 8 canaux et jusqu&rsquo;\u00e0 max. Alimenter 4 t\u00eates d&rsquo;application de colle 1 Dynatec Quattro Challenger capacit\u00e9 de remplissage du r\u00e9cipient 8,5 kg temp\u00e9rature de fonctionnement 38 \u00e0 218 \u00b0C Taux de fusion \/ heure 9 kg\/h D\u00e9bit de pompe 871 [&hellip;]<\/p>\n","protected":false},"featured_media":57688,"template":"","meta":[],"product_brand":[],"product_cat":[2866],"product_tag":[],"class_list":{"0":"post-90631","1":"product","2":"type-product","3":"status-publish","4":"has-post-thumbnail","6":"product_cat-autre-traitement-ulterieur","7":"pa_hersteller-dynatec","8":"pa_typ-quattro-challenger","10":"first","11":"instock","12":"taxable","13":"shipping-taxable","14":"purchasable","15":"product-type-simple"},"jetpack_sharing_enabled":true,"_links":{"self":[{"href":"https:\/\/www.3p-gmbh.de\/fr\/wp-json\/wp\/v2\/product\/90631","targetHints":{"allow":["GET"]}}],"collection":[{"href":"https:\/\/www.3p-gmbh.de\/fr\/wp-json\/wp\/v2\/product"}],"about":[{"href":"https:\/\/www.3p-gmbh.de\/fr\/wp-json\/wp\/v2\/types\/product"}],"wp:featuredmedia":[{"embeddable":true,"href":"https:\/\/www.3p-gmbh.de\/fr\/wp-json\/wp\/v2\/media\/57688"}],"wp:attachment":[{"href":"https:\/\/www.3p-gmbh.de\/fr\/wp-json\/wp\/v2\/media?parent=90631"}],"wp:term":[{"taxonomy":"product_brand","embeddable":true,"href":"https:\/\/www.3p-gmbh.de\/fr\/wp-json\/wp\/v2\/product_brand?post=90631"},{"taxonomy":"product_cat","embeddable":true,"href":"https:\/\/www.3p-gmbh.de\/fr\/wp-json\/wp\/v2\/product_cat?post=90631"},{"taxonomy":"product_tag","embeddable":true,"href":"https:\/\/www.3p-gmbh.de\/fr\/wp-json\/wp\/v2\/product_tag?post=90631"}],"curies":[{"name":"wp","href":"https:\/\/api.w.org\/{rel}","templated":true}]}}