{"id":90626,"date":"2019-11-04T09:34:46","date_gmt":"2019-11-04T09:34:46","guid":{"rendered":"https:\/\/www.3p-gmbh.de\/produkt\/stahlfolder-plieuse-a-poches-t-52-2-4-4-f-t-sa\/"},"modified":"2019-11-04T09:34:46","modified_gmt":"2019-11-04T09:34:46","slug":"plieuse-de-poche-acier-t-52-2-4-4-f-t-sa","status":"publish","type":"product","link":"https:\/\/www.3p-gmbh.de\/fr\/produkt\/plieuse-de-poche-acier-t-52-2-4-4-f-t-sa\/","title":{"rendered":"STAHLFolder Plieuse \u00e0 poches T 52.2-4-4-F-T SA"},"content":{"rendered":"<p>Margeur \u00e0 pile plate F 52.2 avec Tremat<br \/>\nCommande avec compteur int\u00e9gr\u00e9 et entra\u00eenement par convertisseur<br \/>\nFW I 4 poches 52cm avec dispositif d&rsquo;insonorisation<br \/>\nFW II 4 poches 52cm avec dispositif d&rsquo;insonorisation<\/p>\n<p>sortie \u00e0 \u00e9cailles mobile SAK 56.S2<\/p>\n<p>Dispositif de colle froide Planatol avec appareil de commande<\/p>\n<p>les rouleaux de pliage ont \u00e9t\u00e9 re-gomm\u00e9s en 2015<\/p>\n","protected":false},"excerpt":{"rendered":"<p>Margeur \u00e0 pile plate F 52.2 avec Tremat Commande avec compteur int\u00e9gr\u00e9 et entra\u00eenement par convertisseur FW I 4 poches 52cm avec dispositif d&rsquo;insonorisation FW II 4 poches 52cm avec dispositif d&rsquo;insonorisation sortie \u00e0 \u00e9cailles mobile SAK 56.S2 Dispositif de colle froide Planatol avec appareil de commande les rouleaux de pliage ont \u00e9t\u00e9 re-gomm\u00e9s en [&hellip;]<\/p>\n","protected":false},"featured_media":57722,"template":"","meta":[],"product_brand":[],"product_cat":[2984],"product_tag":[],"class_list":{"0":"post-90626","1":"product","2":"type-product","3":"status-publish","4":"has-post-thumbnail","6":"product_cat-plieuses-fr","7":"pa_hersteller-heidelberg-stahlfolder","8":"pa_typ-t-52-2-4-4-f-t-sa","10":"first","11":"instock","12":"taxable","13":"shipping-taxable","14":"purchasable","15":"product-type-simple"},"jetpack_sharing_enabled":true,"_links":{"self":[{"href":"https:\/\/www.3p-gmbh.de\/fr\/wp-json\/wp\/v2\/product\/90626","targetHints":{"allow":["GET"]}}],"collection":[{"href":"https:\/\/www.3p-gmbh.de\/fr\/wp-json\/wp\/v2\/product"}],"about":[{"href":"https:\/\/www.3p-gmbh.de\/fr\/wp-json\/wp\/v2\/types\/product"}],"wp:featuredmedia":[{"embeddable":true,"href":"https:\/\/www.3p-gmbh.de\/fr\/wp-json\/wp\/v2\/media\/57722"}],"wp:attachment":[{"href":"https:\/\/www.3p-gmbh.de\/fr\/wp-json\/wp\/v2\/media?parent=90626"}],"wp:term":[{"taxonomy":"product_brand","embeddable":true,"href":"https:\/\/www.3p-gmbh.de\/fr\/wp-json\/wp\/v2\/product_brand?post=90626"},{"taxonomy":"product_cat","embeddable":true,"href":"https:\/\/www.3p-gmbh.de\/fr\/wp-json\/wp\/v2\/product_cat?post=90626"},{"taxonomy":"product_tag","embeddable":true,"href":"https:\/\/www.3p-gmbh.de\/fr\/wp-json\/wp\/v2\/product_tag?post=90626"}],"curies":[{"name":"wp","href":"https:\/\/api.w.org\/{rel}","templated":true}]}}