{"id":90618,"date":"2019-11-04T10:00:03","date_gmt":"2019-11-04T10:00:03","guid":{"rendered":"https:\/\/www.3p-gmbh.de\/produkt\/setmaster-22-stations-a-3-hors-format-systeme-de-transport-de-bande-assembleuse\/"},"modified":"2019-11-04T10:00:03","modified_gmt":"2019-11-04T10:00:03","slug":"22-stations-a-3-sur-format-systeme-de-transport-de-bande-modele-setmaster","status":"publish","type":"product","link":"https:\/\/www.3p-gmbh.de\/fr\/produkt\/22-stations-a-3-sur-format-systeme-de-transport-de-bande-modele-setmaster\/","title":{"rendered":"Setmaster 22 stations A 3 hors format Syst\u00e8me de transport de bande Assembleuse"},"content":{"rendered":"<p>Contr\u00f4le par automate programmable<br \/>\n22 stations avec une hauteur d&#8217;empilage de 100cm<br \/>\n-Syst\u00e8me de transport de bande, tous les formats interm\u00e9diaires possibles<br \/>\n-R\u00e9glage automatique du format<br \/>\n-course \u00e0 droite dans un tapis de transfert<br \/>\nContr\u00f4le des doubles &amp; des feuilles manquantes<br \/>\nla machine est divisible en 3 segments<br \/>\nincl. un grand stock de pi\u00e8ces de rechange<\/p>\n<p>Vid\u00e9o de d\u00e9monstration du propri\u00e9taire pr\u00e9c\u00e9dent :<\/p>\n<p><iframe loading=\"lazy\" title=\"Setmaster collator in running condition\" width=\"980\" height=\"735\" src=\"https:\/\/www.youtube.com\/embed\/hnVxOzjZxzA?feature=oembed\" frameborder=\"0\" allow=\"accelerometer; autoplay; clipboard-write; encrypted-media; gyroscope; picture-in-picture; web-share\" allowfullscreen><\/iframe><\/p>\n<p>&nbsp;<\/p>\n","protected":false},"excerpt":{"rendered":"<p>Contr\u00f4le par automate programmable 22 stations avec une hauteur d&#8217;empilage de 100cm -Syst\u00e8me de transport de bande, tous les formats interm\u00e9diaires possibles -R\u00e9glage automatique du format -course \u00e0 droite dans un tapis de transfert Contr\u00f4le des doubles &amp; des feuilles manquantes la machine est divisible en 3 segments incl. un grand stock de pi\u00e8ces de [&hellip;]<\/p>\n","protected":false},"featured_media":57737,"template":"","meta":[],"product_brand":[],"product_cat":[3046],"product_tag":[],"class_list":{"0":"post-90618","1":"product","2":"type-product","3":"status-publish","4":"has-post-thumbnail","6":"product_cat-assembleuses","7":"pa_typ-setmaster","9":"first","10":"instock","11":"taxable","12":"shipping-taxable","13":"purchasable","14":"product-type-simple"},"jetpack_sharing_enabled":true,"_links":{"self":[{"href":"https:\/\/www.3p-gmbh.de\/fr\/wp-json\/wp\/v2\/product\/90618","targetHints":{"allow":["GET"]}}],"collection":[{"href":"https:\/\/www.3p-gmbh.de\/fr\/wp-json\/wp\/v2\/product"}],"about":[{"href":"https:\/\/www.3p-gmbh.de\/fr\/wp-json\/wp\/v2\/types\/product"}],"wp:featuredmedia":[{"embeddable":true,"href":"https:\/\/www.3p-gmbh.de\/fr\/wp-json\/wp\/v2\/media\/57737"}],"wp:attachment":[{"href":"https:\/\/www.3p-gmbh.de\/fr\/wp-json\/wp\/v2\/media?parent=90618"}],"wp:term":[{"taxonomy":"product_brand","embeddable":true,"href":"https:\/\/www.3p-gmbh.de\/fr\/wp-json\/wp\/v2\/product_brand?post=90618"},{"taxonomy":"product_cat","embeddable":true,"href":"https:\/\/www.3p-gmbh.de\/fr\/wp-json\/wp\/v2\/product_cat?post=90618"},{"taxonomy":"product_tag","embeddable":true,"href":"https:\/\/www.3p-gmbh.de\/fr\/wp-json\/wp\/v2\/product_tag?post=90618"}],"curies":[{"name":"wp","href":"https:\/\/api.w.org\/{rel}","templated":true}]}}