{"id":90589,"date":"2019-11-04T13:31:11","date_gmt":"2019-11-04T13:31:11","guid":{"rendered":"https:\/\/www.3p-gmbh.de\/produkt\/hang-107-20-perceuse-a-papier\/"},"modified":"2019-11-04T13:31:11","modified_gmt":"2019-11-04T13:31:11","slug":"perceuse-a-papier-hang-107-20","status":"publish","type":"product","link":"https:\/\/www.3p-gmbh.de\/fr\/produkt\/perceuse-a-papier-hang-107-20\/","title":{"rendered":"Hang 107 &#8211; 20 Perceuse \u00e0 papier"},"content":{"rendered":"<ul>\n<li>perceuse de papier automatique multibroche<\/li>\n<li>avec 2 t\u00eates de forage<\/li>\n<li>Diam\u00e8tre du foret 3 &#8211; 14 mm<\/li>\n<li>Plage de r\u00e9glage des broches de per\u00e7age de 36 \u00e0 420 mm<\/li>\n<li>tr\u00e8s grande profondeur de travail 300 mm<\/li>\n<li>Serrage rapide des m\u00e8ches \u00e0 papier<\/li>\n<li>Vitesse de rotation du foret r\u00e9glable en continu<\/li>\n<li>Mode jogging pour le r\u00e9glage de la machine<\/li>\n<li>Machine mobile sur roulettes orientables<\/li>\n<li>But\u00e9es de profondeur et lat\u00e9rales<\/li>\n<li>avec moteur triphas\u00e9 380 V<\/li>\n<li>D\u00e9clenchement par p\u00e9dale \u00e9lectrique, circuit d&rsquo;inversion<\/li>\n<li>au choix avec deux ou quatre t\u00eates de forage<\/li>\n<\/ul>\n","protected":false},"excerpt":{"rendered":"<p>perceuse de papier automatique multibroche avec 2 t\u00eates de forage Diam\u00e8tre du foret 3 &#8211; 14 mm Plage de r\u00e9glage des broches de per\u00e7age de 36 \u00e0 420 mm tr\u00e8s grande profondeur de travail 300 mm Serrage rapide des m\u00e8ches \u00e0 papier Vitesse de rotation du foret r\u00e9glable en continu Mode jogging pour le r\u00e9glage [&hellip;]<\/p>\n","protected":false},"featured_media":57815,"template":"","meta":[],"product_brand":[],"product_cat":[2957],"product_tag":[],"class_list":{"0":"post-90589","1":"product","2":"type-product","3":"status-publish","4":"has-post-thumbnail","6":"product_cat-perceuses-a-papier","7":"pa_bezeichnung_typ-hang-107-20","8":"pa_hersteller-constantin-hang","10":"first","11":"instock","12":"taxable","13":"shipping-taxable","14":"purchasable","15":"product-type-simple"},"jetpack_sharing_enabled":true,"_links":{"self":[{"href":"https:\/\/www.3p-gmbh.de\/fr\/wp-json\/wp\/v2\/product\/90589","targetHints":{"allow":["GET"]}}],"collection":[{"href":"https:\/\/www.3p-gmbh.de\/fr\/wp-json\/wp\/v2\/product"}],"about":[{"href":"https:\/\/www.3p-gmbh.de\/fr\/wp-json\/wp\/v2\/types\/product"}],"wp:featuredmedia":[{"embeddable":true,"href":"https:\/\/www.3p-gmbh.de\/fr\/wp-json\/wp\/v2\/media\/57815"}],"wp:attachment":[{"href":"https:\/\/www.3p-gmbh.de\/fr\/wp-json\/wp\/v2\/media?parent=90589"}],"wp:term":[{"taxonomy":"product_brand","embeddable":true,"href":"https:\/\/www.3p-gmbh.de\/fr\/wp-json\/wp\/v2\/product_brand?post=90589"},{"taxonomy":"product_cat","embeddable":true,"href":"https:\/\/www.3p-gmbh.de\/fr\/wp-json\/wp\/v2\/product_cat?post=90589"},{"taxonomy":"product_tag","embeddable":true,"href":"https:\/\/www.3p-gmbh.de\/fr\/wp-json\/wp\/v2\/product_tag?post=90589"}],"curies":[{"name":"wp","href":"https:\/\/api.w.org\/{rel}","templated":true}]}}