{"id":90584,"date":"2019-11-04T13:14:30","date_gmt":"2019-11-04T13:14:30","guid":{"rendered":"https:\/\/www.3p-gmbh.de\/produkt\/ligne-de-coupe-polar-115-xt-avec-vibreur-automatique-ra-4-et-deux-empileurs-elevateurs-lw-1000-4-et-lw-1000-4-ev-et-balance-de-comptage-en-option\/"},"modified":"2019-11-04T13:14:30","modified_gmt":"2019-11-04T13:14:30","slug":"ligne-de-neige-polar-115-xt","status":"publish","type":"product","link":"https:\/\/www.3p-gmbh.de\/fr\/produkt\/ligne-de-neige-polar-115-xt\/","title":{"rendered":"Ligne de coupe Polar 115 XT avec vibreur automatique RA-4 et deux empileurs-\u00e9l\u00e9vateurs LW 1000-4 et LW 1000-4-EV et balance de comptage en option"},"content":{"rendered":"<p>Le flux de travail :<br \/>\nLa mati\u00e8re \u00e0 d\u00e9couper est amen\u00e9e \u00e0 une hauteur de travail optimale sur le c\u00f4t\u00e9 droit \u00e0 l&rsquo;aide d&rsquo;un \u00e9l\u00e9vateur de chargement,<br \/>\nplac\u00e9 avec pr\u00e9cision par l&rsquo;op\u00e9rateur dans l&rsquo;automate de vibration au moyen de la balance de comptage optionnelle, puis secou\u00e9<br \/>\npuis transport\u00e9 sur la table avant de la machine de d\u00e9coupe rapide via un \u00e9l\u00e9ment de table de transfert.<br \/>\nD\u00e9pos\u00e9 apr\u00e8s la coupe sur l&rsquo;\u00e9l\u00e9vateur de d\u00e9chargement avec aide \u00e0 l&#8217;empilage.<\/p>\n<p>El\u00e9vateur de piles Polar LW 1000-4<br \/>\nde l&rsquo;ann\u00e9e 2004<br \/>\nPlate-forme 80x126mm<br \/>\nLe soul\u00e8vement automatique du mat\u00e9riau \u00e0 couper permet \u00e0 l&rsquo;op\u00e9rateur de travailler dans une position qui lui convient.<br \/>\nde travail ergonomique, le mat\u00e9riau est plac\u00e9 dans la machine \u00e0 secouer ou directement dans le bac \u00e0 sable.<br \/>\ncharger la machine \u00e0 d\u00e9couper.<br \/>\nMais l&rsquo;\u00e9l\u00e9vateur de pile peut aussi \u00eatre utilis\u00e9 pour d\u00e9piler des produits \u00e0 d\u00e9couper et dispose d&rsquo;une aide \u00e0 l&#8217;empilage r\u00e9glable.<br \/>\nLes \u00e9l\u00e9vateurs empilables ne doivent pas \u00eatre ancr\u00e9s dans le sol et peuvent donc \u00eatre d\u00e9plac\u00e9s facilement.<br \/>\nIls sont \u00e9quip\u00e9s de barri\u00e8res photo\u00e9lectriques r\u00e9flexes r\u00e9glables en continu pour une mont\u00e9e ou une descente automatique.<\/p>\n<p>Vibreur automatique RA-4 avec rouleau d&rsquo;\u00e9jection d&rsquo;air<br \/>\nde l&rsquo;ann\u00e9e 2004<br \/>\nUne fois le processus de secouage termin\u00e9, l&rsquo;air est expuls\u00e9 de la couche de coupe.<br \/>\nVous pouvez \u00e9taler 1 ou 2 fois, la pression de la premi\u00e8re op\u00e9ration d&rsquo;\u00e9talement \u00e9tant r\u00e9glable.<br \/>\net, si la table est inclin\u00e9e, de \u00ab\u00a0l&rsquo;\u00e9taler de temps en temps\u00a0\u00bb.<\/p>\n<p>Taille de la table 900x1150mm Plaqu\u00e9 acier inoxydable<br \/>\nHauteur de couche min. 30 mm<br \/>\nHauteur de la couche man. 165 mm<br \/>\nhauteur de table 860 &#8211; 950 mm<br \/>\nConsommation d&rsquo;air comprim\u00e9 \u00e0 6 &#8211; 8 bar env. 2L\/min<\/p>\n<p>Machine de d\u00e9coupe Polar 115 XT avec commande tactile directe<br \/>\nde l&rsquo;ann\u00e9e 2004<br \/>\n&#8211; des coins d&rsquo;air de transfert nickel\u00e9s<br \/>\n&#8211; table \u00e0 air nickel\u00e9e<br \/>\n&#8211; deux tables lat\u00e9rales \u00e0 air Resopal 100&#215;100<br \/>\nlongueur de coupe 1150 mm<br \/>\nHauteur d&rsquo;insertion max. 165 mm<br \/>\n2 couteaux<\/p>\n<p>El\u00e9vateur de d\u00e9chargement avec dispositif d&#8217;empilage Polar Mohr Stapellift LW 1000-4-EV<br \/>\nAnn\u00e9e de construction 2004<br \/>\nPlate-forme 80x126mm<\/p>\n<p>Le soul\u00e8vement automatique du mat\u00e9riau \u00e0 couper permet \u00e0 l&rsquo;op\u00e9rateur de travailler dans une position qui lui convient.<br \/>\nde travail ergonomique, le mat\u00e9riau est plac\u00e9 dans la machine \u00e0 secouer ou directement dans le bac \u00e0 sable.<br \/>\ncharger la machine \u00e0 d\u00e9couper.<br \/>\nMais l&rsquo;\u00e9l\u00e9vateur de pile peut aussi \u00eatre utilis\u00e9 pour d\u00e9piler des produits \u00e0 d\u00e9couper et dispose d&rsquo;une aide \u00e0 l&#8217;empilage r\u00e9glable.<br \/>\nLes \u00e9l\u00e9vateurs empilables ne doivent pas \u00eatre ancr\u00e9s dans le sol et peuvent donc \u00eatre d\u00e9plac\u00e9s facilement.<br \/>\nIls sont \u00e9quip\u00e9s de barri\u00e8res photo\u00e9lectriques r\u00e9flexes r\u00e9glables en continu pour une mont\u00e9e ou une descente automatique.<\/p>\n<p>Dispositif d&#8217;empilage &#8211; La r\u00e8gle d&rsquo;alignement lat\u00e9ral et le panneau arri\u00e8re facilitent l&rsquo;alignement sur les bords,<br \/>\nr\u00e9-empilage manuel du mat\u00e9riau \u00e0 d\u00e9couper apr\u00e8s la d\u00e9coupe<\/p>\n","protected":false},"excerpt":{"rendered":"<p>Le flux de travail : La mati\u00e8re \u00e0 d\u00e9couper est amen\u00e9e \u00e0 une hauteur de travail optimale sur le c\u00f4t\u00e9 droit \u00e0 l&rsquo;aide d&rsquo;un \u00e9l\u00e9vateur de chargement, plac\u00e9 avec pr\u00e9cision par l&rsquo;op\u00e9rateur dans l&rsquo;automate de vibration au moyen de la balance de comptage optionnelle, puis secou\u00e9 puis transport\u00e9 sur la table avant de la machine [&hellip;]<\/p>\n","protected":false},"featured_media":59144,"template":"","meta":[],"product_brand":[],"product_cat":[3016],"product_tag":[],"class_list":{"0":"post-90584","1":"product","2":"type-product","3":"status-publish","4":"has-post-thumbnail","6":"product_cat-machines-de-decoupe","7":"pa_bezeichnung_typ-schneidelinie-polar-115-xt","8":"pa_hersteller-polar-mohr","10":"first","11":"instock","12":"taxable","13":"shipping-taxable","14":"purchasable","15":"product-type-simple"},"jetpack_sharing_enabled":true,"_links":{"self":[{"href":"https:\/\/www.3p-gmbh.de\/fr\/wp-json\/wp\/v2\/product\/90584","targetHints":{"allow":["GET"]}}],"collection":[{"href":"https:\/\/www.3p-gmbh.de\/fr\/wp-json\/wp\/v2\/product"}],"about":[{"href":"https:\/\/www.3p-gmbh.de\/fr\/wp-json\/wp\/v2\/types\/product"}],"wp:featuredmedia":[{"embeddable":true,"href":"https:\/\/www.3p-gmbh.de\/fr\/wp-json\/wp\/v2\/media\/59144"}],"wp:attachment":[{"href":"https:\/\/www.3p-gmbh.de\/fr\/wp-json\/wp\/v2\/media?parent=90584"}],"wp:term":[{"taxonomy":"product_brand","embeddable":true,"href":"https:\/\/www.3p-gmbh.de\/fr\/wp-json\/wp\/v2\/product_brand?post=90584"},{"taxonomy":"product_cat","embeddable":true,"href":"https:\/\/www.3p-gmbh.de\/fr\/wp-json\/wp\/v2\/product_cat?post=90584"},{"taxonomy":"product_tag","embeddable":true,"href":"https:\/\/www.3p-gmbh.de\/fr\/wp-json\/wp\/v2\/product_tag?post=90584"}],"curies":[{"name":"wp","href":"https:\/\/api.w.org\/{rel}","templated":true}]}}