{"id":90561,"date":"2019-11-04T14:14:57","date_gmt":"2019-11-04T14:14:57","guid":{"rendered":"https:\/\/www.3p-gmbh.de\/produkt\/armoire-de-securite-genios-armoire-de-securite-armoire-coupe-feu-armoire-de-laboratoire\/"},"modified":"2019-11-04T14:14:57","modified_gmt":"2019-11-04T14:14:57","slug":"genios-armoire-de-securite-armoire-coupe-feu-armoire-de-laboratoire","status":"publish","type":"product","link":"https:\/\/www.3p-gmbh.de\/fr\/produkt\/genios-armoire-de-securite-armoire-coupe-feu-armoire-de-laboratoire\/","title":{"rendered":"Armoire de s\u00e9curit\u00e9 Genios \/ armoire de s\u00e9curit\u00e9 \/ armoire coupe-feu \/ armoire de laboratoire"},"content":{"rendered":"<p>pour le stockage de liquides inflammables<\/p>\n<p>Autoris\u00e9 pour le stockage de liquides inflammables sur le lieu de travail<br \/>\nselon EN 14470-1 (type 90) et TRGS 510, annexe 3<br \/>\n&#8211; Construction globale test\u00e9e et approuv\u00e9e par un institut d&rsquo;essai des mat\u00e9riaux reconnu selon EN 14470-1 (type 90) avec une r\u00e9sistance au feu de &gt; 90 minutes<br \/>\n&#8211; S\u00e9curit\u00e9 certifi\u00e9e GS<br \/>\n&#8211; Isolation selon la norme DIN 4102<\/p>\n<p>&#8211; Corps ext\u00e9rieur en t\u00f4le d&rsquo;acier, rev\u00eatement par poudre en RAL 7035 &#8211; gris clair<br \/>\n&#8211; 2 portes battantes en RAL 1007 &#8211; jaune jonquille<br \/>\n&#8211; Corps int\u00e9rieur en panneaux rev\u00eatus HPL &#8211; RAL 7035<br \/>\n&#8211; Barre de finition au sol en acier inoxydable &#8211; Niro losange<br \/>\n&#8211; \u00e9tag\u00e8res r\u00e9glables en hauteur au pas de 64 mm<\/p>\n<p>Au\u00dfenma\u00dfe(BxTxH):1190x598x1935mm -753,00<br \/>\nInnenma\u00dfe(BxTxH):1087x430x1700mm<br \/>\npoids : environ 505 kg<\/p>\n<p>Am\u00e9nagement int\u00e9rieur, comprenant<br \/>\n1 x bac de r\u00e9tention (volume de r\u00e9tention 33 litres), conforme \u00e0 la loi sur l&rsquo;eau (WHG) &#8211; signe \u00dc selon StawaR<br \/>\n1 x couverture en t\u00f4le perfor\u00e9e comme 1er niveau de stockage<br \/>\n3 x \u00e9tag\u00e8res<br \/>\n&#8211; Syst\u00e8me d&rsquo;arr\u00eat de porte<br \/>\n&#8211; En cas d&rsquo;incendie, fermeture automatique par thermom\u00e9canisme<br \/>\n&#8211; portes lorsque la temp\u00e9rature monte \u00e0 &lt; 50 \u00b0C et<br \/>\n&#8211; Gaines d&rsquo;entr\u00e9e et de sortie d&rsquo;air en cas d&rsquo;augmentation de la temp\u00e9rature \u00e0 70 \u00b0C<br \/>\n&#8211; Raccord de ventilation par tubulure DN 80<br \/>\n&#8211; Exploitation conform\u00e9ment \u00e0 l&rsquo;art. TRGS 510, annexe 3 (\u00e9galement autoris\u00e9 sans \u00e9vacuation d&rsquo;air !)<br \/>\n&#8211; Raccordement \u00e0 la terre conform\u00e9ment \u00e0 TRBS 2153 (pr\u00e9vention des sources d&rsquo;inflammation)<br \/>\n&#8211; Marquage selon EN 14470-1 \/ TRGS 510, annexe 3 \/ ISO 3864 \/ ASR A1.3<br \/>\n&#8211; portes verrouillables par serrure cylindrique<\/p>\n","protected":false},"excerpt":{"rendered":"<p>pour le stockage de liquides inflammables Autoris\u00e9 pour le stockage de liquides inflammables sur le lieu de travail selon EN 14470-1 (type 90) et TRGS 510, annexe 3 &#8211; Construction globale test\u00e9e et approuv\u00e9e par un institut d&rsquo;essai des mat\u00e9riaux reconnu selon EN 14470-1 (type 90) avec une r\u00e9sistance au feu de &gt; 90 minutes [&hellip;]<\/p>\n","protected":false},"featured_media":57845,"template":"","meta":[],"product_brand":[],"product_cat":[2920],"product_tag":[],"class_list":{"0":"post-90561","1":"product","2":"type-product","3":"status-publish","4":"has-post-thumbnail","6":"product_cat-technique-de-stockage","7":"pa_hersteller-genios","9":"first","10":"instock","11":"taxable","12":"shipping-taxable","13":"purchasable","14":"product-type-simple"},"jetpack_sharing_enabled":true,"_links":{"self":[{"href":"https:\/\/www.3p-gmbh.de\/fr\/wp-json\/wp\/v2\/product\/90561","targetHints":{"allow":["GET"]}}],"collection":[{"href":"https:\/\/www.3p-gmbh.de\/fr\/wp-json\/wp\/v2\/product"}],"about":[{"href":"https:\/\/www.3p-gmbh.de\/fr\/wp-json\/wp\/v2\/types\/product"}],"wp:featuredmedia":[{"embeddable":true,"href":"https:\/\/www.3p-gmbh.de\/fr\/wp-json\/wp\/v2\/media\/57845"}],"wp:attachment":[{"href":"https:\/\/www.3p-gmbh.de\/fr\/wp-json\/wp\/v2\/media?parent=90561"}],"wp:term":[{"taxonomy":"product_brand","embeddable":true,"href":"https:\/\/www.3p-gmbh.de\/fr\/wp-json\/wp\/v2\/product_brand?post=90561"},{"taxonomy":"product_cat","embeddable":true,"href":"https:\/\/www.3p-gmbh.de\/fr\/wp-json\/wp\/v2\/product_cat?post=90561"},{"taxonomy":"product_tag","embeddable":true,"href":"https:\/\/www.3p-gmbh.de\/fr\/wp-json\/wp\/v2\/product_tag?post=90561"}],"curies":[{"name":"wp","href":"https:\/\/api.w.org\/{rel}","templated":true}]}}