{"id":90556,"date":"2019-11-04T15:00:41","date_gmt":"2019-11-04T15:00:41","guid":{"rendered":"https:\/\/www.3p-gmbh.de\/produkt\/horizon-margeur-a-air-aspire-feuille-a-feuille-assembleuse-ac-6000-s-cf-20-avec-margeur-denveloppes\/"},"modified":"2019-11-04T15:00:41","modified_gmt":"2019-11-04T15:00:41","slug":"horizon-applicateur-dair-aspire-unique-combinaison-ac-6000-s-cf-20-avec-applicateur-denveloppe","status":"publish","type":"product","link":"https:\/\/www.3p-gmbh.de\/fr\/produkt\/horizon-applicateur-dair-aspire-unique-combinaison-ac-6000-s-cf-20-avec-applicateur-denveloppe\/","title":{"rendered":"HORIZON Margeur \u00e0 air aspir\u00e9 feuille \u00e0 feuille Assembleuse AC-6000 S CF-20 avec margeur d&rsquo;enveloppes"},"content":{"rendered":"<p>6 stations et un quai de transbordement suppl\u00e9mentaire CF-20<br \/>\nl&rsquo;alimentation du papier par le principe d&rsquo;aspiration et de soufflage garantit un traitement s\u00fbr m\u00eame pour les papiers tr\u00e8s critiques<br \/>\nFormats de papier de A5 \u00e0 A3<br \/>\nGrammages d&rsquo;environ 50 -260 g\/m2<br \/>\nContr\u00f4le des doubles feuilles<br \/>\nfacilit\u00e9 d&rsquo;utilisation<br \/>\nun encombrement minimal<br \/>\nincl. Pompe DV<br \/>\nSortie (\u00e0 gauche)<\/p>\n","protected":false},"excerpt":{"rendered":"<p>6 stations et un quai de transbordement suppl\u00e9mentaire CF-20 l&rsquo;alimentation du papier par le principe d&rsquo;aspiration et de soufflage garantit un traitement s\u00fbr m\u00eame pour les papiers tr\u00e8s critiques Formats de papier de A5 \u00e0 A3 Grammages d&rsquo;environ 50 -260 g\/m2 Contr\u00f4le des doubles feuilles facilit\u00e9 d&rsquo;utilisation un encombrement minimal incl. Pompe DV Sortie (\u00e0 [&hellip;]<\/p>\n","protected":false},"featured_media":57861,"template":"","meta":[],"product_brand":[],"product_cat":[3046],"product_tag":[],"class_list":{"0":"post-90556","1":"product","2":"type-product","3":"status-publish","4":"has-post-thumbnail","6":"product_cat-assembleuses","7":"pa_hersteller-horizon","8":"pa_typ-ac-6000-s-cf-20","10":"first","11":"instock","12":"taxable","13":"shipping-taxable","14":"purchasable","15":"product-type-simple"},"jetpack_sharing_enabled":true,"_links":{"self":[{"href":"https:\/\/www.3p-gmbh.de\/fr\/wp-json\/wp\/v2\/product\/90556","targetHints":{"allow":["GET"]}}],"collection":[{"href":"https:\/\/www.3p-gmbh.de\/fr\/wp-json\/wp\/v2\/product"}],"about":[{"href":"https:\/\/www.3p-gmbh.de\/fr\/wp-json\/wp\/v2\/types\/product"}],"wp:featuredmedia":[{"embeddable":true,"href":"https:\/\/www.3p-gmbh.de\/fr\/wp-json\/wp\/v2\/media\/57861"}],"wp:attachment":[{"href":"https:\/\/www.3p-gmbh.de\/fr\/wp-json\/wp\/v2\/media?parent=90556"}],"wp:term":[{"taxonomy":"product_brand","embeddable":true,"href":"https:\/\/www.3p-gmbh.de\/fr\/wp-json\/wp\/v2\/product_brand?post=90556"},{"taxonomy":"product_cat","embeddable":true,"href":"https:\/\/www.3p-gmbh.de\/fr\/wp-json\/wp\/v2\/product_cat?post=90556"},{"taxonomy":"product_tag","embeddable":true,"href":"https:\/\/www.3p-gmbh.de\/fr\/wp-json\/wp\/v2\/product_tag?post=90556"}],"curies":[{"name":"wp","href":"https:\/\/api.w.org\/{rel}","templated":true}]}}