{"id":90550,"date":"2019-11-04T14:27:03","date_gmt":"2019-11-04T14:27:03","guid":{"rendered":"https:\/\/www.3p-gmbh.de\/produkt\/dueperthal-armoire-de-securite-armoire-coupe-feu-armoire-de-laboratoire\/"},"modified":"2019-11-04T14:27:03","modified_gmt":"2019-11-04T14:27:03","slug":"duperthal-armoire-de-securite-armoire-coupe-feu-armoire-de-laboratoire","status":"publish","type":"product","link":"https:\/\/www.3p-gmbh.de\/fr\/produkt\/duperthal-armoire-de-securite-armoire-coupe-feu-armoire-de-laboratoire\/","title":{"rendered":"D\u00fcperthal Armoire de s\u00e9curit\u00e9 \/ Armoire coupe-feu \/ Armoire de laboratoire"},"content":{"rendered":"<p>pour le stockage de liquides inflammables<\/p>\n<p>Autoris\u00e9 pour le stockage de liquides inflammables sur le lieu de travail<br \/>\nConstruction globale test\u00e9e et approuv\u00e9e par un institut de contr\u00f4le des mat\u00e9riaux reconnu selon EN 14470-1 (type 90) avec une r\u00e9sistance au feu de &gt; 90 minutes<\/p>\n<p>&#8211; Corps ext\u00e9rieur en t\u00f4le d&rsquo;acier<br \/>\n&#8211; 2 portes battantes<br \/>\n&#8211; Corps int\u00e9rieur en panneaux rev\u00eatus HPL &#8211; RAL 7035<br \/>\n&#8211; Barre de finition au sol en acier inoxydable &#8211; Niro losange<br \/>\n&#8211; 2 \u00e9tag\u00e8res r\u00e9glables en hauteur par crans<br \/>\n&#8211; portes verrouillables par serrure cylindrique<\/p>\n","protected":false},"excerpt":{"rendered":"<p>pour le stockage de liquides inflammables Autoris\u00e9 pour le stockage de liquides inflammables sur le lieu de travail Construction globale test\u00e9e et approuv\u00e9e par un institut de contr\u00f4le des mat\u00e9riaux reconnu selon EN 14470-1 (type 90) avec une r\u00e9sistance au feu de &gt; 90 minutes &#8211; Corps ext\u00e9rieur en t\u00f4le d&rsquo;acier &#8211; 2 portes battantes [&hellip;]<\/p>\n","protected":false},"featured_media":57848,"template":"","meta":[],"product_brand":[],"product_cat":[2920],"product_tag":[],"class_list":{"0":"post-90550","1":"product","2":"type-product","3":"status-publish","4":"has-post-thumbnail","6":"product_cat-technique-de-stockage","7":"pa_hersteller-dueperthal","9":"first","10":"instock","11":"taxable","12":"shipping-taxable","13":"purchasable","14":"product-type-simple"},"jetpack_sharing_enabled":true,"_links":{"self":[{"href":"https:\/\/www.3p-gmbh.de\/fr\/wp-json\/wp\/v2\/product\/90550","targetHints":{"allow":["GET"]}}],"collection":[{"href":"https:\/\/www.3p-gmbh.de\/fr\/wp-json\/wp\/v2\/product"}],"about":[{"href":"https:\/\/www.3p-gmbh.de\/fr\/wp-json\/wp\/v2\/types\/product"}],"wp:featuredmedia":[{"embeddable":true,"href":"https:\/\/www.3p-gmbh.de\/fr\/wp-json\/wp\/v2\/media\/57848"}],"wp:attachment":[{"href":"https:\/\/www.3p-gmbh.de\/fr\/wp-json\/wp\/v2\/media?parent=90550"}],"wp:term":[{"taxonomy":"product_brand","embeddable":true,"href":"https:\/\/www.3p-gmbh.de\/fr\/wp-json\/wp\/v2\/product_brand?post=90550"},{"taxonomy":"product_cat","embeddable":true,"href":"https:\/\/www.3p-gmbh.de\/fr\/wp-json\/wp\/v2\/product_cat?post=90550"},{"taxonomy":"product_tag","embeddable":true,"href":"https:\/\/www.3p-gmbh.de\/fr\/wp-json\/wp\/v2\/product_tag?post=90550"}],"curies":[{"name":"wp","href":"https:\/\/api.w.org\/{rel}","templated":true}]}}