{"id":90538,"date":"2019-11-04T16:57:38","date_gmt":"2019-11-04T16:57:38","guid":{"rendered":"https:\/\/www.3p-gmbh.de\/produkt\/eurofold-245-235-2x2-plieuse-de-poches-avec-sortie-motorisee-longue\/"},"modified":"2019-11-04T16:57:38","modified_gmt":"2019-11-04T16:57:38","slug":"2-x-2-pochette-plieuse-eurofold-245-235-sortie-longue-motorisee","status":"publish","type":"product","link":"https:\/\/www.3p-gmbh.de\/fr\/produkt\/2-x-2-pochette-plieuse-eurofold-245-235-sortie-longue-motorisee\/","title":{"rendered":"Eurofold 245-235 2&#215;2 Plieuse de poches avec sortie motoris\u00e9e longue"},"content":{"rendered":"<p>Machine compos\u00e9e de :<\/p>\n<p>-aspirateur sous plancher avec air aspir\u00e9\/souffl\u00e9<br \/>\n-regregat de pliage 245 avec 2 poches de pliage 65cm<br \/>\n-compteur \u00e0 pr\u00e9s\u00e9lection<br \/>\n-exposition de la cabane<br \/>\n-pompe \u00e0 vide<\/p>\n<p>Format du papier : 90 x 120 mm (min.)<br \/>\nFormat du papier : 50 x 650 mm (A2)<br \/>\nGrammage : 40 &#8211; 240 g\/m<br \/>\nVitesse : jusqu&rsquo;\u00e0 30.000 feuilles\/heure<br \/>\nLongueur du pli : 20 mm (min.)<br \/>\nLongueur de pliage : 425 mm (max.)<br \/>\nRaccordement 220 \/ 240V Fr\u00e9quence : 50HZ<br \/>\nProtection par fusible : max. 16 amp.<\/p>\n","protected":false},"excerpt":{"rendered":"<p>Machine compos\u00e9e de : -aspirateur sous plancher avec air aspir\u00e9\/souffl\u00e9 -regregat de pliage 245 avec 2 poches de pliage 65cm -compteur \u00e0 pr\u00e9s\u00e9lection -exposition de la cabane -pompe \u00e0 vide Format du papier : 90 x 120 mm (min.) Format du papier : 50 x 650 mm (A2) Grammage : 40 &#8211; 240 g\/m Vitesse [&hellip;]<\/p>\n","protected":false},"featured_media":57899,"template":"","meta":[],"product_brand":[],"product_cat":[2984],"product_tag":[],"class_list":{"0":"post-90538","1":"product","2":"type-product","3":"status-publish","4":"has-post-thumbnail","6":"product_cat-plieuses-fr","7":"pa_hersteller-eurofold","8":"pa_typ-245-235","10":"first","11":"instock","12":"taxable","13":"shipping-taxable","14":"purchasable","15":"product-type-simple"},"jetpack_sharing_enabled":true,"_links":{"self":[{"href":"https:\/\/www.3p-gmbh.de\/fr\/wp-json\/wp\/v2\/product\/90538","targetHints":{"allow":["GET"]}}],"collection":[{"href":"https:\/\/www.3p-gmbh.de\/fr\/wp-json\/wp\/v2\/product"}],"about":[{"href":"https:\/\/www.3p-gmbh.de\/fr\/wp-json\/wp\/v2\/types\/product"}],"wp:featuredmedia":[{"embeddable":true,"href":"https:\/\/www.3p-gmbh.de\/fr\/wp-json\/wp\/v2\/media\/57899"}],"wp:attachment":[{"href":"https:\/\/www.3p-gmbh.de\/fr\/wp-json\/wp\/v2\/media?parent=90538"}],"wp:term":[{"taxonomy":"product_brand","embeddable":true,"href":"https:\/\/www.3p-gmbh.de\/fr\/wp-json\/wp\/v2\/product_brand?post=90538"},{"taxonomy":"product_cat","embeddable":true,"href":"https:\/\/www.3p-gmbh.de\/fr\/wp-json\/wp\/v2\/product_cat?post=90538"},{"taxonomy":"product_tag","embeddable":true,"href":"https:\/\/www.3p-gmbh.de\/fr\/wp-json\/wp\/v2\/product_tag?post=90538"}],"curies":[{"name":"wp","href":"https:\/\/api.w.org\/{rel}","templated":true}]}}