{"id":90525,"date":"2019-11-04T15:56:41","date_gmt":"2019-11-04T15:56:41","guid":{"rendered":"https:\/\/www.3p-gmbh.de\/produkt\/hhs-c-220-systeme-dencollage-a-froid\/"},"modified":"2019-11-04T15:56:41","modified_gmt":"2019-11-04T15:56:41","slug":"hhs-c-220-systeme-dencollage-a-froid","status":"publish","type":"product","link":"https:\/\/www.3p-gmbh.de\/fr\/produkt\/hhs-c-220-systeme-dencollage-a-froid\/","title":{"rendered":"HHS C 220 Syst\u00e8me d&rsquo;encollage \u00e0 froid"},"content":{"rendered":"<div><span style=\"font-family: @Arial Unicode MS;\">Installation de collage \u00e0 froid compos\u00e9e :  <\/span><\/div>\n<ul>\n<li><span style=\"font-family: @Arial Unicode MS;\">HHS C-220 Contr\u00f4leur 2 canaux<\/span><\/li>\n<li><span style=\"font-family: @Arial Unicode MS;\">Encodeur rotatif<\/span><\/li>\n<li><span style=\"font-family: @Arial Unicode MS;\">Capteur<\/span><\/li>\n<li><span style=\"font-family: @Arial Unicode MS;\">large buse \u00e0 colle froide (sortie d&rsquo;environ 30 mm)<\/span><\/li>\n<li><span style=\"font-family: @Arial Unicode MS;\">R\u00e9cipient sous pression<\/span><\/li>\n<\/ul>\n","protected":false},"excerpt":{"rendered":"<p>Installation de collage \u00e0 froid compos\u00e9e : HHS C-220 Contr\u00f4leur 2 canaux Encodeur rotatif Capteur large buse \u00e0 colle froide (sortie d&rsquo;environ 30 mm) R\u00e9cipient sous pression<\/p>\n","protected":false},"featured_media":57885,"template":"","meta":[],"product_brand":[],"product_cat":[2866],"product_tag":[],"class_list":{"0":"post-90525","1":"product","2":"type-product","3":"status-publish","4":"has-post-thumbnail","6":"product_cat-autre-traitement-ulterieur","7":"pa_hersteller-hhs","8":"pa_typ-c-220","10":"first","11":"instock","12":"taxable","13":"shipping-taxable","14":"purchasable","15":"product-type-simple"},"jetpack_sharing_enabled":true,"_links":{"self":[{"href":"https:\/\/www.3p-gmbh.de\/fr\/wp-json\/wp\/v2\/product\/90525","targetHints":{"allow":["GET"]}}],"collection":[{"href":"https:\/\/www.3p-gmbh.de\/fr\/wp-json\/wp\/v2\/product"}],"about":[{"href":"https:\/\/www.3p-gmbh.de\/fr\/wp-json\/wp\/v2\/types\/product"}],"wp:featuredmedia":[{"embeddable":true,"href":"https:\/\/www.3p-gmbh.de\/fr\/wp-json\/wp\/v2\/media\/57885"}],"wp:attachment":[{"href":"https:\/\/www.3p-gmbh.de\/fr\/wp-json\/wp\/v2\/media?parent=90525"}],"wp:term":[{"taxonomy":"product_brand","embeddable":true,"href":"https:\/\/www.3p-gmbh.de\/fr\/wp-json\/wp\/v2\/product_brand?post=90525"},{"taxonomy":"product_cat","embeddable":true,"href":"https:\/\/www.3p-gmbh.de\/fr\/wp-json\/wp\/v2\/product_cat?post=90525"},{"taxonomy":"product_tag","embeddable":true,"href":"https:\/\/www.3p-gmbh.de\/fr\/wp-json\/wp\/v2\/product_tag?post=90525"}],"curies":[{"name":"wp","href":"https:\/\/api.w.org\/{rel}","templated":true}]}}