{"id":90513,"date":"2019-11-05T10:02:33","date_gmt":"2019-11-05T10:02:33","guid":{"rendered":"https:\/\/www.3p-gmbh.de\/produkt\/planax-copy-binder-2-appareil-de-pliage\/"},"modified":"2019-11-05T10:02:33","modified_gmt":"2019-11-05T10:02:33","slug":"planax-copy-binder-2-faelzelgeraet-appareil-a-relier","status":"publish","type":"product","link":"https:\/\/www.3p-gmbh.de\/fr\/produkt\/planax-copy-binder-2-faelzelgeraet-appareil-a-relier\/","title":{"rendered":"Planax Copy Binder 2 appareil de pliage"},"content":{"rendered":"<ul>\n<li>Design compact et facilit\u00e9 d&rsquo;utilisation<\/li>\n<li>Reliure de 5 \u00e0 330 feuilles (sans couverture ni dos)<\/li>\n<li>traitement rapide, pr\u00e9cis et propre<\/li>\n<li>Un dos de livre pr\u00e9cis pour un aspect professionnel<\/li>\n<li>comportement optimal \u00e0 l&rsquo;ouverture pour un confort de lecture agr\u00e9able<\/li>\n<li>grande durabilit\u00e9 et r\u00e9sistance de la fixation<\/li>\n<\/ul>\n","protected":false},"excerpt":{"rendered":"<p>Design compact et facilit\u00e9 d&rsquo;utilisation Reliure de 5 \u00e0 330 feuilles (sans couverture ni dos) traitement rapide, pr\u00e9cis et propre Un dos de livre pr\u00e9cis pour un aspect professionnel comportement optimal \u00e0 l&rsquo;ouverture pour un confort de lecture agr\u00e9able grande durabilit\u00e9 et r\u00e9sistance de la fixation<\/p>\n","protected":false},"featured_media":57931,"template":"","meta":[],"product_brand":[],"product_cat":[2890],"product_tag":[],"class_list":{"0":"post-90513","1":"product","2":"type-product","3":"status-publish","4":"has-post-thumbnail","6":"product_cat-reliure-dassortiment","7":"pa_hersteller-planax","8":"pa_typ-copy-binder-2","10":"first","11":"instock","12":"taxable","13":"shipping-taxable","14":"purchasable","15":"product-type-simple"},"jetpack_sharing_enabled":true,"_links":{"self":[{"href":"https:\/\/www.3p-gmbh.de\/fr\/wp-json\/wp\/v2\/product\/90513","targetHints":{"allow":["GET"]}}],"collection":[{"href":"https:\/\/www.3p-gmbh.de\/fr\/wp-json\/wp\/v2\/product"}],"about":[{"href":"https:\/\/www.3p-gmbh.de\/fr\/wp-json\/wp\/v2\/types\/product"}],"wp:featuredmedia":[{"embeddable":true,"href":"https:\/\/www.3p-gmbh.de\/fr\/wp-json\/wp\/v2\/media\/57931"}],"wp:attachment":[{"href":"https:\/\/www.3p-gmbh.de\/fr\/wp-json\/wp\/v2\/media?parent=90513"}],"wp:term":[{"taxonomy":"product_brand","embeddable":true,"href":"https:\/\/www.3p-gmbh.de\/fr\/wp-json\/wp\/v2\/product_brand?post=90513"},{"taxonomy":"product_cat","embeddable":true,"href":"https:\/\/www.3p-gmbh.de\/fr\/wp-json\/wp\/v2\/product_cat?post=90513"},{"taxonomy":"product_tag","embeddable":true,"href":"https:\/\/www.3p-gmbh.de\/fr\/wp-json\/wp\/v2\/product_tag?post=90513"}],"curies":[{"name":"wp","href":"https:\/\/api.w.org\/{rel}","templated":true}]}}