{"id":90510,"date":"2019-11-05T09:45:38","date_gmt":"2019-11-05T09:45:38","guid":{"rendered":"https:\/\/www.3p-gmbh.de\/produkt\/plieuse-automatique-matador-pneumatic-600\/"},"modified":"2019-11-05T09:45:38","modified_gmt":"2019-11-05T09:45:38","slug":"matador-pneumatic-600-faelzelautomat","status":"publish","type":"product","link":"https:\/\/www.3p-gmbh.de\/fr\/produkt\/matador-pneumatic-600-faelzelautomat\/","title":{"rendered":"Plieuse automatique Matador Pneumatic 600"},"content":{"rendered":"<p>L&rsquo;automate F\u00c4LZEL avec d\u00e9roulement de fonction \u00e9lectronique-pneumatique<\/p>\n<p>\u00e9quip\u00e9 d&rsquo;un d\u00e9rouleur de bande pour les bandes autocollantes faciles \u00e0 d\u00e9rouler<br \/>\nid\u00e9al pour les grands sous-mains<\/p>\n<p>avec appareil suppl\u00e9mentaire Thermopli<br \/>\npour l&rsquo;utilisation de rubans adh\u00e9sifs thermofusibles Thermofan et Thermolin<br \/>\nLa temp\u00e9rature est r\u00e9gl\u00e9e par un thermostat int\u00e9gr\u00e9.<br \/>\nTemps de chauffe : 3 &#8211; 4 minutes.<\/p>\n<p>La solution pour tous les travaux de pliage de brochures, de calendriers et de blocs agraf\u00e9s ou coll\u00e9s.<\/p>\n<p>Plus petite largeur de dos de bloc 0,5 mm<br \/>\nLargeur maximale du dos du bloc 20 mm<br \/>\nLongueur maximale du bloc 600 mm<br \/>\nPlus petite largeur de bande 15 mm<br \/>\nLargeur de bande la plus large : 50 mm<\/p>\n<p>Pliage absolument droit de la bande de pliage.<br \/>\nSection de bande de pliage affleurante.<br \/>\nIl n&rsquo;est plus n\u00e9cessaire de recouper.<br \/>\nautomatique, rapide, fiable.<\/p>\n<p>Dimensions :<br \/>\nlongueur 1900 mm<br \/>\nhauteur 1150 mm<br \/>\nprofondeur 730 mm<br \/>\nhauteur de la table 850 mm<\/p>\n<p>Les processus de fonctionnement de l&rsquo;automate de pliage Matador Pneumatic 600 sont actionn\u00e9s pneumatiquement &#8211; pression de service 6 bars.<br \/>\nIns\u00e9rer les blocs manuellement.<br \/>\nLe traitement-guidage de la bande et la section exacte, command\u00e9e par des capteurs, sont enti\u00e8rement automatiques.<br \/>\nRetirer manuellement le bloc falsifi\u00e9.<br \/>\nRaccordement de l&rsquo;air comprim\u00e9 \u00e0 une alimentation centrale ou par un compresseur suppl\u00e9mentaire.<br \/>\nLa commande se fait \u00e9lectroniquement par circuit central.<br \/>\nValeur de raccordement 220 volts.<\/p>\n","protected":false},"excerpt":{"rendered":"<p>L&rsquo;automate F\u00c4LZEL avec d\u00e9roulement de fonction \u00e9lectronique-pneumatique \u00e9quip\u00e9 d&rsquo;un d\u00e9rouleur de bande pour les bandes autocollantes faciles \u00e0 d\u00e9rouler id\u00e9al pour les grands sous-mains avec appareil suppl\u00e9mentaire Thermopli pour l&rsquo;utilisation de rubans adh\u00e9sifs thermofusibles Thermofan et Thermolin La temp\u00e9rature est r\u00e9gl\u00e9e par un thermostat int\u00e9gr\u00e9. Temps de chauffe : 3 &#8211; 4 minutes. La solution [&hellip;]<\/p>\n","protected":false},"featured_media":57927,"template":"","meta":[],"product_brand":[],"product_cat":[2890],"product_tag":[],"class_list":{"0":"post-90510","1":"product","2":"type-product","3":"status-publish","4":"has-post-thumbnail","6":"product_cat-reliure-dassortiment","7":"pa_hersteller-matador","8":"pa_typ-pneumatic-600","10":"first","11":"instock","12":"taxable","13":"shipping-taxable","14":"purchasable","15":"product-type-simple"},"jetpack_sharing_enabled":true,"_links":{"self":[{"href":"https:\/\/www.3p-gmbh.de\/fr\/wp-json\/wp\/v2\/product\/90510","targetHints":{"allow":["GET"]}}],"collection":[{"href":"https:\/\/www.3p-gmbh.de\/fr\/wp-json\/wp\/v2\/product"}],"about":[{"href":"https:\/\/www.3p-gmbh.de\/fr\/wp-json\/wp\/v2\/types\/product"}],"wp:featuredmedia":[{"embeddable":true,"href":"https:\/\/www.3p-gmbh.de\/fr\/wp-json\/wp\/v2\/media\/57927"}],"wp:attachment":[{"href":"https:\/\/www.3p-gmbh.de\/fr\/wp-json\/wp\/v2\/media?parent=90510"}],"wp:term":[{"taxonomy":"product_brand","embeddable":true,"href":"https:\/\/www.3p-gmbh.de\/fr\/wp-json\/wp\/v2\/product_brand?post=90510"},{"taxonomy":"product_cat","embeddable":true,"href":"https:\/\/www.3p-gmbh.de\/fr\/wp-json\/wp\/v2\/product_cat?post=90510"},{"taxonomy":"product_tag","embeddable":true,"href":"https:\/\/www.3p-gmbh.de\/fr\/wp-json\/wp\/v2\/product_tag?post=90510"}],"curies":[{"name":"wp","href":"https:\/\/api.w.org\/{rel}","templated":true}]}}