{"id":90503,"date":"2019-11-05T09:26:04","date_gmt":"2019-11-05T09:26:04","guid":{"rendered":"https:\/\/www.3p-gmbh.de\/produkt\/matator-42-plieuse-parfaite-elektromatic-avec-derouleur-de-bande\/"},"modified":"2019-11-05T09:26:04","modified_gmt":"2019-11-05T09:26:04","slug":"faelzelgeraet-matador-42-perfekt-elektromatic-avec-derouleur-de-bande","status":"publish","type":"product","link":"https:\/\/www.3p-gmbh.de\/fr\/produkt\/faelzelgeraet-matador-42-perfekt-elektromatic-avec-derouleur-de-bande\/","title":{"rendered":"Matator 42 Plieuse parfaite Elektromatic avec d\u00e9rouleur de bande"},"content":{"rendered":"<p>offre de nombreuses possibilit\u00e9s de pliage :<\/p>\n<p>Plus petite largeur de dos de bloc 2,5 mm<br \/>\nLargeur maximale du dos du bloc 25 mm<br \/>\nLongueur maximale du bloc 420 mm<br \/>\nPlus petite largeur de bande 15 mm<br \/>\nLargeur de bande la plus large : 50 mm<\/p>\n<ul>\n<li>enveloppe de la bande de pliage r\u00e9glable<\/li>\n<li>guidage absolument rectiligne de la bande de chantournage<\/li>\n<li>le rabattage arri\u00e8re de la bande de pliage est r\u00e9glable avec pr\u00e9cision sur une \u00e9chelle gradu\u00e9e<\/li>\n<li>section de bande de chant affleurante<\/li>\n<li>Plus besoin de recouper<\/li>\n<li>pour des performances particuli\u00e8rement \u00e9lev\u00e9es<\/li>\n<li>Section et serrage par \u00e9lectro-aimant<\/li>\n<li>Section de ruban de chanvre au centi\u00e8me pr\u00e8s en touchant l\u00e9g\u00e8rement le bloc du microrupteur<\/li>\n<li>l&rsquo;appareil de pliage avec dispositif de coupe enti\u00e8rement automatique<\/li>\n<\/ul>\n","protected":false},"excerpt":{"rendered":"<p>offre de nombreuses possibilit\u00e9s de pliage : Plus petite largeur de dos de bloc 2,5 mm Largeur maximale du dos du bloc 25 mm Longueur maximale du bloc 420 mm Plus petite largeur de bande 15 mm Largeur de bande la plus large : 50 mm enveloppe de la bande de pliage r\u00e9glable guidage absolument [&hellip;]<\/p>\n","protected":false},"featured_media":57926,"template":"","meta":[],"product_brand":[],"product_cat":[2890],"product_tag":[],"class_list":{"0":"post-90503","1":"product","2":"type-product","3":"status-publish","4":"has-post-thumbnail","6":"product_cat-reliure-dassortiment","7":"pa_hersteller-matador","9":"first","10":"instock","11":"taxable","12":"shipping-taxable","13":"purchasable","14":"product-type-simple"},"jetpack_sharing_enabled":true,"_links":{"self":[{"href":"https:\/\/www.3p-gmbh.de\/fr\/wp-json\/wp\/v2\/product\/90503","targetHints":{"allow":["GET"]}}],"collection":[{"href":"https:\/\/www.3p-gmbh.de\/fr\/wp-json\/wp\/v2\/product"}],"about":[{"href":"https:\/\/www.3p-gmbh.de\/fr\/wp-json\/wp\/v2\/types\/product"}],"wp:featuredmedia":[{"embeddable":true,"href":"https:\/\/www.3p-gmbh.de\/fr\/wp-json\/wp\/v2\/media\/57926"}],"wp:attachment":[{"href":"https:\/\/www.3p-gmbh.de\/fr\/wp-json\/wp\/v2\/media?parent=90503"}],"wp:term":[{"taxonomy":"product_brand","embeddable":true,"href":"https:\/\/www.3p-gmbh.de\/fr\/wp-json\/wp\/v2\/product_brand?post=90503"},{"taxonomy":"product_cat","embeddable":true,"href":"https:\/\/www.3p-gmbh.de\/fr\/wp-json\/wp\/v2\/product_cat?post=90503"},{"taxonomy":"product_tag","embeddable":true,"href":"https:\/\/www.3p-gmbh.de\/fr\/wp-json\/wp\/v2\/product_tag?post=90503"}],"curies":[{"name":"wp","href":"https:\/\/api.w.org\/{rel}","templated":true}]}}