{"id":90502,"date":"2019-11-05T10:39:20","date_gmt":"2019-11-05T10:39:20","guid":{"rendered":"https:\/\/www.3p-gmbh.de\/produkt\/agrafeuse-a-fil-hohner-economy-25-40-a-une-tete\/"},"modified":"2019-11-05T10:39:20","modified_gmt":"2019-11-05T10:39:20","slug":"hohner-economy-25-40-aiguilleteuse-a-fil-a-une-tete","status":"publish","type":"product","link":"https:\/\/www.3p-gmbh.de\/fr\/produkt\/hohner-economy-25-40-aiguilleteuse-a-fil-a-une-tete\/","title":{"rendered":"Agrafeuse \u00e0 fil Hohner Economy 25\/40 \u00e0 une t\u00eate"},"content":{"rendered":"<p>pour blocs et brochures avec agrafage normal ou \u00e0 anneaux (en option, non fourni)<\/p>\n<p>-Construction solide avec une grande stabilit\u00e9 pour un agrafage propre<br \/>\n-Table r\u00e9glable par poign\u00e9e : droite pour les blocs, inclin\u00e9e pour les brochures<br \/>\n-D\u00e9clenchement par p\u00e9dale, les deux mains libres pour l&rsquo;application<br \/>\n-longueur du dos de l&rsquo;agrafe 14mm<br \/>\n-Entonnoir \u00e0 rouleaux et \u00e0 fil tubulaire pour des r\u00e9sultats d&rsquo;agrafage fiables, m\u00eame avec des \u00e9paisseurs d&rsquo;agrafes importantes<br \/>\n-\u00e9paisseur d&rsquo;agrafage : 2 feuilles &#8211; 25 mm avec agrafe rabattue, jusqu&rsquo;\u00e0 40 mm perfor\u00e9e des deux c\u00f4t\u00e9s<br \/>\n-convient pour le fil d&rsquo;agrafage n\u00b0 21-30<br \/>\n-capacit\u00e9 d&rsquo;agrafage maximale : 206 agrafes \/ min.<br \/>\n-Dimensions de la table : 700 x 240 mm<\/p>\n","protected":false},"excerpt":{"rendered":"<p>pour blocs et brochures avec agrafage normal ou \u00e0 anneaux (en option, non fourni) -Construction solide avec une grande stabilit\u00e9 pour un agrafage propre -Table r\u00e9glable par poign\u00e9e : droite pour les blocs, inclin\u00e9e pour les brochures -D\u00e9clenchement par p\u00e9dale, les deux mains libres pour l&rsquo;application -longueur du dos de l&rsquo;agrafe 14mm -Entonnoir \u00e0 rouleaux [&hellip;]<\/p>\n","protected":false},"featured_media":57959,"template":"","meta":[],"product_brand":[],"product_cat":[2994],"product_tag":[],"class_list":{"0":"post-90502","1":"product","2":"type-product","3":"status-publish","4":"has-post-thumbnail","6":"product_cat-agrafeuses","7":"pa_hersteller-hohner","8":"pa_typ-economy-25-40","10":"first","11":"instock","12":"taxable","13":"shipping-taxable","14":"purchasable","15":"product-type-simple"},"jetpack_sharing_enabled":true,"_links":{"self":[{"href":"https:\/\/www.3p-gmbh.de\/fr\/wp-json\/wp\/v2\/product\/90502","targetHints":{"allow":["GET"]}}],"collection":[{"href":"https:\/\/www.3p-gmbh.de\/fr\/wp-json\/wp\/v2\/product"}],"about":[{"href":"https:\/\/www.3p-gmbh.de\/fr\/wp-json\/wp\/v2\/types\/product"}],"wp:featuredmedia":[{"embeddable":true,"href":"https:\/\/www.3p-gmbh.de\/fr\/wp-json\/wp\/v2\/media\/57959"}],"wp:attachment":[{"href":"https:\/\/www.3p-gmbh.de\/fr\/wp-json\/wp\/v2\/media?parent=90502"}],"wp:term":[{"taxonomy":"product_brand","embeddable":true,"href":"https:\/\/www.3p-gmbh.de\/fr\/wp-json\/wp\/v2\/product_brand?post=90502"},{"taxonomy":"product_cat","embeddable":true,"href":"https:\/\/www.3p-gmbh.de\/fr\/wp-json\/wp\/v2\/product_cat?post=90502"},{"taxonomy":"product_tag","embeddable":true,"href":"https:\/\/www.3p-gmbh.de\/fr\/wp-json\/wp\/v2\/product_tag?post=90502"}],"curies":[{"name":"wp","href":"https:\/\/api.w.org\/{rel}","templated":true}]}}