{"id":90499,"date":"2019-11-05T10:33:39","date_gmt":"2019-11-05T10:33:39","guid":{"rendered":"https:\/\/www.3p-gmbh.de\/produkt\/hohner-accord-25-40-double-tete-agrafeuse-a-fil-avec-kit-de-transformation-supplementaire-pour-agrafage-a-anneaux\/"},"modified":"2019-11-05T10:33:39","modified_gmt":"2019-11-05T10:33:39","slug":"hohner-accord-25-40-aiguilleteuse-de-fils-de-tetes-doubles-avec-kit-de-transformation-supplementaire-pour-agrafage-de-anneaux","status":"publish","type":"product","link":"https:\/\/www.3p-gmbh.de\/fr\/produkt\/hohner-accord-25-40-aiguilleteuse-de-fils-de-tetes-doubles-avec-kit-de-transformation-supplementaire-pour-agrafage-de-anneaux\/","title":{"rendered":"Hohner Accord 25-40 double t\u00eate &#8211; Agrafeuse \u00e0 fil avec kit de transformation suppl\u00e9mentaire pour agrafage \u00e0 anneaux"},"content":{"rendered":"<p>pour blocs et brochures avec agrafage normal ou \u00e0 anneaux (kit de conversion pour anneaux non fourni)<br \/>\n-Construction solide avec une grande stabilit\u00e9 pour un agrafage propre<br \/>\n-Table r\u00e9glable par poign\u00e9e : droite pour les blocs, inclin\u00e9e pour les brochures<br \/>\n-Entonnoir \u00e0 rouleaux et \u00e0 fil tubulaire pour des r\u00e9sultats d&rsquo;agrafage fiables, m\u00eame avec des \u00e9paisseurs d&rsquo;agrafes importantes<br \/>\n-\u00e9paisseur d&rsquo;agrafage : 2 feuilles &#8211; 13 mm avec agrafe rabattue, jusqu&rsquo;\u00e0 23 mm perfor\u00e9e des deux c\u00f4t\u00e9s<br \/>\n-capacit\u00e9 d&rsquo;agrafage maximale : 206 agrafes \/ min.<\/p>\n","protected":false},"excerpt":{"rendered":"<p>pour blocs et brochures avec agrafage normal ou \u00e0 anneaux (kit de conversion pour anneaux non fourni) -Construction solide avec une grande stabilit\u00e9 pour un agrafage propre -Table r\u00e9glable par poign\u00e9e : droite pour les blocs, inclin\u00e9e pour les brochures -Entonnoir \u00e0 rouleaux et \u00e0 fil tubulaire pour des r\u00e9sultats d&rsquo;agrafage fiables, m\u00eame avec des [&hellip;]<\/p>\n","protected":false},"featured_media":57956,"template":"","meta":[],"product_brand":[],"product_cat":[2994],"product_tag":[],"class_list":{"0":"post-90499","1":"product","2":"type-product","3":"status-publish","4":"has-post-thumbnail","6":"product_cat-agrafeuses","7":"pa_hersteller-hohner","8":"pa_typ-accord-25-40","10":"first","11":"instock","12":"taxable","13":"shipping-taxable","14":"purchasable","15":"product-type-simple"},"jetpack_sharing_enabled":true,"_links":{"self":[{"href":"https:\/\/www.3p-gmbh.de\/fr\/wp-json\/wp\/v2\/product\/90499","targetHints":{"allow":["GET"]}}],"collection":[{"href":"https:\/\/www.3p-gmbh.de\/fr\/wp-json\/wp\/v2\/product"}],"about":[{"href":"https:\/\/www.3p-gmbh.de\/fr\/wp-json\/wp\/v2\/types\/product"}],"wp:featuredmedia":[{"embeddable":true,"href":"https:\/\/www.3p-gmbh.de\/fr\/wp-json\/wp\/v2\/media\/57956"}],"wp:attachment":[{"href":"https:\/\/www.3p-gmbh.de\/fr\/wp-json\/wp\/v2\/media?parent=90499"}],"wp:term":[{"taxonomy":"product_brand","embeddable":true,"href":"https:\/\/www.3p-gmbh.de\/fr\/wp-json\/wp\/v2\/product_brand?post=90499"},{"taxonomy":"product_cat","embeddable":true,"href":"https:\/\/www.3p-gmbh.de\/fr\/wp-json\/wp\/v2\/product_cat?post=90499"},{"taxonomy":"product_tag","embeddable":true,"href":"https:\/\/www.3p-gmbh.de\/fr\/wp-json\/wp\/v2\/product_tag?post=90499"}],"curies":[{"name":"wp","href":"https:\/\/api.w.org\/{rel}","templated":true}]}}