{"id":90489,"date":"2019-11-05T10:48:23","date_gmt":"2019-11-05T10:48:23","guid":{"rendered":"https:\/\/www.3p-gmbh.de\/produkt\/heidelberg-gt-a3-automate-a-creuser-pour-le-poinconnage\/"},"modified":"2019-11-05T10:48:23","modified_gmt":"2019-11-05T10:48:23","slug":"heidelberg-gt-a3-automate-a-creuser-pour-poinconner","status":"publish","type":"product","link":"https:\/\/www.3p-gmbh.de\/fr\/produkt\/heidelberg-gt-a3-automate-a-creuser-pour-poinconner\/","title":{"rendered":"Heidelberg GT A3 &#8211; Automate \u00e0 creuser pour le poin\u00e7onnage"},"content":{"rendered":"<p>&#8211; sans encrier<br \/>\n&#8211; 2 cadres de fermeture<\/p>\n<p>Donn\u00e9es techniques :<br \/>\nplus grand format de feuille 34 x 46cm<br \/>\nplus petit format de feuille 8,5 x 12 cm<br \/>\nmax. Taille de la feuille 34 x 46 cm<br \/>\nmax. Taille de la d\u00e9coupe 32 x 45 cm<br \/>\nForce de poin\u00e7onnage 60 tonnes<br \/>\nmax. capacit\u00e9 horaire 4000 feuilles<br \/>\npoids environ 2300kg<br \/>\nDimensions 2,08 x 1,48 x 2,10 m<\/p>\n","protected":false},"excerpt":{"rendered":"<p>&#8211; sans encrier &#8211; 2 cadres de fermeture Donn\u00e9es techniques : plus grand format de feuille 34 x 46cm plus petit format de feuille 8,5 x 12 cm max. Taille de la feuille 34 x 46 cm max. Taille de la d\u00e9coupe 32 x 45 cm Force de poin\u00e7onnage 60 tonnes max. capacit\u00e9 horaire 4000 [&hellip;]<\/p>\n","protected":false},"featured_media":57961,"template":"","meta":[],"product_brand":[],"product_cat":[2881],"product_tag":[],"class_list":{"0":"post-90489","1":"product","2":"type-product","3":"status-publish","4":"has-post-thumbnail","6":"product_cat-impression-de-livres","7":"pa_hersteller-heidelberg","8":"pa_typ-oht-gt","10":"first","11":"instock","12":"taxable","13":"shipping-taxable","14":"purchasable","15":"product-type-simple"},"jetpack_sharing_enabled":true,"_links":{"self":[{"href":"https:\/\/www.3p-gmbh.de\/fr\/wp-json\/wp\/v2\/product\/90489","targetHints":{"allow":["GET"]}}],"collection":[{"href":"https:\/\/www.3p-gmbh.de\/fr\/wp-json\/wp\/v2\/product"}],"about":[{"href":"https:\/\/www.3p-gmbh.de\/fr\/wp-json\/wp\/v2\/types\/product"}],"wp:featuredmedia":[{"embeddable":true,"href":"https:\/\/www.3p-gmbh.de\/fr\/wp-json\/wp\/v2\/media\/57961"}],"wp:attachment":[{"href":"https:\/\/www.3p-gmbh.de\/fr\/wp-json\/wp\/v2\/media?parent=90489"}],"wp:term":[{"taxonomy":"product_brand","embeddable":true,"href":"https:\/\/www.3p-gmbh.de\/fr\/wp-json\/wp\/v2\/product_brand?post=90489"},{"taxonomy":"product_cat","embeddable":true,"href":"https:\/\/www.3p-gmbh.de\/fr\/wp-json\/wp\/v2\/product_cat?post=90489"},{"taxonomy":"product_tag","embeddable":true,"href":"https:\/\/www.3p-gmbh.de\/fr\/wp-json\/wp\/v2\/product_tag?post=90489"}],"curies":[{"name":"wp","href":"https:\/\/api.w.org\/{rel}","templated":true}]}}