{"id":90485,"date":"2019-11-05T11:00:19","date_gmt":"2019-11-05T11:00:19","guid":{"rendered":"https:\/\/www.3p-gmbh.de\/produkt\/stamm-pvc-cuve-de-nettoyage-evier-largeur-dinsertion-220-cm\/"},"modified":"2019-11-05T11:00:19","modified_gmt":"2019-11-05T11:00:19","slug":"tronc-pvc-lave-evier-largeur-dinsertion-220-cm","status":"publish","type":"product","link":"https:\/\/www.3p-gmbh.de\/fr\/produkt\/tronc-pvc-lave-evier-largeur-dinsertion-220-cm\/","title":{"rendered":"Stamm PVC Cuve de nettoyage &#8211; \u00e9vier largeur d&rsquo;insertion 220 cm"},"content":{"rendered":"<p>-utilis\u00e9 en plastique PVC r\u00e9sistant aux chocs<br \/>\n-avec robinet, douchette et garniture d&rsquo;\u00e9coulement<br \/>\n-deux supports de rouleaux<\/p>\n<p>Largeur d&rsquo;insertion 220 cm<\/p>\n","protected":false},"excerpt":{"rendered":"<p>-utilis\u00e9 en plastique PVC r\u00e9sistant aux chocs -avec robinet, douchette et garniture d&rsquo;\u00e9coulement -deux supports de rouleaux Largeur d&rsquo;insertion 220 cm<\/p>\n","protected":false},"featured_media":57967,"template":"","meta":[],"product_brand":[],"product_cat":[2902],"product_tag":[],"class_list":{"0":"post-90485","1":"product","2":"type-product","3":"status-publish","4":"has-post-thumbnail","6":"product_cat-accessoires-et-pieces-de-rechange-pour-machines-dimpression","7":"pa_hersteller-herbert-stamm","9":"first","10":"instock","11":"taxable","12":"shipping-taxable","13":"purchasable","14":"product-type-simple"},"jetpack_sharing_enabled":true,"_links":{"self":[{"href":"https:\/\/www.3p-gmbh.de\/fr\/wp-json\/wp\/v2\/product\/90485","targetHints":{"allow":["GET"]}}],"collection":[{"href":"https:\/\/www.3p-gmbh.de\/fr\/wp-json\/wp\/v2\/product"}],"about":[{"href":"https:\/\/www.3p-gmbh.de\/fr\/wp-json\/wp\/v2\/types\/product"}],"wp:featuredmedia":[{"embeddable":true,"href":"https:\/\/www.3p-gmbh.de\/fr\/wp-json\/wp\/v2\/media\/57967"}],"wp:attachment":[{"href":"https:\/\/www.3p-gmbh.de\/fr\/wp-json\/wp\/v2\/media?parent=90485"}],"wp:term":[{"taxonomy":"product_brand","embeddable":true,"href":"https:\/\/www.3p-gmbh.de\/fr\/wp-json\/wp\/v2\/product_brand?post=90485"},{"taxonomy":"product_cat","embeddable":true,"href":"https:\/\/www.3p-gmbh.de\/fr\/wp-json\/wp\/v2\/product_cat?post=90485"},{"taxonomy":"product_tag","embeddable":true,"href":"https:\/\/www.3p-gmbh.de\/fr\/wp-json\/wp\/v2\/product_tag?post=90485"}],"curies":[{"name":"wp","href":"https:\/\/api.w.org\/{rel}","templated":true}]}}