{"id":90483,"date":"2019-11-05T11:26:18","date_gmt":"2019-11-05T11:26:18","guid":{"rendered":"https:\/\/www.3p-gmbh.de\/produkt\/schneider-enginneering-empileur-transomat-modele-1058\/"},"modified":"2019-11-05T11:26:18","modified_gmt":"2019-11-05T11:26:18","slug":"schneider-enginneering-empileur-transomat-modele-1058","status":"publish","type":"product","link":"https:\/\/www.3p-gmbh.de\/fr\/produkt\/schneider-enginneering-empileur-transomat-modele-1058\/","title":{"rendered":"Schneider Enginneering Empileur (Transomat) mod\u00e8le 1058"},"content":{"rendered":"<p>debout \u00e0 gauche<\/p>\n<p>Comme alternative \u00e0 l&rsquo;\u00e9l\u00e9vateur de pile pour augmenter les performances, il est possible d&rsquo;utiliser des transomats pour le d\u00e9chargement d&rsquo;une d\u00e9coupeuse rapide.<\/p>\n<p>Celui-ci d\u00e9pose automatiquement les rames divis\u00e9es et non divis\u00e9es sur des palettes, tandis que la d\u00e9coupe se poursuit simultan\u00e9ment.<\/p>\n<p>Cela permet de r\u00e9duire les co\u00fbts de production de 25 \u00e0 70%, selon le programme de d\u00e9coupe.<\/p>\n<p>Le d\u00e9pileur obtient ainsi une grande pr\u00e9cision des bords.<\/p>\n<p>Avantages :<\/p>\n<p>-Augmentation de la productivit\u00e9 : empilage en m\u00eame temps que la d\u00e9coupe<br \/>\n-Am\u00e9lioration de la qualit\u00e9 : les piles dont les bords sont particuli\u00e8rement pr\u00e9cis peuvent \u00eatre trait\u00e9es directement et plus rapidement.<\/p>\n","protected":false},"excerpt":{"rendered":"<p>debout \u00e0 gauche Comme alternative \u00e0 l&rsquo;\u00e9l\u00e9vateur de pile pour augmenter les performances, il est possible d&rsquo;utiliser des transomats pour le d\u00e9chargement d&rsquo;une d\u00e9coupeuse rapide. Celui-ci d\u00e9pose automatiquement les rames divis\u00e9es et non divis\u00e9es sur des palettes, tandis que la d\u00e9coupe se poursuit simultan\u00e9ment. Cela permet de r\u00e9duire les co\u00fbts de production de 25 \u00e0 [&hellip;]<\/p>\n","protected":false},"featured_media":57978,"template":"","meta":[],"product_brand":[],"product_cat":[3016],"product_tag":[],"class_list":{"0":"post-90483","1":"product","2":"type-product","3":"status-publish","4":"has-post-thumbnail","6":"product_cat-machines-de-decoupe","7":"pa_hersteller-schneider-engineering","8":"pa_typ-modell-1058","10":"first","11":"instock","12":"taxable","13":"shipping-taxable","14":"purchasable","15":"product-type-simple"},"jetpack_sharing_enabled":true,"_links":{"self":[{"href":"https:\/\/www.3p-gmbh.de\/fr\/wp-json\/wp\/v2\/product\/90483","targetHints":{"allow":["GET"]}}],"collection":[{"href":"https:\/\/www.3p-gmbh.de\/fr\/wp-json\/wp\/v2\/product"}],"about":[{"href":"https:\/\/www.3p-gmbh.de\/fr\/wp-json\/wp\/v2\/types\/product"}],"wp:featuredmedia":[{"embeddable":true,"href":"https:\/\/www.3p-gmbh.de\/fr\/wp-json\/wp\/v2\/media\/57978"}],"wp:attachment":[{"href":"https:\/\/www.3p-gmbh.de\/fr\/wp-json\/wp\/v2\/media?parent=90483"}],"wp:term":[{"taxonomy":"product_brand","embeddable":true,"href":"https:\/\/www.3p-gmbh.de\/fr\/wp-json\/wp\/v2\/product_brand?post=90483"},{"taxonomy":"product_cat","embeddable":true,"href":"https:\/\/www.3p-gmbh.de\/fr\/wp-json\/wp\/v2\/product_cat?post=90483"},{"taxonomy":"product_tag","embeddable":true,"href":"https:\/\/www.3p-gmbh.de\/fr\/wp-json\/wp\/v2\/product_tag?post=90483"}],"curies":[{"name":"wp","href":"https:\/\/api.w.org\/{rel}","templated":true}]}}