{"id":90473,"date":"2019-11-05T13:28:59","date_gmt":"2019-11-05T13:28:59","guid":{"rendered":"https:\/\/www.3p-gmbh.de\/produkt\/presse-a-livre-semi-automatique-sur-roulettes-zechini-gra-for-special-85\/"},"modified":"2019-11-05T13:28:59","modified_gmt":"2019-11-05T13:28:59","slug":"zechini-gra-for-special-85-presse-livre-semi-automatique-roulante-3","status":"publish","type":"product","link":"https:\/\/www.3p-gmbh.de\/fr\/produkt\/zechini-gra-for-special-85-presse-livre-semi-automatique-roulante-3\/","title":{"rendered":"Presse \u00e0 livre semi-automatique sur roulettes Zechini Gra-for Special 85"},"content":{"rendered":"<p>max. format 38x55cm<br \/>\nmax. hauteur d&rsquo;insertion 44cm<br \/>\nAtelier \u00e9tat r\u00e9vis\u00e9<\/p>\n","protected":false},"excerpt":{"rendered":"<p>max. format 38x55cm max. hauteur d&rsquo;insertion 44cm Atelier \u00e9tat r\u00e9vis\u00e9<\/p>\n","protected":false},"featured_media":57997,"template":"","meta":[],"product_brand":[],"product_cat":[2890],"product_tag":[],"class_list":{"0":"post-90473","1":"product","2":"type-product","3":"status-publish","4":"has-post-thumbnail","6":"product_cat-reliure-dassortiment","7":"pa_hersteller-zechini-gra-for","8":"pa_typ-spezial-85","10":"first","11":"instock","12":"taxable","13":"shipping-taxable","14":"purchasable","15":"product-type-simple"},"jetpack_sharing_enabled":true,"_links":{"self":[{"href":"https:\/\/www.3p-gmbh.de\/fr\/wp-json\/wp\/v2\/product\/90473","targetHints":{"allow":["GET"]}}],"collection":[{"href":"https:\/\/www.3p-gmbh.de\/fr\/wp-json\/wp\/v2\/product"}],"about":[{"href":"https:\/\/www.3p-gmbh.de\/fr\/wp-json\/wp\/v2\/types\/product"}],"wp:featuredmedia":[{"embeddable":true,"href":"https:\/\/www.3p-gmbh.de\/fr\/wp-json\/wp\/v2\/media\/57997"}],"wp:attachment":[{"href":"https:\/\/www.3p-gmbh.de\/fr\/wp-json\/wp\/v2\/media?parent=90473"}],"wp:term":[{"taxonomy":"product_brand","embeddable":true,"href":"https:\/\/www.3p-gmbh.de\/fr\/wp-json\/wp\/v2\/product_brand?post=90473"},{"taxonomy":"product_cat","embeddable":true,"href":"https:\/\/www.3p-gmbh.de\/fr\/wp-json\/wp\/v2\/product_cat?post=90473"},{"taxonomy":"product_tag","embeddable":true,"href":"https:\/\/www.3p-gmbh.de\/fr\/wp-json\/wp\/v2\/product_tag?post=90473"}],"curies":[{"name":"wp","href":"https:\/\/api.w.org\/{rel}","templated":true}]}}