{"id":90472,"date":"2019-11-05T11:36:32","date_gmt":"2019-11-05T11:36:32","guid":{"rendered":"https:\/\/www.3p-gmbh.de\/produkt\/cercleuse-automatique-de-feuillard-exs-108\/"},"modified":"2019-11-05T11:36:32","modified_gmt":"2019-11-05T11:36:32","slug":"cercleuse-automatique-de-feuillard-exs-108","status":"publish","type":"product","link":"https:\/\/www.3p-gmbh.de\/fr\/produkt\/cercleuse-automatique-de-feuillard-exs-108\/","title":{"rendered":"Cercleuse automatique de feuillard EXS-108"},"content":{"rendered":"<p>Cette machine automatique de cerclage de cadres, command\u00e9e par microprocesseur, est tr\u00e8s appr\u00e9ci\u00e9e en raison de sa construction robuste, de sa simplicit\u00e9 d&rsquo;utilisation et de manipulation,<br \/>\nGr\u00e2ce \u00e0 leur puissance et \u00e0 leurs diff\u00e9rentes tailles de cadre, elles sont particuli\u00e8rement adapt\u00e9es \u00e0 une utilisation individuelle lorsque la taille des paquets varie souvent.<\/p>\n<p>Dimensions du cadre : 850 x 600 mm<br \/>\n&#8211; Contr\u00f4l\u00e9 par microprocesseur<br \/>\n&#8211; M\u00e9moire de bande int\u00e9gr\u00e9e<br \/>\n&#8211; Conception \u00e9conome en \u00e9nergie &#8211; le moteur ne fonctionne que pendant les op\u00e9rations de cerclage<br \/>\n&#8211; Logement ext\u00e9rieur de la bobine de bande pour un changement rapide de la bande<br \/>\n&#8211; Machine compacte, utilisation simple<br \/>\n&#8211; le moteur s&rsquo;arr\u00eate automatiquement \u00e0 la fin du processus de cerclage<br \/>\n&#8211; roulettes int\u00e9gr\u00e9es dans le plateau de table<br \/>\n&#8211; D\u00e9marrage de la machine par : rouleau de d\u00e9clenchement dans le plateau de table, bouton de d\u00e9marrage ou p\u00e9dale de commande<br \/>\n&#8211; Machine avec marquage CE<\/p>\n<p>Dimensions :<br \/>\nTaille du cadre 850 x 600 mm<br \/>\nRendement 26 cerclages\/min.<br \/>\nlongueur 1.450 mm<br \/>\nlargeur 650 mm<br \/>\nhauteur 1.500 mm<br \/>\nhauteur de la table 820 mm<br \/>\npoids 230 kg<br \/>\nPrise de noyau 200 mm<br \/>\nr\u00e9glage de la bande 8 \u00e0 15 mm, r\u00e9gl\u00e9 sur 12 mm<br \/>\nrubans PP habituels pour les distributeurs automatiques<br \/>\n\u00e9lectrique. Raccordement 230 V, 50 Hz, 1 Ph+N+PE<\/p>\n","protected":false},"excerpt":{"rendered":"<p>Cette machine automatique de cerclage de cadres, command\u00e9e par microprocesseur, est tr\u00e8s appr\u00e9ci\u00e9e en raison de sa construction robuste, de sa simplicit\u00e9 d&rsquo;utilisation et de manipulation, Gr\u00e2ce \u00e0 leur puissance et \u00e0 leurs diff\u00e9rentes tailles de cadre, elles sont particuli\u00e8rement adapt\u00e9es \u00e0 une utilisation individuelle lorsque la taille des paquets varie souvent. Dimensions du cadre [&hellip;]<\/p>\n","protected":false},"featured_media":57989,"template":"","meta":[],"product_brand":[],"product_cat":[3002],"product_tag":[],"class_list":{"0":"post-90472","1":"product","2":"type-product","3":"status-publish","4":"has-post-thumbnail","6":"product_cat-machines-de-cerclage","7":"pa_typ-exs-108","9":"first","10":"instock","11":"taxable","12":"shipping-taxable","13":"purchasable","14":"product-type-simple"},"jetpack_sharing_enabled":true,"_links":{"self":[{"href":"https:\/\/www.3p-gmbh.de\/fr\/wp-json\/wp\/v2\/product\/90472","targetHints":{"allow":["GET"]}}],"collection":[{"href":"https:\/\/www.3p-gmbh.de\/fr\/wp-json\/wp\/v2\/product"}],"about":[{"href":"https:\/\/www.3p-gmbh.de\/fr\/wp-json\/wp\/v2\/types\/product"}],"wp:featuredmedia":[{"embeddable":true,"href":"https:\/\/www.3p-gmbh.de\/fr\/wp-json\/wp\/v2\/media\/57989"}],"wp:attachment":[{"href":"https:\/\/www.3p-gmbh.de\/fr\/wp-json\/wp\/v2\/media?parent=90472"}],"wp:term":[{"taxonomy":"product_brand","embeddable":true,"href":"https:\/\/www.3p-gmbh.de\/fr\/wp-json\/wp\/v2\/product_brand?post=90472"},{"taxonomy":"product_cat","embeddable":true,"href":"https:\/\/www.3p-gmbh.de\/fr\/wp-json\/wp\/v2\/product_cat?post=90472"},{"taxonomy":"product_tag","embeddable":true,"href":"https:\/\/www.3p-gmbh.de\/fr\/wp-json\/wp\/v2\/product_tag?post=90472"}],"curies":[{"name":"wp","href":"https:\/\/api.w.org\/{rel}","templated":true}]}}