{"id":90454,"date":"2019-11-05T14:24:19","date_gmt":"2019-11-05T14:24:19","guid":{"rendered":"https:\/\/www.3p-gmbh.de\/produkt\/technotrans-4-pompes-a-peinture-pneumatiques-pour-futs-de-200kg\/"},"modified":"2019-11-05T14:24:19","modified_gmt":"2019-11-05T14:24:19","slug":"technotrans-4-pompes-a-peinture-pneumatiques-pour-200kg-pointes","status":"publish","type":"product","link":"https:\/\/www.3p-gmbh.de\/fr\/produkt\/technotrans-4-pompes-a-peinture-pneumatiques-pour-200kg-pointes\/","title":{"rendered":"Technotrans 4 pompes \u00e0 peinture pneumatiques pour f\u00fbts de 200kg"},"content":{"rendered":"<p>Traduction 21:1<br \/>\n8 bar<br \/>\nmax. d\u00e9bit d&rsquo;environ 3,4 kg\/min<\/p>\n<p>La fabrication d&rsquo;une conduite d&rsquo;encre permet d&rsquo;alimenter directement les machines \u00e0 feuilles et \u00e0 rouleaux en encres d&rsquo;imprimerie de moyenne et haute viscosit\u00e9.<\/p>\n","protected":false},"excerpt":{"rendered":"<p>Traduction 21:1 8 bar max. d\u00e9bit d&rsquo;environ 3,4 kg\/min La fabrication d&rsquo;une conduite d&rsquo;encre permet d&rsquo;alimenter directement les machines \u00e0 feuilles et \u00e0 rouleaux en encres d&rsquo;imprimerie de moyenne et haute viscosit\u00e9.<\/p>\n","protected":false},"featured_media":58013,"template":"","meta":[],"product_brand":[],"product_cat":[2902],"product_tag":[],"class_list":{"0":"post-90454","1":"product","2":"type-product","3":"status-publish","4":"has-post-thumbnail","6":"product_cat-accessoires-et-pieces-de-rechange-pour-machines-dimpression","7":"pa_hersteller-technotrans","9":"first","10":"instock","11":"taxable","12":"shipping-taxable","13":"purchasable","14":"product-type-simple"},"jetpack_sharing_enabled":true,"_links":{"self":[{"href":"https:\/\/www.3p-gmbh.de\/fr\/wp-json\/wp\/v2\/product\/90454","targetHints":{"allow":["GET"]}}],"collection":[{"href":"https:\/\/www.3p-gmbh.de\/fr\/wp-json\/wp\/v2\/product"}],"about":[{"href":"https:\/\/www.3p-gmbh.de\/fr\/wp-json\/wp\/v2\/types\/product"}],"wp:featuredmedia":[{"embeddable":true,"href":"https:\/\/www.3p-gmbh.de\/fr\/wp-json\/wp\/v2\/media\/58013"}],"wp:attachment":[{"href":"https:\/\/www.3p-gmbh.de\/fr\/wp-json\/wp\/v2\/media?parent=90454"}],"wp:term":[{"taxonomy":"product_brand","embeddable":true,"href":"https:\/\/www.3p-gmbh.de\/fr\/wp-json\/wp\/v2\/product_brand?post=90454"},{"taxonomy":"product_cat","embeddable":true,"href":"https:\/\/www.3p-gmbh.de\/fr\/wp-json\/wp\/v2\/product_cat?post=90454"},{"taxonomy":"product_tag","embeddable":true,"href":"https:\/\/www.3p-gmbh.de\/fr\/wp-json\/wp\/v2\/product_tag?post=90454"}],"curies":[{"name":"wp","href":"https:\/\/api.w.org\/{rel}","templated":true}]}}