{"id":90452,"date":"2019-11-05T14:17:53","date_gmt":"2019-11-05T14:17:53","guid":{"rendered":"https:\/\/www.3p-gmbh.de\/produkt\/wohlenberg-cut-tec-92-coupeuse-rapide\/"},"modified":"2019-11-05T14:17:53","modified_gmt":"2019-11-05T14:17:53","slug":"wohlenberg-cut-tec-92-coupe-rapide","status":"publish","type":"product","link":"https:\/\/www.3p-gmbh.de\/fr\/produkt\/wohlenberg-cut-tec-92-coupe-rapide\/","title":{"rendered":"Wohlenberg cut-tec 92 Coupeuse rapide"},"content":{"rendered":"<ul>\n<li>largeur d&rsquo;insertion 92cm<\/li>\n<li>Commande par ordinateur avec \u00e9cran couleur<\/li>\n<li>Table \u00e0 air en acier inoxydable &amp; tables lat\u00e9rales \u00e0 air<\/li>\n<li>2 couteaux<\/li>\n<\/ul>\n<p>* Polar * Wohlenberg * Perfecta * Schneider Senator *<\/p>\n<p>&nbsp;<\/p>\n","protected":false},"excerpt":{"rendered":"<p>largeur d&rsquo;insertion 92cm Commande par ordinateur avec \u00e9cran couleur Table \u00e0 air en acier inoxydable &amp; tables lat\u00e9rales \u00e0 air 2 couteaux * Polar * Wohlenberg * Perfecta * Schneider Senator * &nbsp;<\/p>\n","protected":false},"featured_media":60559,"template":"","meta":[],"product_brand":[],"product_cat":[3016],"product_tag":[],"class_list":{"0":"post-90452","1":"product","2":"type-product","3":"status-publish","4":"has-post-thumbnail","6":"product_cat-machines-de-decoupe","7":"pa_hersteller-wohlenberg","8":"pa_typ-cut-tec-92","10":"first","11":"instock","12":"taxable","13":"shipping-taxable","14":"purchasable","15":"product-type-simple"},"jetpack_sharing_enabled":true,"_links":{"self":[{"href":"https:\/\/www.3p-gmbh.de\/fr\/wp-json\/wp\/v2\/product\/90452","targetHints":{"allow":["GET"]}}],"collection":[{"href":"https:\/\/www.3p-gmbh.de\/fr\/wp-json\/wp\/v2\/product"}],"about":[{"href":"https:\/\/www.3p-gmbh.de\/fr\/wp-json\/wp\/v2\/types\/product"}],"wp:featuredmedia":[{"embeddable":true,"href":"https:\/\/www.3p-gmbh.de\/fr\/wp-json\/wp\/v2\/media\/60559"}],"wp:attachment":[{"href":"https:\/\/www.3p-gmbh.de\/fr\/wp-json\/wp\/v2\/media?parent=90452"}],"wp:term":[{"taxonomy":"product_brand","embeddable":true,"href":"https:\/\/www.3p-gmbh.de\/fr\/wp-json\/wp\/v2\/product_brand?post=90452"},{"taxonomy":"product_cat","embeddable":true,"href":"https:\/\/www.3p-gmbh.de\/fr\/wp-json\/wp\/v2\/product_cat?post=90452"},{"taxonomy":"product_tag","embeddable":true,"href":"https:\/\/www.3p-gmbh.de\/fr\/wp-json\/wp\/v2\/product_tag?post=90452"}],"curies":[{"name":"wp","href":"https:\/\/api.w.org\/{rel}","templated":true}]}}